{"id":2325,"date":"2016-07-09T23:49:53","date_gmt":"2016-07-09T23:49:53","guid":{"rendered":"http:\/\/fisicaevestibular.com.br\/novo\/?page_id=2325"},"modified":"2024-08-23T14:39:26","modified_gmt":"2024-08-23T14:39:26","slug":"acustica","status":"publish","type":"page","link":"https:\/\/fisicaevestibular.com.br\/novo\/ondulatoria\/acustica\/","title":{"rendered":"Ac\u00fastica"},"content":{"rendered":"<p><img fetchpriority=\"high\" decoding=\"async\" class=\"aligncenter\" src=\"http:\/\/fisicaevestibular.com.br\/images\/logo_acu.png\" alt=\"\" width=\"579\" height=\"179\" border=\"0\" \/><\/p>\n<p style=\"text-align: center;\">Estudos dos diversos fen\u00f4menos sonoros, dos principais instrumentos sonoros e efeito Doppler.<\/p>\n<h4 style=\"text-align: center;\"><span style=\"font-size: small; color: #000080;\"><a style=\"color: #000080;\" href=\"http:\/\/fisicaevestibular.com.br\/acustica2.htm\">Ondas sonoras<\/a><\/span><\/h4>\n<h4 style=\"text-align: center;\"><span style=\"color: #000080; font-size: small;\"><a style=\"color: #000080;\" href=\"http:\/\/fisicaevestibular.com.br\/acustica8.htm\">Ondas estacion\u00e1rias<\/a><\/span><\/h4>\n<h4 style=\"text-align: center;\"><span style=\"color: #000080;\"><b><span style=\"font-size: small;\"><a style=\"color: #000080;\" href=\"http:\/\/fisicaevestibular.com.br\/acustica3.htm\">Cordas vibrantes<\/a><\/span><\/b><\/span><\/h4>\n<h4 style=\"text-align: center;\"><span style=\"color: #000080; font-size: small;\"><a style=\"color: #000080;\" href=\"http:\/\/fisicaevestibular.com.br\/acustica4.htm\">Qualidades fisiol\u00f3gicas do som<\/a><\/span><\/h4>\n<h4 style=\"text-align: center;\"><span style=\"color: #000080;\"><b><span style=\"font-size: small;\"><a style=\"color: #000080;\" href=\"http:\/\/fisicaevestibular.com.br\/acustica5.htm\">Efeito Doppler<\/a><\/span><\/b><\/span><\/h4>\n<h4 style=\"text-align: center;\"><span style=\"color: #000080; font-size: small;\"><a style=\"color: #000080;\" href=\"http:\/\/fisicaevestibular.com.br\/acustica7.htm\">Tubos sonoros<\/a><\/span><\/h4>\n<h4 style=\"text-align: center;\"><\/h4>\n","protected":false},"excerpt":{"rendered":"<p>Estudos dos diversos fen\u00f4menos sonoros, dos principais instrumentos sonoros e efeito Doppler. Ondas sonoras Ondas estacion\u00e1rias Cordas vibrantes Qualidades fisiol\u00f3gicas do som Efeito Doppler Tubos sonoros<\/p>\n","protected":false},"author":1,"featured_media":0,"parent":120,"menu_order":0,"comment_status":"closed","ping_status":"closed","template":"","meta":{"om_disable_all_campaigns":false,"_monsterinsights_skip_tracking":false,"_monsterinsights_sitenote_active":false,"_monsterinsights_sitenote_note":"","_monsterinsights_sitenote_category":0,"footnotes":""},"class_list":["post-2325","page","type-page","status-publish","hentry"],"aioseo_notices":[],"_links":{"self":[{"href":"https:\/\/fisicaevestibular.com.br\/novo\/wp-json\/wp\/v2\/pages\/2325","targetHints":{"allow":["GET"]}}],"collection":[{"href":"https:\/\/fisicaevestibular.com.br\/novo\/wp-json\/wp\/v2\/pages"}],"about":[{"href":"https:\/\/fisicaevestibular.com.br\/novo\/wp-json\/wp\/v2\/types\/page"}],"author":[{"embeddable":true,"href":"https:\/\/fisicaevestibular.com.br\/novo\/wp-json\/wp\/v2\/users\/1"}],"replies":[{"embeddable":true,"href":"https:\/\/fisicaevestibular.com.br\/novo\/wp-json\/wp\/v2\/comments?post=2325"}],"version-history":[{"count":2,"href":"https:\/\/fisicaevestibular.com.br\/novo\/wp-json\/wp\/v2\/pages\/2325\/revisions"}],"predecessor-version":[{"id":2396,"href":"https:\/\/fisicaevestibular.com.br\/novo\/wp-json\/wp\/v2\/pages\/2325\/revisions\/2396"}],"up":[{"embeddable":true,"href":"https:\/\/fisicaevestibular.com.br\/novo\/wp-json\/wp\/v2\/pages\/120"}],"wp:attachment":[{"href":"https:\/\/fisicaevestibular.com.br\/novo\/wp-json\/wp\/v2\/media?parent=2325"}],"curies":[{"name":"wp","href":"https:\/\/api.w.org\/{rel}","templated":true}]}}