{"id":2137,"date":"2016-04-13T03:35:27","date_gmt":"2016-04-13T03:35:27","guid":{"rendered":"http:\/\/fisicaevestibular.com.br\/novo\/?page_id=2137"},"modified":"2024-09-02T13:39:43","modified_gmt":"2024-09-02T13:39:43","slug":"optica-geometrica","status":"publish","type":"page","link":"https:\/\/fisicaevestibular.com.br\/novo\/optica\/optica-geometrica\/","title":{"rendered":"\u00d3ptica Geom\u00e9trica"},"content":{"rendered":"<p><img fetchpriority=\"high\" decoding=\"async\" class=\"aligncenter\" src=\"http:\/\/fisicaevestibular.com.br\/images\/logo_geo.png\" alt=\"\" width=\"579\" height=\"179\" border=\"0\" \/><\/p>\n<p>Analisa todos os fen\u00f4menos luminosos sob o ponto de vista geom\u00e9trico, espelhos, lentes e os diversos tipos de instrumentos \u00f3pticos.<\/p>\n<p><span style=\"color: #000080;\"><strong><span style=\"font-size: small;\"><a style=\"color: #000080;\" href=\"http:\/\/fisicaevestibular.com.br\/optica1.htm\">Princ\u00edpios da propaga\u00e7\u00e3o da luz<\/a><\/span><\/strong><\/span><\/p>\n<p><span style=\"color: #000080;\"><strong><span style=\"font-size: small;\"><a style=\"color: #000080;\" href=\"http:\/\/fisicaevestibular.com.br\/optica2.htm\">Reflex\u00e3o da luz e espelhos planos<\/a><\/span><\/strong><\/span><\/p>\n<p><span style=\"color: #000080;\"><strong><span style=\"font-size: small;\"><a style=\"color: #000080;\" href=\"http:\/\/fisicaevestibular.com.br\/optica3.htm\">Associa\u00e7\u00e3o de espelhos planos<\/a><\/span><\/strong><\/span><\/p>\n<p><span style=\"color: #000080;\"><strong><span style=\"font-size: small;\"><a style=\"color: #000080;\" href=\"http:\/\/fisicaevestibular.com.br\/optica4.htm\">Espelhos esf\u00e9ricos &#8211; constru\u00e7\u00e3o de imagens<\/a><\/span><\/strong><\/span><\/p>\n<p><span style=\"color: #000080;\"><strong><span style=\"font-size: small;\"><a style=\"color: #000080;\" href=\"http:\/\/fisicaevestibular.com.br\/optica5.htm\">Estudo anal\u00edtico dos espelhos esf\u00e9ricos<\/a><\/span><\/strong><\/span><\/p>\n<p><span style=\"color: #000080;\"><strong><span style=\"font-size: small;\"><a style=\"color: #000080;\" href=\"http:\/\/fisicaevestibular.com.br\/optica6.htm\">Refra\u00e7\u00e3o luminosa &#8211; conceitos e defini\u00e7\u00f5es<\/a><\/span><\/strong><\/span><\/p>\n<p><span style=\"color: #000080;\"><strong><span style=\"font-size: small;\"><a style=\"color: #000080;\" href=\"http:\/\/fisicaevestibular.com.br\/optica7.htm\">Leis da refra\u00e7\u00e3o<\/a><\/span><\/strong><\/span><\/p>\n<p><span style=\"color: #000080;\"><strong><span style=\"font-size: small;\"><a style=\"color: #000080;\" href=\"http:\/\/fisicaevestibular.com.br\/optica8.htm\">Reflex\u00e3o total<\/a><\/span><\/strong><\/span><\/p>\n<p><span style=\"color: #000080;\"><strong><span style=\"font-size: small;\"><a style=\"color: #000080;\" href=\"http:\/\/fisicaevestibular.com.br\/optica9.htm\">Dioptro plano<\/a><\/span><\/strong><\/span><\/p>\n<p><span style=\"color: #000080;\"><strong><span style=\"font-size: small;\"><a style=\"color: #000080;\" href=\"http:\/\/fisicaevestibular.com.br\/optica10.htm\">L\u00e2minas de faces paralelas<\/a><\/span><\/strong><\/span><\/p>\n<p><span style=\"color: #000080;\"><strong><span style=\"font-size: small;\"><a style=\"color: #000080;\" href=\"http:\/\/fisicaevestibular.com.br\/optica11.htm\">Prismas<\/a><\/span><\/strong><\/span><\/p>\n<p><span style=\"color: #000080;\"><strong><span style=\"font-size: small;\"><a style=\"color: #000080;\" href=\"http:\/\/fisicaevestibular.com.br\/optica12.htm\">Lentes &#8211; Constru\u00e7\u00e3o geom\u00e9trica de imagens<\/a><\/span><\/strong><\/span><\/p>\n<p><span style=\"color: #000080;\"><strong><span style=\"font-size: small;\"><a style=\"color: #000080;\" href=\"http:\/\/fisicaevestibular.com.br\/optica13.htm\">Estudo anal\u00edtico das lentes esf\u00e9ricas<\/a><\/span><\/strong><\/span><\/p>\n<p><span style=\"color: #000080;\"><strong><span style=\"font-size: small;\"><a style=\"color: #000080;\" href=\"http:\/\/fisicaevestibular.com.br\/optica14.htm\">F\u00f3rmula dos fabricantes de lentes<\/a><\/span><\/strong><\/span><\/p>\n<p><span style=\"color: #000080;\"><strong><span style=\"font-size: small;\"><a style=\"color: #000080;\" href=\"http:\/\/fisicaevestibular.com.br\/optica15.htm\">Instrumentos \u00f3pticos<\/a><\/span><\/strong><\/span><\/p>\n","protected":false},"excerpt":{"rendered":"<p>Analisa todos os fen\u00f4menos luminosos sob o ponto de vista geom\u00e9trico, espelhos, lentes e os diversos tipos de instrumentos \u00f3pticos. Princ\u00edpios da propaga\u00e7\u00e3o da luz Reflex\u00e3o da luz e espelhos planos Associa\u00e7\u00e3o de espelhos planos Espelhos esf\u00e9ricos &#8211; constru\u00e7\u00e3o de imagens Estudo anal\u00edtico dos espelhos esf\u00e9ricos Refra\u00e7\u00e3o luminosa &#8211; conceitos e defini\u00e7\u00f5es Leis da refra\u00e7\u00e3o Reflex\u00e3o total Dioptro plano L\u00e2minas<\/p>\n","protected":false},"author":1,"featured_media":0,"parent":101,"menu_order":0,"comment_status":"closed","ping_status":"closed","template":"","meta":{"om_disable_all_campaigns":false,"_monsterinsights_skip_tracking":false,"_monsterinsights_sitenote_active":false,"_monsterinsights_sitenote_note":"","_monsterinsights_sitenote_category":0,"footnotes":""},"class_list":["post-2137","page","type-page","status-publish","hentry"],"aioseo_notices":[],"_links":{"self":[{"href":"https:\/\/fisicaevestibular.com.br\/novo\/wp-json\/wp\/v2\/pages\/2137","targetHints":{"allow":["GET"]}}],"collection":[{"href":"https:\/\/fisicaevestibular.com.br\/novo\/wp-json\/wp\/v2\/pages"}],"about":[{"href":"https:\/\/fisicaevestibular.com.br\/novo\/wp-json\/wp\/v2\/types\/page"}],"author":[{"embeddable":true,"href":"https:\/\/fisicaevestibular.com.br\/novo\/wp-json\/wp\/v2\/users\/1"}],"replies":[{"embeddable":true,"href":"https:\/\/fisicaevestibular.com.br\/novo\/wp-json\/wp\/v2\/comments?post=2137"}],"version-history":[{"count":1,"href":"https:\/\/fisicaevestibular.com.br\/novo\/wp-json\/wp\/v2\/pages\/2137\/revisions"}],"predecessor-version":[{"id":2138,"href":"https:\/\/fisicaevestibular.com.br\/novo\/wp-json\/wp\/v2\/pages\/2137\/revisions\/2138"}],"up":[{"embeddable":true,"href":"https:\/\/fisicaevestibular.com.br\/novo\/wp-json\/wp\/v2\/pages\/101"}],"wp:attachment":[{"href":"https:\/\/fisicaevestibular.com.br\/novo\/wp-json\/wp\/v2\/media?parent=2137"}],"curies":[{"name":"wp","href":"https:\/\/api.w.org\/{rel}","templated":true}]}}