{"id":2067,"date":"2016-03-28T21:55:34","date_gmt":"2016-03-28T21:55:34","guid":{"rendered":"http:\/\/fisicaevestibular.com.br\/novo\/?page_id=2067"},"modified":"2024-08-21T14:49:27","modified_gmt":"2024-08-21T14:49:27","slug":"termodinamica","status":"publish","type":"page","link":"https:\/\/fisicaevestibular.com.br\/novo\/fisica-termica\/termodinamica\/","title":{"rendered":"Termodin\u00e2mica"},"content":{"rendered":"<p><img fetchpriority=\"high\" decoding=\"async\" class=\"aligncenter\" src=\"http:\/\/fisicaevestibular.com.br\/images\/logo_terd.png\" alt=\"\" width=\"579\" height=\"179\" border=\"0\" \/><\/p>\n<p>&nbsp;<\/p>\n<p style=\"text-align: center;\">Estuda os diversos tipos de transforma\u00e7\u00f5es gasosas, energia de um g\u00e1s, trabalho realizado por um g\u00e1s e o funcionamento das m\u00e1quinas t\u00e9rmicas.<\/p>\n<p style=\"text-align: center;\"><strong><span style=\"color: #000080;\"><a style=\"color: #000080;\" title=\"Mudan\u00e7as de estado f\u00edsico da mat\u00e9ria\" href=\"http:\/\/fisicaevestibular.com.br\/novo\/fisica-termica\/termodinamica\/mudancas-de-estado-fisico-da-materia\/\">Mudan\u00e7as de estado f\u00edsico<\/a><\/span><\/strong><\/p>\n<p style=\"text-align: center;\"><a title=\"Tipos de transforma\u00e7\u00f5es gasosas\" href=\"http:\/\/fisicaevestibular.com.br\/novo\/fisica-termica\/termodinamica\/tipos-de-transformacoes-gasosas\/\"><span style=\"color: #000080;\"><strong>Transforma\u00e7\u00f5es gasosas<\/strong><\/span><\/a><\/p>\n<p style=\"text-align: center;\"><a title=\"Trabalho de um g\u00e1s \u2013 Transforma\u00e7\u00e3o c\u00edclica\" href=\"http:\/\/fisicaevestibular.com.br\/novo\/fisica-termica\/termodinamica\/trabalho-de-um-gas-transformacao-ciclica\/\"><strong><span style=\"color: #000080;\">Trabalho de um g\u00e1s &#8211; transforma\u00e7\u00e3o c\u00edclica<\/span><\/strong><\/a><\/p>\n<p style=\"text-align: center;\"><a href=\"http:\/\/fisicaevestibular.com.br\/termica10.htm\"><span style=\"color: #000080;\"><strong>Primeiro Princ\u00edpio da Termodin\u00e2mica ou Princ\u00edpio da Conserva\u00e7\u00e3o da energia<\/strong><\/span><\/a><\/p>\n<p style=\"text-align: center;\"><a href=\"http:\/\/fisicaevestibular.com.br\/termica11.htm\"><strong><span style=\"color: #000080;\">Segunda lei da Termodin\u00e2mica<\/span><\/strong><\/a><\/p>\n","protected":false},"excerpt":{"rendered":"<p>&nbsp; Estuda os diversos tipos de transforma\u00e7\u00f5es gasosas, energia de um g\u00e1s, trabalho realizado por um g\u00e1s e o funcionamento das m\u00e1quinas t\u00e9rmicas. Mudan\u00e7as de estado f\u00edsico Transforma\u00e7\u00f5es gasosas Trabalho de um g\u00e1s &#8211; transforma\u00e7\u00e3o c\u00edclica Primeiro Princ\u00edpio da Termodin\u00e2mica ou Princ\u00edpio da Conserva\u00e7\u00e3o da energia Segunda lei da Termodin\u00e2mica<\/p>\n","protected":false},"author":1,"featured_media":0,"parent":122,"menu_order":0,"comment_status":"closed","ping_status":"closed","template":"","meta":{"om_disable_all_campaigns":false,"_monsterinsights_skip_tracking":false,"_monsterinsights_sitenote_active":false,"_monsterinsights_sitenote_note":"","_monsterinsights_sitenote_category":0,"footnotes":""},"class_list":["post-2067","page","type-page","status-publish","hentry"],"aioseo_notices":[],"_links":{"self":[{"href":"https:\/\/fisicaevestibular.com.br\/novo\/wp-json\/wp\/v2\/pages\/2067","targetHints":{"allow":["GET"]}}],"collection":[{"href":"https:\/\/fisicaevestibular.com.br\/novo\/wp-json\/wp\/v2\/pages"}],"about":[{"href":"https:\/\/fisicaevestibular.com.br\/novo\/wp-json\/wp\/v2\/types\/page"}],"author":[{"embeddable":true,"href":"https:\/\/fisicaevestibular.com.br\/novo\/wp-json\/wp\/v2\/users\/1"}],"replies":[{"embeddable":true,"href":"https:\/\/fisicaevestibular.com.br\/novo\/wp-json\/wp\/v2\/comments?post=2067"}],"version-history":[{"count":8,"href":"https:\/\/fisicaevestibular.com.br\/novo\/wp-json\/wp\/v2\/pages\/2067\/revisions"}],"predecessor-version":[{"id":2106,"href":"https:\/\/fisicaevestibular.com.br\/novo\/wp-json\/wp\/v2\/pages\/2067\/revisions\/2106"}],"up":[{"embeddable":true,"href":"https:\/\/fisicaevestibular.com.br\/novo\/wp-json\/wp\/v2\/pages\/122"}],"wp:attachment":[{"href":"https:\/\/fisicaevestibular.com.br\/novo\/wp-json\/wp\/v2\/media?parent=2067"}],"curies":[{"name":"wp","href":"https:\/\/api.w.org\/{rel}","templated":true}]}}