{"id":2030,"date":"2016-03-08T00:34:02","date_gmt":"2016-03-08T00:34:02","guid":{"rendered":"http:\/\/fisicaevestibular.com.br\/novo\/?page_id=2030"},"modified":"2024-08-21T14:29:28","modified_gmt":"2024-08-21T14:29:28","slug":"calorimetria","status":"publish","type":"page","link":"https:\/\/fisicaevestibular.com.br\/novo\/fisica-termica\/calorimetria\/","title":{"rendered":"Calorimetria"},"content":{"rendered":"<p><img fetchpriority=\"high\" decoding=\"async\" class=\"aligncenter\" src=\"http:\/\/fisicaevestibular.com.br\/images\/logo_cal.png\" alt=\"\" width=\"579\" height=\"179\" border=\"0\" \/><\/p>\n<p>Estuda as trocas de calor entre os corpos, as mudan\u00e7as de estado t\u00e9rmico e o equil\u00edbrio t\u00e9rmico.<\/p>\n<p style=\"text-align: center;\"><strong><span style=\"color: #000080;\"><a style=\"color: #000080;\" title=\"Calor sens\u00edvel (espec\u00edfico) e trocas de calor sem mudan\u00e7a de estado.\" href=\"http:\/\/fisicaevestibular.com.br\/novo\/fisica-termica\/calorimetria\/calor-sensivel-especifico-e-trocas-de-calor-sem-mudanca-de-estado\/\">Calor sens\u00edvel (espec\u00edfico) e trocas de calor sem mudan\u00e7a de estado<\/a><\/span><\/strong><\/p>\n<p style=\"text-align: center;\"><a title=\"Calor Latente \u2013 Trocas de calor com mudan\u00e7a de estado\" href=\"http:\/\/fisicaevestibular.com.br\/novo\/fisica-termica\/calorimetria\/calor-latente-trocas-de-calor-com-mudanca-de-estado\/\"><strong><span style=\"color: #000080;\">\u00a0Calor Latente &#8211; trocas de calor com mudan\u00e7a de estado<\/span><\/strong><\/a><\/p>\n","protected":false},"excerpt":{"rendered":"<p>Estuda as trocas de calor entre os corpos, as mudan\u00e7as de estado t\u00e9rmico e o equil\u00edbrio t\u00e9rmico. Calor sens\u00edvel (espec\u00edfico) e trocas de calor sem mudan\u00e7a de estado \u00a0Calor Latente &#8211; trocas de calor com mudan\u00e7a de estado<\/p>\n","protected":false},"author":1,"featured_media":0,"parent":122,"menu_order":0,"comment_status":"closed","ping_status":"closed","template":"","meta":{"om_disable_all_campaigns":false,"_monsterinsights_skip_tracking":false,"_monsterinsights_sitenote_active":false,"_monsterinsights_sitenote_note":"","_monsterinsights_sitenote_category":0,"footnotes":""},"class_list":["post-2030","page","type-page","status-publish","hentry"],"aioseo_notices":[],"_links":{"self":[{"href":"https:\/\/fisicaevestibular.com.br\/novo\/wp-json\/wp\/v2\/pages\/2030","targetHints":{"allow":["GET"]}}],"collection":[{"href":"https:\/\/fisicaevestibular.com.br\/novo\/wp-json\/wp\/v2\/pages"}],"about":[{"href":"https:\/\/fisicaevestibular.com.br\/novo\/wp-json\/wp\/v2\/types\/page"}],"author":[{"embeddable":true,"href":"https:\/\/fisicaevestibular.com.br\/novo\/wp-json\/wp\/v2\/users\/1"}],"replies":[{"embeddable":true,"href":"https:\/\/fisicaevestibular.com.br\/novo\/wp-json\/wp\/v2\/comments?post=2030"}],"version-history":[{"count":4,"href":"https:\/\/fisicaevestibular.com.br\/novo\/wp-json\/wp\/v2\/pages\/2030\/revisions"}],"predecessor-version":[{"id":2052,"href":"https:\/\/fisicaevestibular.com.br\/novo\/wp-json\/wp\/v2\/pages\/2030\/revisions\/2052"}],"up":[{"embeddable":true,"href":"https:\/\/fisicaevestibular.com.br\/novo\/wp-json\/wp\/v2\/pages\/122"}],"wp:attachment":[{"href":"https:\/\/fisicaevestibular.com.br\/novo\/wp-json\/wp\/v2\/media?parent=2030"}],"curies":[{"name":"wp","href":"https:\/\/api.w.org\/{rel}","templated":true}]}}