{"id":2002,"date":"2016-02-28T00:13:17","date_gmt":"2016-02-28T00:13:17","guid":{"rendered":"http:\/\/fisicaevestibular.com.br\/novo\/?page_id=2002"},"modified":"2024-08-21T17:04:18","modified_gmt":"2024-08-21T17:04:18","slug":"conceitos-iniciais-temperatura-e-calor","status":"publish","type":"page","link":"https:\/\/fisicaevestibular.com.br\/novo\/fisica-termica\/termometria\/conceitos-iniciais-temperatura-e-calor\/","title":{"rendered":"Conceitos iniciais"},"content":{"rendered":"<p align=\"CENTER\"><span style=\"color: #0000cc;\"><span style=\"font-family: Arial Black,serif;\"><span style=\"font-size: large;\"><b>Conceitos iniciais (temperatura e calor)<\/b><\/span><\/span><\/span><\/p>\n<p align=\"CENTER\"><span style=\"color: #c00000;\"><span style=\"font-family: Arial Black,serif;\"><b>Os Estados da mat\u00e9ria<\/b><\/span><\/span><\/p>\n<p><span style=\"color: #c00000;\"><span style=\"font-family: Arial,serif;\"><b>As <\/b><\/span><\/span><span style=\"color: #0000cc;\"><span style=\"font-family: Arial,serif;\"><b>subst\u00e2ncias,<\/b><\/span><\/span><span style=\"color: #c00000;\"><span style=\"font-family: Arial,serif;\"><b> de acordo com sua <\/b><\/span><\/span><span style=\"color: #0000cc;\"><span style=\"font-family: Arial,serif;\"><b>forma e volume<\/b><\/span><\/span><span style=\"color: #c00000;\"><span style=\"font-family: Arial,serif;\"><b>, podem apresentar-se em <\/b><\/span><\/span><span style=\"color: #0000cc;\"><span style=\"font-family: Arial,serif;\"><b>tr\u00eas estados:<\/b><\/span><\/span><b> <\/b><span style=\"color: #0000cc;\"><span style=\"font-family: Arial Black,serif;\"><b>s\u00f3lido, l\u00edquido ou gasoso.<\/b><\/span><\/span><\/p>\n<p align=\"CENTER\"><span style=\"color: #0000cc;\"><span style=\"font-family: Arial Black,serif;\"><b>S\u00f3lidos<\/b><\/span><\/span><\/p>\n<p><img fetchpriority=\"high\" decoding=\"async\" src=\"http:\/\/fisicaevestibular.com.br\/novo\/wp-content\/uploads\/migracao\/termica\/conceitos\/i_d4e4498b09bab49c_html_a5bc92e7.png\" alt=\"\" width=\"765\" height=\"151\" name=\"Imagem 23\" align=\"BOTTOM\" border=\"0\" \/><\/p>\n<p align=\"CENTER\"><span style=\"color: #0000cc;\"><span style=\"font-family: Arial Black,serif;\"><b>L\u00edquidos<\/b><\/span><\/span><\/p>\n<p><img decoding=\"async\" src=\"http:\/\/fisicaevestibular.com.br\/novo\/wp-content\/uploads\/migracao\/termica\/conceitos\/i_d4e4498b09bab49c_html_c630a350.png\" alt=\"\" width=\"765\" height=\"239\" name=\"Imagem 25\" align=\"BOTTOM\" border=\"0\" \/><\/p>\n<p align=\"CENTER\"><span style=\"color: #0000cc;\"><span style=\"font-family: Arial Black,serif;\"><b>Gasosos<\/b><\/span><\/span><\/p>\n<p><img decoding=\"async\" src=\"http:\/\/fisicaevestibular.com.br\/novo\/wp-content\/uploads\/migracao\/termica\/conceitos\/i_d4e4498b09bab49c_html_ae23e322.png\" alt=\"\" width=\"764\" height=\"206\" name=\"Imagem 27\" align=\"BOTTOM\" border=\"0\" \/><\/p>\n<p><img loading=\"lazy\" decoding=\"async\" src=\"http:\/\/fisicaevestibular.com.br\/novo\/wp-content\/uploads\/migracao\/termica\/conceitos\/i_d4e4498b09bab49c_html_d17f9f95.jpg\" alt=\"\" width=\"300\" height=\"82\" name=\"Imagem 15\" align=\"LEFT\" border=\"0\" hspace=\"12\" \/><\/p>\n<p><span style=\"color: #0000cc;\"><span style=\"font-family: Arial,serif;\"><b>Observa\u00e7\u00e3o:<\/b><\/span><\/span><span style=\"color: #c00000;\"><span style=\"font-family: Arial,serif;\"><b> \u00a0A <\/b><\/span><\/span><span style=\"color: #0000cc;\"><span style=\"font-family: Arial,serif;\"><b>\u00e1gua <\/b><\/span><\/span><span style=\"color: #c00000;\"><span style=\"font-family: Arial,serif;\"><b>pode aparecer, <\/b><\/span><\/span><span style=\"color: #0000cc;\"><span style=\"font-family: Arial,serif;\"><b>na natureza, <\/b><\/span><\/span><span style=\"color: #c00000;\"><span style=\"font-family: Arial,serif;\"><b>separados ou <\/b><\/span><\/span><span style=\"color: #0000cc;\"><span style=\"font-family: Arial,serif;\"><b>simultaneamente em seus em seus <\/b><\/span><\/span><\/p>\n<p><span style=\"color: #0000cc;\"><span style=\"font-family: Arial,serif;\"><b>tr\u00eas estados: s\u00f3lido, l\u00edquido ou gasoso.<\/b><\/span><\/span><\/p>\n<p><span style=\"color: #c00000;\">\u00a0<\/span><\/p>\n<p align=\"CENTER\"><span style=\"color: #0000cc;\"><span style=\"font-family: Arial Black,serif;\"><span style=\"font-size: large;\"><b>Temperatura ou estado t\u00e9rmico de um corpo<\/b><\/span><\/span><\/span><\/p>\n<p><span style=\"color: #c00000;\"><span style=\"font-family: Arial,serif;\"><b>A <\/b><\/span><\/span><span style=\"color: #0000cc;\"><span style=\"font-family: Arial,serif;\"><b>temperatura <\/b><\/span><\/span><span style=\"color: #c00000;\"><span style=\"font-family: Arial,serif;\"><b>(estado t\u00e9rmico) de um corpo <\/b><\/span><\/span><span style=\"color: #0000cc;\"><span style=\"font-family: Arial,serif;\"><b>est\u00e1 relacionada \u00e0<\/b><\/span><\/span><span style=\"color: #0000cc;\"><span style=\"font-family: Arial,serif;\"><b>\u00a0<\/b><\/span><\/span><span style=\"color: #0000cc;\"><span style=\"font-family: Arial,serif;\"><b>energia cin\u00e9tica<\/b><\/span><\/span><span style=\"color: #0000cc;\"><span style=\"font-family: Arial,serif;\"><b>\u00a0<\/b><\/span><\/span><span style=\"color: #0000cc;\"><span style=\"font-family: Arial,serif;\"><b>m\u00e9dia de suas mol\u00e9culas devido aos seus movimentos vibrat\u00f3rios<\/b><\/span><\/span><span style=\"color: #c00000;\"><span style=\"font-family: Arial,serif;\"><b>. A <\/b><\/span><\/span><span style=\"color: #0000cc;\"><span style=\"font-family: Arial,serif;\"><b>cada estado t\u00e9rmico associa-se uma dada temperatura <\/b><\/span><\/span><span style=\"color: #c00000;\"><span style=\"font-family: Arial,serif;\"><b>e quanto <\/b><\/span><\/span><span style=\"color: #0000cc;\"><span style=\"font-family: Arial,serif;\"><b>maior a energia cin\u00e9tica das mol\u00e9culas, maior ser\u00e1 o movimento vibrat\u00f3rio das mol\u00e9culas e consequentemente maior ser\u00e1 a temperatura do corpo e vice versa.<\/b><\/span><\/span><img loading=\"lazy\" decoding=\"async\" src=\"http:\/\/fisicaevestibular.com.br\/novo\/wp-content\/uploads\/migracao\/termica\/conceitos\/i_d4e4498b09bab49c_html_729478a2.jpg\" alt=\"\" width=\"514\" height=\"250\" name=\"Imagem 16\" align=\"LEFT\" border=\"0\" hspace=\"12\" \/><\/p>\n<p><span style=\"color: #c00000;\">\u00a0<\/span><\/p>\n<p align=\"CENTER\"><span style=\"color: #0000cc;\"><span style=\"font-family: Arial Black,serif;\"><span style=\"font-size: large;\"><b>Calor<\/b><\/span><\/span><\/span><\/p>\n<p><span style=\"color: #c00000;\">\u00a0<\/span><\/p>\n<p><span style=\"color: #c00000;\">\u00a0<span style=\"font-family: Arial,serif;\"><b>Quando dois ou mais corpos que est\u00e3o a <\/b><\/span><\/span><span style=\"color: #0000cc;\"><span style=\"font-family: Arial,serif;\"><b>temperaturas diferentes s\u00e3o colocados em contato, <\/b><\/span><\/span><span style=\"color: #c00000;\"><span style=\"font-family: Arial,serif;\"><b>ocorrer\u00e1 uma <\/b><\/span><\/span><span style=\"color: #0000cc;\"><span style=\"font-family: Arial,serif;\"><b>transfer\u00eancia de energia do corpo de maior temperatura para o corpo de menor temperatura.<\/b><\/span><\/span><b> <\/b><\/p>\n<p><span style=\"color: #c00000;\"><span style=\"font-family: Arial,serif;\"><b>Essa <\/b><\/span><\/span><span style=\"color: #0000cc;\"><span style=\"font-family: Arial,serif;\"><b>transfer\u00eancia de energia ocorre at\u00e9 que os dois corpos tenham a mesma temperatura (mesmo estado t\u00e9rmico, <\/b><\/span><\/span><span style=\"color: #c00000;\"><span style=\"font-family: Arial,serif;\"><b>mesmo n\u00edvel de vibra\u00e7\u00e3o das mol\u00e9culas). <\/b><\/span><\/span><\/p>\n<p><span style=\"color: #0000cc;\"><span style=\"font-family: Arial,serif;\"><b>Essa<\/b><\/span><\/span><span style=\"color: #0000cc;\"><span style=\"font-family: Arial,serif;\"><b>\u00a0<\/b><\/span><\/span><span style=\"color: #0000cc;\"><span style=\"font-family: Arial,serif;\"><b>transfer\u00eancia de energia<\/b><\/span><\/span><span style=\"color: #0000cc;\"><span style=\"font-family: Arial,serif;\"><b>\u00a0<\/b><\/span><\/span><span style=\"color: #0000cc;\"><span style=\"font-family: Arial,serif;\"><b>recebe o nome de<\/b><\/span><\/span><span style=\"color: #0000cc;\"><span style=\"font-family: Arial,serif;\"><b>\u00a0<\/b><\/span><\/span><span style=\"color: #0000cc;\"><span style=\"font-family: Arial,serif;\"><b>calor.<\/b><\/span><\/span><\/p>\n<p><img loading=\"lazy\" decoding=\"async\" src=\"http:\/\/fisicaevestibular.com.br\/novo\/wp-content\/uploads\/migracao\/termica\/conceitos\/i_d4e4498b09bab49c_html_b8c210e8.jpg\" alt=\"\" width=\"765\" height=\"40\" name=\"Imagem 10\" align=\"BOTTOM\" border=\"0\" \/><\/p>\n<p><span style=\"color: #c00000;\">\u00a0<\/span><\/p>\n<p align=\"CENTER\"><span style=\"color: #0000cc;\"><span style=\"font-family: Arial Black,serif;\"><span style=\"font-size: large;\"><b>Equil\u00edbrio t\u00e9rmico<\/b><\/span><\/span><\/span><\/p>\n<p><span style=\"color: #c00000;\"><span style=\"font-family: Arial,serif;\"><b>Considere <\/b><\/span><\/span><span style=\"color: #0000cc;\"><span style=\"font-family: Arial,serif;\"><b>duas subst\u00e2ncias P e Q, isoladas e a temperaturas diferentes tal que t<\/b><\/span><\/span><span style=\"color: #0000cc;\"><sub><span style=\"font-family: Arial,serif;\"><b>P <\/b><\/span><\/sub><\/span><span style=\"color: #0000cc;\"><sub><span style=\"font-family: Arial,serif;\"><b>\u00a0<\/b><\/span><\/sub><\/span><span style=\"color: #0000cc;\"><span style=\"font-family: Arial,serif;\"><b>&gt; t<\/b><\/span><\/span><span style=\"color: #0000cc;\"><sub><span style=\"font-family: Arial,serif;\"><b>Q<\/b><\/span><\/sub><\/span><span style=\"color: #0000cc;\"><span style=\"font-family: Arial,serif;\"><b>, ou seja, as mol\u00e9culas de P vibram com maior intensidade que as mol\u00e9culas de Q.<\/b><\/span><\/span><\/p>\n<p><img loading=\"lazy\" decoding=\"async\" src=\"http:\/\/fisicaevestibular.com.br\/novo\/wp-content\/uploads\/migracao\/termica\/conceitos\/i_d4e4498b09bab49c_html_d20fbdff.jpg\" alt=\"\" width=\"714\" height=\"160\" name=\"Imagem 8\" align=\"BOTTOM\" border=\"0\" \/><\/p>\n<p><span style=\"color: #c00000;\"><span style=\"font-family: Arial,serif;\"><b>Quando essas subst\u00e2ncias <\/b><\/span><\/span><span style=\"color: #0000cc;\"><span style=\"font-family: Arial,serif;\"><b>entram em contato, haver\u00e1 uma s\u00e9rie de choques das mol\u00e9culas de P com as de Q e, portanto, uma transfer\u00eancia de energia cin\u00e9tica das mol\u00e9culas de P para as de Q, que ter\u00e3o seu movimento vibrat\u00f3rio e consequentemente sua temperatura aumentadas<\/b><\/span><\/span><span style=\"color: #c00000;\"><span style=\"font-family: Arial,serif;\"><b>.<\/b><\/span><\/span><\/p>\n<p><span style=\"color: #c00000;\"><span style=\"font-family: Arial,serif;\"><b>Essa <\/b><\/span><\/span><span style=\"color: #0000cc;\"><span style=\"font-family: Arial,serif;\"><b>transfer\u00eancia de energia ocorre at\u00e9 que as mol\u00e9culas de ambas as subst\u00e2ncias apresentem a mesma temperatura que \u00e9 denominada<\/b><\/span><\/span><span style=\"color: #0000cc;\"><span style=\"font-family: Arial,serif;\"><b>\u00a0<\/b><\/span><\/span><span style=\"color: #0000cc;\"><span style=\"font-family: Arial,serif;\"><b>temperatura de equil\u00edbrio t\u00e9rmico.<\/b><\/span><\/span><span style=\"color: #0000cc;\"><span style=\"font-family: Arial,serif;\"><b>\u00a0<\/b><\/span><\/span><span style=\"color: #0000cc;\"><span style=\"font-family: Arial,serif;\"><b>Exemplo:<\/b><\/span><\/span><\/p>\n<p><span style=\"color: #0000cc;\"><span style=\"font-family: Arial,serif;\"><b>Quando voc\u00ea cozinha v\u00e1rios ovos e quer esfri\u00e1-los voc\u00ea pode coloc\u00e1-los num recipiente com \u00e1gua fria.<\/b><\/span><\/span><img loading=\"lazy\" decoding=\"async\" src=\"http:\/\/fisicaevestibular.com.br\/novo\/wp-content\/uploads\/migracao\/termica\/conceitos\/i_d4e4498b09bab49c_html_d42e5cb8.jpg\" alt=\"\" width=\"417\" height=\"122\" name=\"Imagem 7\" align=\"LEFT\" border=\"0\" hspace=\"12\" \/><\/p>\n<p><span style=\"color: #0000cc;\"><span style=\"font-family: Arial,serif;\"><b>Verificar\u00e1 que, ap\u00f3s certo<\/b><\/span><\/span><span style=\"color: #c00000;\"><span style=\"font-family: Arial,serif;\"><b>\u00a0<\/b><\/span><\/span><span style=\"color: #0000cc;\"><span style=\"font-family: Arial,serif;\"><b>tempo de contato, os ovos, a \u00e1gua e o recipiente ter\u00e3o a mesma temperatura, ou seja, foi atingida a temperatura de equil\u00edbrio t\u00e9rmico.<\/b><\/span><\/span><\/p>\n<p align=\"CENTER\"><span style=\"color: #0000cc;\"><span style=\"font-family: Arial Black,serif;\"><span style=\"font-size: large;\"><b>Lei Zero da Termodin\u00e2mica<\/b><\/span><\/span><\/span><\/p>\n<p><img loading=\"lazy\" decoding=\"async\" src=\"http:\/\/fisicaevestibular.com.br\/novo\/wp-content\/uploads\/migracao\/termica\/conceitos\/i_d4e4498b09bab49c_html_1880a14.jpg\" alt=\"\" width=\"769\" height=\"267\" name=\"Imagem 6\" align=\"BOTTOM\" border=\"0\" \/><\/p>\n<p><span style=\"color: #c00000;\">\u00a0<\/span><\/p>\n<p align=\"CENTER\"><span style=\"color: #0000cc;\"><span style=\"font-family: Arial Black,serif;\"><span style=\"font-size: large;\"><b>O que voc\u00ea deve saber, informa\u00e7\u00f5es e dicas<\/b><\/span><\/span><\/span><\/p>\n<p><img loading=\"lazy\" decoding=\"async\" src=\"http:\/\/fisicaevestibular.com.br\/novo\/wp-content\/uploads\/migracao\/termica\/conceitos\/i_d4e4498b09bab49c_html_bf24d6a4.png\" alt=\"\" width=\"41\" height=\"21\" name=\"Imagem 17\" align=\"BOTTOM\" border=\"0\" \/><span style=\"color: #c00000;\">\u00a0<\/span><\/p>\n<p><img loading=\"lazy\" decoding=\"async\" src=\"http:\/\/fisicaevestibular.com.br\/novo\/wp-content\/uploads\/migracao\/termica\/conceitos\/i_d4e4498b09bab49c_html_b8c210e8.jpg\" alt=\"\" width=\"763\" height=\"41\" name=\"Imagem 4\" align=\"BOTTOM\" border=\"0\" \/><\/p>\n<p><img loading=\"lazy\" decoding=\"async\" src=\"http:\/\/fisicaevestibular.com.br\/novo\/wp-content\/uploads\/migracao\/termica\/conceitos\/i_d4e4498b09bab49c_html_bf24d6a4.png\" alt=\"\" width=\"41\" height=\"21\" name=\"Imagem 19\" align=\"BOTTOM\" border=\"0\" \/><\/p>\n<p><span style=\"color: #c00000;\">\u00a0<\/span><span style=\"color: #c00000;\">\u00a0<\/span><span style=\"color: #c00000;\"><span style=\"font-family: Arial,serif;\"><b>A<\/b><\/span><\/span><span style=\"color: #c00000;\"><span style=\"font-family: Arial,serif;\"><b>\u00a0<\/b><\/span><\/span><span style=\"color: #0000cc;\"><span style=\"font-family: Arial,serif;\"><b>transfer\u00eancia de energia (calor<\/b><\/span><\/span><span style=\"color: #c00000;\"><span style=\"font-family: Arial,serif;\"><b>)<\/b><\/span><\/span><span style=\"color: #c00000;\"><span style=\"font-family: Arial,serif;\"><b>\u00a0<\/b><\/span><\/span><span style=\"color: #c00000;\"><span style=\"font-family: Arial,serif;\"><b>ocorre at\u00e9 que as <\/b><\/span><\/span><span style=\"color: #0000cc;\"><span style=\"font-family: Arial,serif;\"><b>mol\u00e9culas de todas as subst\u00e2ncias que est\u00e3o em contato t\u00e9rmico apresentem<\/b><\/span><\/span><span style=\"color: #0000cc;\"><span style=\"font-family: Arial,serif;\"><b>\u00a0<\/b><\/span><\/span><span style=\"color: #0000cc;\"><span style=\"font-family: Arial,serif;\"><b>a mesma temperatura<\/b><\/span><\/span><span style=\"color: #0000cc;\"><span style=\"font-family: Arial,serif;\"><b>\u00a0<\/b><\/span><\/span><span style=\"color: #0000cc;\"><span style=\"font-family: Arial,serif;\"><b>que \u00e9 denominada<\/b><\/span><\/span><span style=\"color: #0000cc;\"><span style=\"font-family: Arial,serif;\"><b>\u00a0<\/b><\/span><\/span><span style=\"color: #0000cc;\"><span style=\"font-family: Arial,serif;\"><b>temperatura de equil\u00edbrio t\u00e9rmico.<\/b><\/span><\/span><span style=\"color: #0000cc;\"><span style=\"font-family: Arial,serif;\"><b>\u00a0<\/b><\/span><\/span><span style=\"color: #0000cc;\"><span style=\"font-family: Arial,serif;\"><b>Exemplo:<\/b><\/span><\/span><\/p>\n<p><span style=\"color: #0000cc;\">\u00a0<span style=\"font-family: Arial,serif;\"><b>Dois corpos em equil\u00edbrio t\u00e9rmico com um terceiro, estar\u00e3o em equil\u00edbrio t\u00e9rmico entre si<\/b><\/span><\/span><\/p>\n<p><img loading=\"lazy\" decoding=\"async\" src=\"http:\/\/fisicaevestibular.com.br\/novo\/wp-content\/uploads\/migracao\/termica\/conceitos\/i_d4e4498b09bab49c_html_36c3f0cc.jpg\" alt=\"\" width=\"763\" height=\"233\" name=\"Imagem 1\" align=\"BOTTOM\" border=\"0\" \/><\/p>\n<p>&nbsp;<\/p>\n<h4><a title=\"Exerc\u00edcios de vestibulares com resolu\u00e7\u00e3o comentada sobre calor e temperatura\" href=\"http:\/\/fisicaevestibular.com.br\/novo\/fisica-termica\/termometria\/conceitos-iniciais-temperatura-e-calor\/exercicios-de-vestibulares-com-resolucao-comentada-sobre-calor-e-temperatura\/\"><span style=\"color: #000080;\">Confira os exerc\u00edcios com resolu\u00e7\u00e3o comentada<\/span><\/a><\/h4>\n","protected":false},"excerpt":{"rendered":"<p>Conceitos iniciais (temperatura e calor) Os Estados da mat\u00e9ria As subst\u00e2ncias, de acordo com sua forma e volume, podem apresentar-se em tr\u00eas estados: s\u00f3lido, l\u00edquido ou gasoso. S\u00f3lidos L\u00edquidos Gasosos Observa\u00e7\u00e3o: \u00a0A \u00e1gua pode aparecer, na natureza, separados ou simultaneamente em seus em seus tr\u00eas estados: s\u00f3lido, l\u00edquido ou gasoso. \u00a0 Temperatura ou estado t\u00e9rmico de um corpo A temperatura<\/p>\n","protected":false},"author":1,"featured_media":0,"parent":1977,"menu_order":0,"comment_status":"closed","ping_status":"closed","template":"","meta":{"om_disable_all_campaigns":false,"_monsterinsights_skip_tracking":false,"_monsterinsights_sitenote_active":false,"_monsterinsights_sitenote_note":"","_monsterinsights_sitenote_category":0,"footnotes":""},"class_list":["post-2002","page","type-page","status-publish","hentry"],"aioseo_notices":[],"_links":{"self":[{"href":"https:\/\/fisicaevestibular.com.br\/novo\/wp-json\/wp\/v2\/pages\/2002","targetHints":{"allow":["GET"]}}],"collection":[{"href":"https:\/\/fisicaevestibular.com.br\/novo\/wp-json\/wp\/v2\/pages"}],"about":[{"href":"https:\/\/fisicaevestibular.com.br\/novo\/wp-json\/wp\/v2\/types\/page"}],"author":[{"embeddable":true,"href":"https:\/\/fisicaevestibular.com.br\/novo\/wp-json\/wp\/v2\/users\/1"}],"replies":[{"embeddable":true,"href":"https:\/\/fisicaevestibular.com.br\/novo\/wp-json\/wp\/v2\/comments?post=2002"}],"version-history":[{"count":3,"href":"https:\/\/fisicaevestibular.com.br\/novo\/wp-json\/wp\/v2\/pages\/2002\/revisions"}],"predecessor-version":[{"id":10752,"href":"https:\/\/fisicaevestibular.com.br\/novo\/wp-json\/wp\/v2\/pages\/2002\/revisions\/10752"}],"up":[{"embeddable":true,"href":"https:\/\/fisicaevestibular.com.br\/novo\/wp-json\/wp\/v2\/pages\/1977"}],"wp:attachment":[{"href":"https:\/\/fisicaevestibular.com.br\/novo\/wp-json\/wp\/v2\/media?parent=2002"}],"curies":[{"name":"wp","href":"https:\/\/api.w.org\/{rel}","templated":true}]}}