{"id":1977,"date":"2016-02-27T23:56:20","date_gmt":"2016-02-27T23:56:20","guid":{"rendered":"http:\/\/fisicaevestibular.com.br\/novo\/?page_id=1977"},"modified":"2024-08-21T17:03:37","modified_gmt":"2024-08-21T17:03:37","slug":"termometria","status":"publish","type":"page","link":"https:\/\/fisicaevestibular.com.br\/novo\/fisica-termica\/termometria\/","title":{"rendered":"Termometria"},"content":{"rendered":"<p><img fetchpriority=\"high\" decoding=\"async\" class=\"aligncenter\" src=\"http:\/\/fisicaevestibular.com.br\/images\/logo_term.png\" alt=\"\" width=\"579\" height=\"179\" border=\"0\" \/><\/p>\n<p>&nbsp;<\/p>\n<p style=\"text-align: center;\">Define a temperatura, suas medidas nas diversas escalas termom\u00e9tricas e as transforma\u00e7\u00f5es dessas temperaturas entre as escalas.<\/p>\n<h4 style=\"text-align: center;\"><a title=\"Conceitos iniciais (temperatura e calor)\" href=\"http:\/\/fisicaevestibular.com.br\/novo\/fisica-termica\/termometria\/conceitos-iniciais-temperatura-e-calor\/\"><span style=\"color: #000080;\">Conceitos Iniciais<\/span><\/a><\/h4>\n<h4 style=\"text-align: center;\"><a title=\"Termometria \u2013 Medida de Temperatura\" href=\"http:\/\/fisicaevestibular.com.br\/novo\/fisica-termica\/termometria\/termometria-medida-de-temperatura\/\"><span style=\"color: #000080;\">Termometria &#8211; Medida de temperatura<\/span><\/a><\/h4>\n<h4 style=\"text-align: center;\"><a title=\"Processos de propaga\u00e7\u00e3o de calor\" href=\"http:\/\/fisicaevestibular.com.br\/novo\/fisica-termica\/termometria\/processos-de-propagacao-de-calor\/\"><span style=\"color: #000080;\">Propaga\u00e7\u00e3o do Calor<\/span><\/a><\/h4>\n","protected":false},"excerpt":{"rendered":"<p>&nbsp; Define a temperatura, suas medidas nas diversas escalas termom\u00e9tricas e as transforma\u00e7\u00f5es dessas temperaturas entre as escalas. Conceitos Iniciais Termometria &#8211; Medida de temperatura Propaga\u00e7\u00e3o do Calor<\/p>\n","protected":false},"author":1,"featured_media":0,"parent":122,"menu_order":0,"comment_status":"closed","ping_status":"closed","template":"","meta":{"om_disable_all_campaigns":false,"_monsterinsights_skip_tracking":false,"_monsterinsights_sitenote_active":false,"_monsterinsights_sitenote_note":"","_monsterinsights_sitenote_category":0,"footnotes":""},"class_list":["post-1977","page","type-page","status-publish","hentry"],"aioseo_notices":[],"_links":{"self":[{"href":"https:\/\/fisicaevestibular.com.br\/novo\/wp-json\/wp\/v2\/pages\/1977","targetHints":{"allow":["GET"]}}],"collection":[{"href":"https:\/\/fisicaevestibular.com.br\/novo\/wp-json\/wp\/v2\/pages"}],"about":[{"href":"https:\/\/fisicaevestibular.com.br\/novo\/wp-json\/wp\/v2\/types\/page"}],"author":[{"embeddable":true,"href":"https:\/\/fisicaevestibular.com.br\/novo\/wp-json\/wp\/v2\/users\/1"}],"replies":[{"embeddable":true,"href":"https:\/\/fisicaevestibular.com.br\/novo\/wp-json\/wp\/v2\/comments?post=1977"}],"version-history":[{"count":6,"href":"https:\/\/fisicaevestibular.com.br\/novo\/wp-json\/wp\/v2\/pages\/1977\/revisions"}],"predecessor-version":[{"id":2011,"href":"https:\/\/fisicaevestibular.com.br\/novo\/wp-json\/wp\/v2\/pages\/1977\/revisions\/2011"}],"up":[{"embeddable":true,"href":"https:\/\/fisicaevestibular.com.br\/novo\/wp-json\/wp\/v2\/pages\/122"}],"wp:attachment":[{"href":"https:\/\/fisicaevestibular.com.br\/novo\/wp-json\/wp\/v2\/media?parent=1977"}],"curies":[{"name":"wp","href":"https:\/\/api.w.org\/{rel}","templated":true}]}}