{"id":193,"date":"2014-11-23T20:22:21","date_gmt":"2014-11-23T20:22:21","guid":{"rendered":"http:\/\/fisicaevestibular.com.br\/novo\/?page_id=193"},"modified":"2024-08-20T11:12:30","modified_gmt":"2024-08-20T11:12:30","slug":"eletrostatica","status":"publish","type":"page","link":"https:\/\/fisicaevestibular.com.br\/novo\/eletricidade\/eletrostatica\/","title":{"rendered":"Eletrost\u00e1tica"},"content":{"rendered":"<p><img fetchpriority=\"high\" decoding=\"async\" class=\"aligncenter\" src=\"http:\/\/fisicaevestibular.com.br\/images\/logo_els.png\" alt=\"\" width=\"579\" height=\"179\" border=\"0\" \/><\/p>\n<p style=\"text-align: center;\">Estuda as cargas el\u00e9tricas em repouso, das for\u00e7as que agem sobre elas, do campo el\u00e9trico que origina essas for\u00e7as e da energia el\u00e9trica entre essas cargas.<\/p>\n<h4><a href=\"http:\/\/fisicaevestibular.com.br\/eletrostatica1.htm\">Carga el\u00e9trica e processos de eletriza\u00e7\u00e3o<\/a><\/h4>\n<h4><a href=\"https:\/\/fisicaevestibular.com.br\/novo\/eletricidade\/eletrostatica\/carga-eletrica-e-processos-de-eletrizacao-2\/\">Carga el\u00e9trica e processos de eletriza\u00e7\u00e3o &#8211; (Atualizada 2024)<\/a><\/h4>\n<h4><b><a href=\"http:\/\/fisicaevestibular.com.br\/eletrostatica2.htm\">For\u00e7a el\u00e9trica &#8211; Lei de Coulomb<\/a><\/b><\/h4>\n<h4><b><a href=\"http:\/\/fisicaevestibular.com.br\/eletrostatica2.htm\">For\u00e7a el\u00e9trica &#8211; Lei de Coulomb &#8211; (Atualizada 2024)<\/a><\/b><\/h4>\n<h4><a href=\"http:\/\/fisicaevestibular.com.br\/eletrostatica3.htm\">Campo El\u00e9trico<\/a><\/h4>\n<h4><a href=\"https:\/\/fisicaevestibular.com.br\/novo\/campo-eletrico-atualizada-2024\/\">Campo El\u00e9trico &#8211; (Atualizada 2024)<\/a><\/h4>\n<h4><a href=\"http:\/\/fisicaevestibular.com.br\/eletrostatica4.htm\">Linhas de for\u00e7a (de campo) &#8211; Potencial eletrost\u00e1tico<\/a><\/h4>\n<h4><strong><a href=\"https:\/\/fisicaevestibular.com.br\/novo\/eletricidade\/eletrostatica\/linhas-de-forca-de-campo-de-um-campo-eletrico-potencial-eletrostatico-2024\/\">Linhas de for\u00e7a (de campo) &#8211; Potencial eletrost\u00e1tico &#8211; 2024<\/a><\/strong><\/h4>\n<h4><a href=\"http:\/\/fisicaevestibular.com.br\/eletrostatica5.htm\">Superf\u00edcies equipotenciais &#8211; trabalho da for\u00e7a eletrost\u00e1tica<\/a><\/h4>\n<h4><a href=\"https:\/\/fisicaevestibular.com.br\/novo\/eletricidade\/eletrostatica\/superficies-equipotenciais-trabalho-da-forca-eletrostatica-2024\/\">Superf\u00edcies equipotenciais &#8211; trabalho da for\u00e7a eletrost\u00e1tica &#8211; 2024<\/a><\/h4>\n<h4><a href=\"http:\/\/fisicaevestibular.com.br\/eletrostatica6.htm\">Condutor em equil\u00edbrio eletrost\u00e1tico &#8211; Blindagem eletrost\u00e1tica<\/a><\/h4>\n<h4><a href=\"https:\/\/fisicaevestibular.com.br\/novo\/eletricidade\/eletrostatica\/condutor-em-equilibrio-eletrostatico-blindagem-eletrostatica-2024\/\">Condutor em equil\u00edbrio eletrost\u00e1tico &#8211; Blindagem eletrost\u00e1tica &#8211; 2024<\/a><\/h4>\n","protected":false},"excerpt":{"rendered":"<p>Estuda as cargas el\u00e9tricas em repouso, das for\u00e7as que agem sobre elas, do campo el\u00e9trico que origina essas for\u00e7as e da energia el\u00e9trica entre essas cargas. Carga el\u00e9trica e processos de eletriza\u00e7\u00e3o Carga el\u00e9trica e processos de eletriza\u00e7\u00e3o &#8211; (Atualizada 2024) For\u00e7a el\u00e9trica &#8211; Lei de Coulomb For\u00e7a el\u00e9trica &#8211; Lei de Coulomb &#8211; (Atualizada 2024) Campo El\u00e9trico Campo El\u00e9trico<\/p>\n","protected":false},"author":1,"featured_media":0,"parent":117,"menu_order":0,"comment_status":"closed","ping_status":"closed","template":"","meta":{"om_disable_all_campaigns":false,"_monsterinsights_skip_tracking":false,"_monsterinsights_sitenote_active":false,"_monsterinsights_sitenote_note":"","_monsterinsights_sitenote_category":0,"footnotes":""},"class_list":["post-193","page","type-page","status-publish","hentry"],"aioseo_notices":[],"_links":{"self":[{"href":"https:\/\/fisicaevestibular.com.br\/novo\/wp-json\/wp\/v2\/pages\/193","targetHints":{"allow":["GET"]}}],"collection":[{"href":"https:\/\/fisicaevestibular.com.br\/novo\/wp-json\/wp\/v2\/pages"}],"about":[{"href":"https:\/\/fisicaevestibular.com.br\/novo\/wp-json\/wp\/v2\/types\/page"}],"author":[{"embeddable":true,"href":"https:\/\/fisicaevestibular.com.br\/novo\/wp-json\/wp\/v2\/users\/1"}],"replies":[{"embeddable":true,"href":"https:\/\/fisicaevestibular.com.br\/novo\/wp-json\/wp\/v2\/comments?post=193"}],"version-history":[{"count":14,"href":"https:\/\/fisicaevestibular.com.br\/novo\/wp-json\/wp\/v2\/pages\/193\/revisions"}],"predecessor-version":[{"id":10119,"href":"https:\/\/fisicaevestibular.com.br\/novo\/wp-json\/wp\/v2\/pages\/193\/revisions\/10119"}],"up":[{"embeddable":true,"href":"https:\/\/fisicaevestibular.com.br\/novo\/wp-json\/wp\/v2\/pages\/117"}],"wp:attachment":[{"href":"https:\/\/fisicaevestibular.com.br\/novo\/wp-json\/wp\/v2\/media?parent=193"}],"curies":[{"name":"wp","href":"https:\/\/api.w.org\/{rel}","templated":true}]}}