{"id":1895,"date":"2016-02-11T22:52:01","date_gmt":"2016-02-11T22:52:01","guid":{"rendered":"http:\/\/fisicaevestibular.com.br\/novo\/?page_id=1895"},"modified":"2024-08-19T18:15:52","modified_gmt":"2024-08-19T18:15:52","slug":"forca-magnetica-sobre-um-condutor-retilineo-imerso-num-campo-magnetico-uniforme","status":"publish","type":"page","link":"https:\/\/fisicaevestibular.com.br\/novo\/eletricidade\/eletromagnetismo\/forca-magnetica-sobre-um-condutor-retilineo-imerso-num-campo-magnetico-uniforme\/","title":{"rendered":"For\u00e7a Magn\u00e9tica sobre um condutor retil\u00edneo imerso num campo magn\u00e9tico uniforme"},"content":{"rendered":"<p align=\"CENTER\"><span style=\"color: #0000cc;\"><span style=\"font-family: Arial Black,serif;\"><span style=\"font-size: large;\"><b>For\u00e7a Magn\u00e9tica sobre um condutor retil\u00edneo imerso num campo magn\u00e9tico uniforme<\/b><\/span><\/span><\/span><\/p>\n<p><span style=\"color: #0000cc;\">\u00a0<\/span><\/p>\n<p><span style=\"color: #c00000;\">\u00a0<span style=\"font-family: Arial,serif;\"><span style=\"font-size: medium;\"><b>Considere um <\/b><\/span><\/span><\/span><span style=\"color: #0000cc;\"><span style=\"font-family: Arial,serif;\"><span style=\"font-size: medium;\"><b>condutor retil\u00edneo de comprimento \u2113<\/b><\/span><\/span><\/span><span style=\"color: #c00000;\"><span style=\"font-family: Arial,serif;\"><span style=\"font-size: medium;\"><b> percorrido por uma <\/b><\/span><\/span><\/span><span style=\"color: #0000cc;\"><span style=\"font-family: Arial,serif;\"><span style=\"font-size: medium;\"><b>corrente el\u00e9trica<\/b><\/span><\/span><\/span><span style=\"color: #c00000;\"><span style=\"font-family: Arial,serif;\"><span style=\"font-size: medium;\"><b> (el\u00e9trons livres com <\/b><\/span><\/span><\/span><span style=\"color: #0000cc;\"><span style=\"font-family: Arial,serif;\"><span style=\"font-size: medium;\"><b>carga q,<\/b><\/span><\/span><\/span><span style=\"color: #c00000;\"><span style=\"font-family: Arial,serif;\"><span style=\"font-size: medium;\"><b> movendo-se com <\/b><\/span><\/span><\/span><span style=\"color: #0000cc;\"><span style=\"font-family: Arial,serif;\"><span style=\"font-size: medium;\"><b>velocidade V<\/b><\/span><\/span><\/span><span style=\"color: #c00000;\"><span style=\"font-family: Arial,serif;\"><span style=\"font-size: medium;\"><b>\u00a0no interior do condutor, pela sua <\/b><\/span><\/span><\/span><span style=\"color: #0000cc;\"><span style=\"font-family: Arial,serif;\"><span style=\"font-size: medium;\"><b>se\u00e7\u00e3o transversal). <\/b><\/span><\/span><\/span><\/p>\n<p><img fetchpriority=\"high\" decoding=\"async\" src=\"http:\/\/fisicaevestibular.com.br\/novo\/wp-content\/uploads\/migracao\/eletromag\/i_22c721995c24ed6f_html_328beb1d.png\" alt=\"\" width=\"775\" height=\"230\" name=\"Imagem 4\" align=\"BOTTOM\" border=\"0\" \/><\/p>\n<p align=\"CENTER\"><img decoding=\"async\" src=\"http:\/\/fisicaevestibular.com.br\/novo\/wp-content\/uploads\/migracao\/eletromag\/i_22c721995c24ed6f_html_e762582.png\" alt=\"\" width=\"774\" height=\"188\" name=\"Imagem 31\" align=\"BOTTOM\" border=\"0\" \/><\/p>\n<p align=\"CENTER\"><img decoding=\"async\" src=\"http:\/\/fisicaevestibular.com.br\/novo\/wp-content\/uploads\/migracao\/eletromag\/i_22c721995c24ed6f_html_3b7faede.png\" alt=\"\" width=\"775\" height=\"298\" name=\"Imagem 32\" align=\"BOTTOM\" border=\"0\" \/><\/p>\n<p><span style=\"color: #c00000;\">\u00a0<\/span><\/p>\n<p align=\"CENTER\"><span style=\"color: #0000cc;\"><span style=\"font-family: Arial Black,serif;\"><span style=\"font-size: large;\"><b>O que voc\u00ea deve saber, informa\u00e7\u00f5es e dicas<\/b><\/span><\/span><\/span><\/p>\n<p><img loading=\"lazy\" decoding=\"async\" src=\"http:\/\/fisicaevestibular.com.br\/novo\/wp-content\/uploads\/migracao\/eletromag\/i_22c721995c24ed6f_html_eae7e520.png\" alt=\"\" width=\"49\" height=\"22\" name=\"Imagem 2\" align=\"BOTTOM\" border=\"0\" \/><\/p>\n<p align=\"CENTER\"><img loading=\"lazy\" decoding=\"async\" src=\"http:\/\/fisicaevestibular.com.br\/novo\/wp-content\/uploads\/migracao\/eletromag\/i_22c721995c24ed6f_html_e762582.png\" alt=\"\" width=\"774\" height=\"188\" name=\"graphics1\" align=\"BOTTOM\" border=\"0\" \/><img loading=\"lazy\" decoding=\"async\" src=\"http:\/\/fisicaevestibular.com.br\/novo\/wp-content\/uploads\/migracao\/eletromag\/i_22c721995c24ed6f_html_2c9fba48.png\" alt=\"\" width=\"760\" height=\"216\" name=\"Imagem 1\" align=\"BOTTOM\" border=\"0\" \/><\/p>\n<p><img loading=\"lazy\" decoding=\"async\" src=\"http:\/\/fisicaevestibular.com.br\/novo\/wp-content\/uploads\/migracao\/eletromag\/i_22c721995c24ed6f_html_52554012.png\" alt=\"\" width=\"774\" height=\"87\" name=\"Imagem 5\" align=\"BOTTOM\" border=\"0\" \/><\/p>\n<p><img loading=\"lazy\" decoding=\"async\" src=\"http:\/\/fisicaevestibular.com.br\/novo\/wp-content\/uploads\/migracao\/eletromag\/i_22c721995c24ed6f_html_2597eb0.png\" alt=\"\" width=\"774\" height=\"174\" name=\"Imagem 7\" align=\"BOTTOM\" border=\"0\" \/><\/p>\n<p><img loading=\"lazy\" decoding=\"async\" src=\"http:\/\/fisicaevestibular.com.br\/novo\/wp-content\/uploads\/migracao\/eletromag\/i_22c721995c24ed6f_html_81fa084e.png\" alt=\"\" width=\"774\" height=\"180\" name=\"Imagem 8\" align=\"BOTTOM\" border=\"0\" \/><\/p>\n<p><img loading=\"lazy\" decoding=\"async\" src=\"http:\/\/fisicaevestibular.com.br\/novo\/wp-content\/uploads\/migracao\/eletromag\/i_22c721995c24ed6f_html_cf64759f.png\" alt=\"\" width=\"774\" height=\"184\" name=\"Imagem 10\" align=\"BOTTOM\" border=\"0\" \/><\/p>\n<p>&nbsp;<\/p>\n<h3><a title=\"Exerc\u00edcios com resolu\u00e7\u00e3o comentada sobre For\u00e7a Magn\u00e9tica sobre um condutor retil\u00edneo\" href=\"http:\/\/fisicaevestibular.com.br\/novo\/eletricidade\/eletromagnetismo\/forca-magnetica-sobre-um-condutor-retilineo-imerso-num-campo-magnetico-uniforme\/exercicios-com-resolucao-comentada-sobre-forca-magnetica-sobre-um-condutor-retilineo\/\"><span style=\"color: #000080;\">Confira os exerc\u00edcios<\/span><\/a><\/h3>\n","protected":false},"excerpt":{"rendered":"<p>For\u00e7a Magn\u00e9tica sobre um condutor retil\u00edneo imerso num campo magn\u00e9tico uniforme \u00a0 \u00a0Considere um condutor retil\u00edneo de comprimento \u2113 percorrido por uma corrente el\u00e9trica (el\u00e9trons livres com carga q, movendo-se com velocidade V\u00a0no interior do condutor, pela sua se\u00e7\u00e3o transversal). \u00a0 O que voc\u00ea deve saber, informa\u00e7\u00f5es e dicas &nbsp; Confira os exerc\u00edcios<\/p>\n","protected":false},"author":1,"featured_media":0,"parent":243,"menu_order":0,"comment_status":"closed","ping_status":"closed","template":"","meta":{"om_disable_all_campaigns":false,"_monsterinsights_skip_tracking":false,"_monsterinsights_sitenote_active":false,"_monsterinsights_sitenote_note":"","_monsterinsights_sitenote_category":0,"footnotes":""},"class_list":["post-1895","page","type-page","status-publish","hentry"],"aioseo_notices":[],"_links":{"self":[{"href":"https:\/\/fisicaevestibular.com.br\/novo\/wp-json\/wp\/v2\/pages\/1895","targetHints":{"allow":["GET"]}}],"collection":[{"href":"https:\/\/fisicaevestibular.com.br\/novo\/wp-json\/wp\/v2\/pages"}],"about":[{"href":"https:\/\/fisicaevestibular.com.br\/novo\/wp-json\/wp\/v2\/types\/page"}],"author":[{"embeddable":true,"href":"https:\/\/fisicaevestibular.com.br\/novo\/wp-json\/wp\/v2\/users\/1"}],"replies":[{"embeddable":true,"href":"https:\/\/fisicaevestibular.com.br\/novo\/wp-json\/wp\/v2\/comments?post=1895"}],"version-history":[{"count":2,"href":"https:\/\/fisicaevestibular.com.br\/novo\/wp-json\/wp\/v2\/pages\/1895\/revisions"}],"predecessor-version":[{"id":1903,"href":"https:\/\/fisicaevestibular.com.br\/novo\/wp-json\/wp\/v2\/pages\/1895\/revisions\/1903"}],"up":[{"embeddable":true,"href":"https:\/\/fisicaevestibular.com.br\/novo\/wp-json\/wp\/v2\/pages\/243"}],"wp:attachment":[{"href":"https:\/\/fisicaevestibular.com.br\/novo\/wp-json\/wp\/v2\/media?parent=1895"}],"curies":[{"name":"wp","href":"https:\/\/api.w.org\/{rel}","templated":true}]}}