{"id":184,"date":"2014-11-23T19:53:24","date_gmt":"2014-11-23T19:53:24","guid":{"rendered":"http:\/\/fisicaevestibular.com.br\/novo\/?page_id=184"},"modified":"2024-08-23T12:22:09","modified_gmt":"2024-08-23T12:22:09","slug":"resolucao-conceitos-e-definicoes-movimento-e-repouso","status":"publish","type":"page","link":"https:\/\/fisicaevestibular.com.br\/novo\/mecanica\/cinematica\/conceitos-e-definicoes-movimento-e-repouso\/resolucao-conceitos-e-definicoes-movimento-e-repouso\/","title":{"rendered":"Resolu\u00e7\u00e3o &#8211; Conceitos e defini\u00e7\u00f5es &#8211; movimento e repouso"},"content":{"rendered":"<h3 style=\"text-align: center;\"><span style=\"font-size: large;\">Conceitos e defini\u00e7\u00f5es &#8211; movimento e repouso<\/span><\/h3>\n<p class=\"MsoNormal\" style=\"text-align: center;\" align=\"center\"><span style=\"color: #000080; font-size: large;\"><span style=\"font-weight: bold;\">Resolu\u00e7\u00f5es<\/span><\/span><\/p>\n<p class=\"MsoNormal\"><b>01-<\/b> A \u00e1rvore est\u00e1 em <b>movimento<\/b> em rela\u00e7\u00e3o ao p\u00e1ssaro e vice-versa, pois a dist\u00e2ncia entre eles est\u00e1 variando com o tempo<\/p>\n<p class=\"MsoNormal\"><b>02-<\/b> a) Fixar um ponto (A) em qualquer parte do celim e outro ponto (B) em qualquer parte do pneu<\/p>\n<p class=\"MsoNormal\" style=\"text-align: center;\" align=\"center\"><img decoding=\"async\" src=\"http:\/\/fisicaevestibular.com.br\/images\/Cinematica1\/image028.jpg\" alt=\"\" width=\"247\" height=\"138\" \/><\/p>\n<p class=\"MsoNormal\">&#8212; observe que a dist\u00e2ncia entre os dois pontos fixos (A e B) est\u00e1 variando e, portanto, o<br \/>\ncelim est\u00e1 em movimento em rela\u00e7\u00e3o ao pneu e vice-versa.<\/p>\n<p class=\"MsoNormal\">b) \u00c0 medida que a bicicleta se desloca para a direita, um ponto fixo no pneu gira no sentido hor\u00e1rio e a uni\u00e3o dessas posi\u00e7\u00f5es (1, 2, 3, 4 e 5) fornece a trajet\u00f3ria desse ponto (veja figura).<\/p>\n<p class=\"MsoNormal\" style=\"text-align: center;\" align=\"center\"><img fetchpriority=\"high\" decoding=\"async\" src=\"http:\/\/fisicaevestibular.com.br\/images\/Cinematica1\/image029.jpg\" alt=\"\" width=\"538\" height=\"116\" \/><\/p>\n<p class=\"MsoNormal\">03- A rua 1 \u00e9 perimetral e a rua 2 \u00e9 radial<br \/>\n&#8212; podemos ter dois referenciais<br \/>\n&#8212; perimetral sul, corresponde a radial oeste e perimetral norte corresponde a radial leste<br \/>\n&#8212; <b>R- B <\/b><\/p>\n<p class=\"MsoNormal\"><b>04-<\/b> R- B (veja teoria)<\/p>\n<p class=\"MsoNormal\"><b>05-<\/b> R- (01 + 02)=<b> 03<\/b><\/p>\n<p class=\"MsoNormal\"><b>06-<\/b> a) Observe que, como o avi\u00e3o tem velocidade constante e despreza-se a resist\u00eancia do ar, pelo princ\u00edpio da in\u00e9rcia a bomba que \u00e9 abandonada, tem sempre a mesma velocidade horizontal que a do avi\u00e3o e estar\u00e1 sempre abaixo dele.<\/p>\n<p class=\"MsoNormal\" style=\"text-align: center;\" align=\"center\"><img decoding=\"async\" src=\"http:\/\/fisicaevestibular.com.br\/images\/Cinematica1\/image030.jpg\" alt=\"\" width=\"313\" height=\"180\" \/><\/p>\n<p class=\"MsoNormal\">Ao mesmo tempo, devido \u00e0 gravidade efetuar\u00e1 um movimento vertical e para baixo. Compondo esses dois movimentos, um observador fixo na Terra observar\u00e1 o arco de par\u00e1bola da figura.<\/p>\n<p class=\"MsoNormal\">b) Para um referencial ligado ao avi\u00e3o, a bomba ter\u00e1 um movimento de queda vertical devido \u00e0 a\u00e7\u00e3o da gravidade e sua trajet\u00f3ria ser\u00e1 um segmento de reta vertical<\/p>\n<p class=\"MsoNormal\"><b>07-<\/b> Uma reta vertical, pois cair\u00e1 verticalmente sujeita \u00e0 a\u00e7\u00e3o da gravidade.<\/p>\n<p class=\"MsoNormal\" style=\"text-autospace: none;\"><b>08-<\/b> <span style=\"font-size: 10.5pt;\">Em rela\u00e7\u00e3o \u00e0 Daniel, a bola tem o mesma velocidade horizontal que ele e, assim ela n\u00e3o se deslocar\u00e1 na<br \/>\nhorizontal, mas somente na vertical, retornando, no instante t<sub>2<\/sub>, \u00e0 sua m\u00e3o no ponto L &#8212; <b>R- B<\/b> <\/span><\/p>\n<p class=\"MsoNormal\" style=\"text-autospace: none;\"><b>09<\/b>&#8211; <b><span style=\"font-size: 10.5pt;\">R- E<\/span><\/b><span style=\"font-size: 10.5pt;\"> &#8212; (veja teoria)<\/span><\/p>\n<p class=\"Default\"><b>10-<\/b> <span style=\"color: windowtext;\">I- Errada \u2013 ele est\u00e1 em movimento em rela\u00e7\u00e3o \u00e0 Cebolinha, mas em repouso em rela\u00e7\u00e3o ao skate.<\/span><\/p>\n<p class=\"MsoNormal\">II- Correta \u2013 Veja I<\/p>\n<p class=\"MsoNormal\">III- Correta \u2013 o referencial (qualquer ponto ou corpo) est\u00e1<br \/>\nfixo na Terra<\/p>\n<p class=\"MsoNormal\"><b>R- D<\/b><\/p>\n<p class=\"MsoNormal\"><b>11-<\/b> O conceito de movimento e de repouso necessita sempre de dois corpos, dos quais um \u00e9 adotado como referencial &#8212; <b>R- D<\/b><\/p>\n<p class=\"MsoNormal\"><b>12-<\/b>Depende do referencial. Em rela\u00e7\u00e3o a um coqueiro, voc\u00ea estar\u00e1 em repouso, mas em rela\u00e7\u00e3o a uma gaivota voando voc\u00ea estar\u00e1 em movimento.<\/p>\n<p class=\"MsoNormal\"><b>13-<\/b> J\u00falia observa uma reta e Tom\u00e1s um arco de par\u00e1bola &#8212; <b>R- C<\/b><\/p>\n<p class=\"MsoNormal\"><b>14-<\/b> Em Mec\u00e2nica, o movimento e o repouso de um corpo s\u00e3o definidos em rela\u00e7\u00e3o a algum referencial. Para dizer que tanto Helo\u00edsa quanto Abelardo est\u00e3o corretos, devemos interpretar a afirma\u00e7\u00e3o de Helo\u00edsa como &#8220;o passageiro n\u00e3o se move em rela\u00e7\u00e3o ao \u00f4nibus&#8221;, e a afirma\u00e7\u00e3o de Abelardo como &#8220;o passageiro est\u00e1 em movimento em rela\u00e7\u00e3o \u00e0 Terra (ou \u00e0 rodovia)&#8221;<\/p>\n<p class=\"MsoNormal\"><b>15- <\/b>I \u2013 CORRETO &#8212; um referencial \u00e9 inercial quando est\u00e1 em repouso ou em MRU &#8212; logo, se uma part\u00edcula est\u00e1 em repouso em rela\u00e7\u00e3o a esse referencial, ele \u00e9 inercial.<\/p>\n<p class=\"MsoNormal\">II \u2013 CORRETO &#8212; uma part\u00edcula \u00e9 livre quando n\u00e3o h\u00e1 for\u00e7as atuando sobre ela ou a resultante das for\u00e7as \u00e9 nula. Logo, est\u00e1 em repouso ou em MRU.<\/p>\n<p class=\"MsoNormal\">III \u2013 CORRETO &#8212; quando a resultante das for\u00e7as que atuam sobre um corpo \u00e9 nula este n\u00e3o possui acelera\u00e7\u00e3o (F<sub>R<\/sub> = m . a) &#8212; logo, s\u00f3 poder\u00e1 estar em repouso ou em MRU.<\/p>\n<p class=\"MsoNormal\"><b>R- E<\/b><\/p>\n<p class=\"MsoNormal\"><b>16- <\/b>Velocidade do \u00f4nibus<br \/>\n&#8212; V<sub>o<\/sub>=1.800\/120<br \/>\n&#8212; V<sub>o<\/sub>=15m\/s<\/p>\n<p>&#8212; velocidade da pessoa<br \/>\n&#8212; V<sub>p<\/sub>=1.800\/1.800<br \/>\n&#8212; V<sub>p<\/sub>=1m\/s<\/p>\n<p>&#8212; como eles se movem na mesma dire\u00e7\u00e3o e mesmo sentido, a velocidade relativa \u00e9 a diferen\u00e7a entre as velocidades<br \/>\n&#8212; V<sub>R<\/sub>=15 \u2013 1<br \/>\n&#8212; V<sub>R<\/sub>=14m\/s<br \/>\n&#8212;<b>&#8211; R \u2013 B<\/b><\/p>\n<p>&nbsp;<\/p>\n<p class=\"MsoNormal\" style=\"text-align: justify; line-height: 15.65pt;\"><b>17-<\/b>01. Correta &#8212; para definir se a pessoa est\u00e1 em repouso ou em movimento voc\u00ea deve escolher um referencial ou sistema de refer\u00eancia, ou seja, algum elemento com o qual voc\u00ea possa fazer uma compara\u00e7\u00e3o, pois o conceito de repouso ou de movimento est\u00e1 sempre relacionado a um outro corpo.<\/p>\n<p class=\"MsoNormal\" style=\"text-align: justify; line-height: 15.65pt;\">A defini\u00e7\u00e3o de repouso ou de movimento \u00e9 a seguinte: Um corpo est\u00e1 em repouso ou em movimento em rela\u00e7\u00e3o a outro corpo quando a dist\u00e2ncia entre ele variar no decorrer do tempo. Caso contr\u00e1rio estar\u00e1 em repouso.<\/p>\n<p class=\"MsoNormal\" style=\"text-align: justify; line-height: 15.65pt;\">02. Falsa &#8212; considere uma pessoa sentada, im\u00f3vel na poltrona de um trem que est\u00e1 se afastando de uma cidade &#8212; Esta pessoa estar\u00e1 em movimento em rela\u00e7\u00e3o \u00e0 cidade, ou \u00e0<br \/>\numa \u00e1rvore, ou aos trilhos e em repouso em rela\u00e7\u00e3o ao trem.<\/p>\n<p class=\"MsoNormal\" style=\"text-align: justify; line-height: 15.65pt;\"><img loading=\"lazy\" decoding=\"async\" src=\"http:\/\/fisicaevestibular.com.br\/images\/Atualizacao\/atualizacao19\/image016.jpg\" alt=\"\" width=\"192\" height=\"112\" \/> <img loading=\"lazy\" decoding=\"async\" src=\"http:\/\/fisicaevestibular.com.br\/images\/Atualizacao\/atualizacao19\/image017.jpg\" alt=\"\" width=\"249\" height=\"112\" \/><\/p>\n<p class=\"MsoNormal\" style=\"text-align: justify; line-height: 15.65pt;\">04. Correta<br \/>\n&#8212; veja a express\u00e3o<br \/>\n&#8212; V=\u2206S\/\u2206t<br \/>\n&#8212; \u2206S=V.\u2206t.<\/p>\n<p class=\"MsoNormal\" style=\"text-align: justify; line-height: 15.65pt;\">08. Correta &#8212; essa \u00e9 a defini\u00e7\u00e3o de acelera\u00e7\u00e3o m\u00e9dia.<\/p>\n<p class=\"MsoNormal\" style=\"text-align: justify; line-height: 15.65pt;\">16. Correta &#8212; um corpo em movimento uniforme possui velocidade constante (sempre a mesma em qualquer instante).<\/p>\n<p class=\"MsoNormal\" style=\"text-align: justify; line-height: 15.65pt;\">Corretas: 01, 04, 08 e 16 &#8212; <b>Soma=29<\/b><\/p>\n<p class=\"MsoNormal\" style=\"text-align: justify; line-height: 15.65pt;\"><b>18-<\/b>Est\u00e1(ao) correta(s):<\/p>\n<p class=\"MsoNormal\" style=\"text-align: justify; line-height: 15.65pt;\">a) apenas I.<br \/>\nb) apenas II.<br \/>\nc) apenas III.<br \/>\nd) apenas I e II.<br \/>\ne) I, II e III.<\/p>\n<p class=\"MsoNormal\" style=\"text-align: justify; line-height: 15.65pt;\">I. Correta &#8212; a dist\u00e2ncia entre eles e um ponto fixo na pista est\u00e1 variando de um mesmo valor num mesmo intervalo de tempo.<\/p>\n<p class=\"MsoNormal\" style=\"text-align: justify; line-height: 15.65pt;\">II. Correta &#8212; a dist\u00e2ncia entre eles n\u00e3o est\u00e1 variando.<\/p>\n<p class=\"MsoNormal\" style=\"text-align: justify; line-height: 15.65pt;\">III. Falsa &#8212; o referencial pode ser colocado em qualquer corpo.<\/p>\n<p class=\"MsoNormal\" style=\"text-align: justify; line-height: 15.65pt;\"><b>R- D<\/b><\/p>\n<p class=\"MsoNormal\"><b>19-<\/b> Pelas informa\u00e7\u00f5es do quadro Note e adote, quando os raios x atingem qualquer um dos objetos ocorre uma <b>diminui\u00e7\u00e3o<\/b> (a absor\u00e7\u00e3o da radia\u00e7\u00e3o \u00e9 proporcional \u00e1 espessura do material) na intensidade da radia\u00e7\u00e3o informada no detetor &#8212; com o gerador-receptor movendo-se para a direita na dire\u00e7\u00e3o x (indica\u00e7\u00e3o I) &#8212; primeiro as radia\u00e7\u00f5es<\/p>\n<p class=\"MsoNormal\"><img loading=\"lazy\" decoding=\"async\" id=\"Imagem 5\" src=\"http:\/\/fisicaevestibular.com.br\/images\/Atualizacao\/atualizacao20\/image011.jpg\" alt=\"\" width=\"184\" height=\"261\" border=\"0\" \/><\/p>\n<p class=\"MsoNormal\">atingem o cilindro, provocando uma diminui\u00e7\u00e3o de intensidade de formato semi-circular (I), em seguida, ao atravessar todo cilindro retorna \u00e0 situa\u00e7\u00e3o original (II) &#8212; em seguida, atinge o paralelep\u00edpedo adquirindo seu formato retangular (III) &#8212; ent\u00e3o, aos atravessar o paralelep\u00edpedo retorna \u00e0 posi\u00e7\u00e3o original (IV) &#8212; agora o conjunto gerador-detetor est\u00e1 se movendo na dire\u00e7\u00e3o vertical, para cima &#8212; primeiro tem uma diminui\u00e7\u00e3o no formato retangular do paralelep\u00edpedo (I)<\/p>\n<p class=\"MsoNormal\"><img loading=\"lazy\" decoding=\"async\" id=\"Imagem 6\" src=\"http:\/\/fisicaevestibular.com.br\/images\/Atualizacao\/atualizacao20\/image012.jpg\" alt=\"\" width=\"401\" height=\"158\" border=\"0\" \/><\/p>\n<p class=\"MsoNormal\">e logo depois da circunfer\u00eancia at\u00e9 acabar a passagem pelo cilindro (II) &#8212; a\u00ed, o formato da diminui\u00e7\u00e3o volta a ser retangular (III) &#8212; ent\u00e3o, ap\u00f3s essa passagem volta \u00e0 situa\u00e7\u00e3o original.<\/p>\n<p class=\"MsoNormal\"><b>R- D.<\/b><\/p>\n<p class=\"MsoNormal\"><b>20- <\/b>a) Chamando de 0 o centro da Terra e de S o ponto onde est\u00e1 o sat\u00e9lite, voc\u00ea ter\u00e1 para qualquer um dos dois tri\u00e2ngulos abaixo &#8212; cos\u03b2=cateto adjacente\/hipotenusa=6400\/(6400 + 6400)=1\/2 &#8212; \u03b2=60o=\u03c0\/3 rad (figura 1) &#8212;<\/p>\n<p class=\"MsoNormal\"><img loading=\"lazy\" decoding=\"async\" id=\"Imagem 91\" src=\"http:\/\/fisicaevestibular.com.br\/images\/Atualizacao\/atualizacao20\/image013.jpg\" alt=\"http:\/\/www.fisicaevestibular.com.br\/Universidades2013\/Imagens\/Unicamp13\/image050.jpg\" width=\"361\" height=\"255\" border=\"0\" \/><\/p>\n<p class=\"MsoNormal\" style=\"text-align: justify;\">mas, observe na figura 2 que \u03b1=2\u03b2=120<sup>o<\/sup>=2\u03c0\/3 rad &#8212; \u03b1 = comprimento do arco AB\/R &#8212; 2\u03c0\/3 = S<sub>AB<\/sub>\/6400 &#8212; S<sub>AB<\/sub>=12800\u03c0\/3= 12800.3\/3 &#8212; <b>S<sub>AB<\/sub>=12800km.<\/b><\/p>\n<p class=\"MsoNormal\" style=\"text-align: justify;\">b) Observe o tri\u00e2ngulo abaixo &#8212; utilizando o teorema dos cossenos &#8212; d<sup>2<\/sup>=(OS)<sup>2<\/sup> + (OC)<sup>2<\/sup> \u2013 2.(OS).(OC).cos\u03b8 &#8212;<\/p>\n<p class=\"MsoNormal\" style=\"text-align: justify;\"><img loading=\"lazy\" decoding=\"async\" id=\"Imagem 92\" src=\"http:\/\/fisicaevestibular.com.br\/images\/Atualizacao\/atualizacao20\/image014.jpg\" alt=\"http:\/\/www.fisicaevestibular.com.br\/Universidades2013\/Imagens\/Unicamp13\/image051.jpg\" width=\"91\" height=\"258\" border=\"0\" \/><\/p>\n<p class=\"MsoNoSpacing\">d<sup>2<\/sup>=(12800)<sup>2<\/sup> + (6400)<sup>2<\/sup> + 2.(12800).(6400).(3\/4)<br \/>\n&#8212; <b>d=6400\u221a2 km.<\/b><\/p>\n<p class=\"MsoNoSpacing\"><b>21- <\/b>Essa escala fornecida quer dizer que cada 1cm medido no<br \/>\nmapa vale na realidade 50.000cm=5.10<sup>4<\/sup>cm=5.10<sup>4<\/sup>x 10<sup>-5<\/sup>km=5.10<sup>-1<\/sup>km=0,5km<br \/>\n&#8212; como a cidade tem 4,5km voc\u00ea pode usar uma regra de tr\u00eas<br \/>\n&#8212; 1cm \u2013 0,5km &#8212; kcm \u2013 4,5km &#8212;<br \/>\nk=4,5\/0,5 &#8212; k=9cm &#8212; <b>R- A.<\/b><\/p>\n<p class=\"MsoNoSpacing\"><b>22-<\/b><span class=\"apple-converted-space\"><b>&#8211;<\/b><\/span>Quando se desliga o pedal da embreagem mantendo pressionado o acelerador, o carro acelera &#8212; <b> R- C.<\/b><\/p>\n<h3 class=\"MsoNoSpacing\"><span style=\"color: #003366;\"><a style=\"color: #003366;\" title=\"Exerc\u00edcios \u2013 Conceitos e defini\u00e7\u00f5es \u2013 movimento e repouso\" href=\"http:\/\/fisicaevestibular.com.br\/novo\/mecanica\/cinematica\/conceitos-e-definicoes-movimento-e-repouso\/exercicios-movimento-repouso\/\">Confira os Exerc\u00edcios<\/a><\/span><\/h3>\n","protected":false},"excerpt":{"rendered":"<p>Conceitos e defini\u00e7\u00f5es &#8211; movimento e repouso Resolu\u00e7\u00f5es 01- A \u00e1rvore est\u00e1 em movimento em rela\u00e7\u00e3o ao p\u00e1ssaro e vice-versa, pois a dist\u00e2ncia entre eles est\u00e1 variando com o tempo 02- a) Fixar um ponto (A) em qualquer parte do celim e outro ponto (B) em qualquer parte do pneu &#8212; observe que a dist\u00e2ncia entre os dois pontos fixos<\/p>\n","protected":false},"author":1,"featured_media":0,"parent":177,"menu_order":0,"comment_status":"closed","ping_status":"closed","template":"","meta":{"om_disable_all_campaigns":false,"_monsterinsights_skip_tracking":false,"_monsterinsights_sitenote_active":false,"_monsterinsights_sitenote_note":"","_monsterinsights_sitenote_category":0,"footnotes":""},"class_list":["post-184","page","type-page","status-publish","hentry"],"aioseo_notices":[],"_links":{"self":[{"href":"https:\/\/fisicaevestibular.com.br\/novo\/wp-json\/wp\/v2\/pages\/184","targetHints":{"allow":["GET"]}}],"collection":[{"href":"https:\/\/fisicaevestibular.com.br\/novo\/wp-json\/wp\/v2\/pages"}],"about":[{"href":"https:\/\/fisicaevestibular.com.br\/novo\/wp-json\/wp\/v2\/types\/page"}],"author":[{"embeddable":true,"href":"https:\/\/fisicaevestibular.com.br\/novo\/wp-json\/wp\/v2\/users\/1"}],"replies":[{"embeddable":true,"href":"https:\/\/fisicaevestibular.com.br\/novo\/wp-json\/wp\/v2\/comments?post=184"}],"version-history":[{"count":5,"href":"https:\/\/fisicaevestibular.com.br\/novo\/wp-json\/wp\/v2\/pages\/184\/revisions"}],"predecessor-version":[{"id":10790,"href":"https:\/\/fisicaevestibular.com.br\/novo\/wp-json\/wp\/v2\/pages\/184\/revisions\/10790"}],"up":[{"embeddable":true,"href":"https:\/\/fisicaevestibular.com.br\/novo\/wp-json\/wp\/v2\/pages\/177"}],"wp:attachment":[{"href":"https:\/\/fisicaevestibular.com.br\/novo\/wp-json\/wp\/v2\/media?parent=184"}],"curies":[{"name":"wp","href":"https:\/\/api.w.org\/{rel}","templated":true}]}}