{"id":177,"date":"2014-11-23T19:33:38","date_gmt":"2014-11-23T19:33:38","guid":{"rendered":"http:\/\/fisicaevestibular.com.br\/novo\/?page_id=177"},"modified":"2024-08-22T17:48:11","modified_gmt":"2024-08-22T17:48:11","slug":"conceitos-e-definicoes-movimento-e-repouso","status":"publish","type":"page","link":"https:\/\/fisicaevestibular.com.br\/novo\/mecanica\/cinematica\/conceitos-e-definicoes-movimento-e-repouso\/","title":{"rendered":"Conceitos e defini\u00e7\u00f5es &#8211; movimento e repouso"},"content":{"rendered":"<h3 style=\"text-align: center;\"><span style=\"font-size: large;\">Conceitos e defini\u00e7\u00f5es &#8211; movimento e repouso<\/span><\/h3>\n<p class=\"MsoNormal\"><b><img decoding=\"async\" src=\"http:\/\/fisicaevestibular.com.br\/images\/Cinematica1\/image004.jpg\" alt=\"\" width=\"21\" height=\"12\" \/>Cinem\u00e1tica<\/b> \u2013 parte da mec\u00e2nica que estuda os v\u00e1rios tipos de movimento descritos por diferentes tipos de corpos, sem se preocupar com suas causas.<\/p>\n<p class=\"MsoNormal\"><b><img decoding=\"async\" src=\"http:\/\/fisicaevestibular.com.br\/images\/Cinematica1\/image004.jpg\" alt=\"\" width=\"21\" height=\"12\" \/>Part\u00edcula ou ponto material e corpo extenso &#8211; <\/b>Se<b> <\/b>as dimens\u00f5es (tamanho) de um m\u00f3vel s\u00e3o desprez\u00edveis em compara\u00e7\u00e3o com as dimens\u00f5es dos outros corpos que participam do fen\u00f4meno em estudo, dizemos que se trata uma part\u00edcula ou ponto material. Se essas dimens\u00f5es do corpo n\u00e3o podem ser desprezadas, ele \u00e9 chamado de corpo extenso.<\/p>\n<p class=\"MsoNormal\">Assim, um mesmo corpo pode ser um ponto material ou corpo extenso, dependendo da situa\u00e7\u00e3o.<\/p>\n<p class=\"MsoNormal\"><img fetchpriority=\"high\" decoding=\"async\" src=\"http:\/\/fisicaevestibular.com.br\/images\/Cinematica1\/image005.jpg\" alt=\"\" width=\"725\" height=\"183\" \/><\/p>\n<p class=\"MsoNormal\">Se uma jamanta, por exemplo, de 50m de comprimento estiver em uma rodovia indo de S\u00e3o Paulo ao Rio de Janeiro, as suas dimens\u00f5es n\u00e3o t\u00eam a menor import\u00e2ncia no estudo do seu movimento, trata-se de um ponto material; no entanto, se a mesma jamanta estiver percorrendo um quarteir\u00e3o de 100m, suas dimens\u00f5es n\u00e3o podem ser desprezadas e neste caso trata-se de um corpo extenso (figura1).<\/p>\n<p class=\"MsoNormal\"><b><img decoding=\"async\" src=\"http:\/\/fisicaevestibular.com.br\/images\/Cinematica1\/image004.jpg\" alt=\"\" width=\"21\" height=\"12\" \/>Repouso e movimento <\/b>\u2013 Considere uma pessoa sentada, im\u00f3vel na poltrona de um trem que est\u00e1 se afastando de uma cidade.<b> <\/b><\/p>\n<p class=\"MsoNormal\" style=\"text-align: center;\" align=\"center\"><b><img decoding=\"async\" src=\"http:\/\/fisicaevestibular.com.br\/images\/Cinematica1\/image006.jpg\" alt=\"\" width=\"185\" height=\"107\" \/> <img loading=\"lazy\" decoding=\"async\" src=\"http:\/\/fisicaevestibular.com.br\/images\/Cinematica1\/image007.jpg\" alt=\"\" width=\"265\" height=\"120\" \/><\/b><\/p>\n<p class=\"MsoNormal\">Para definir se a pessoa est\u00e1 em repouso ou em movimento voc\u00ea deve escolher <b>um referencial ou sistema de refer\u00eancia<\/b>, ou seja, algum elemento com o qual voc\u00ea possa fazer uma compara\u00e7\u00e3o, pois o conceito de repouso ou de movimento est\u00e1 sempre relacionado a um outro corpo.<\/p>\n<p class=\"MsoNormal\">A defini\u00e7\u00e3o de repouso ou de movimento \u00e9 a seguinte: Um corpo est\u00e1 em repouso ou em movimento em rela\u00e7\u00e3o a outro corpo quando a dist\u00e2ncia entre ele variar no decorrer do tempo. Caso contr\u00e1rio estar\u00e1 em repouso.<\/p>\n<p class=\"MsoNormal\">Assim, no exemplo acima, a pessoa estar\u00e1 em movimento em rela\u00e7\u00e3o \u00e0 cidade, ou \u00e0 uma \u00e1rvore, ou aos trilhos e em repouso em rela\u00e7\u00e3o ao trem.<\/p>\n<p class=\"MsoNormal\"><b><img decoding=\"async\" src=\"http:\/\/fisicaevestibular.com.br\/images\/Cinematica1\/image004.jpg\" alt=\"\" width=\"21\" height=\"12\" \/>Trajet\u00f3ria<\/b> \u2013 pode ser considerada como sendo o lugar geom\u00e9trico dos sucessivos pontos ocupados pelo m\u00f3vel no decorrer do tempo ou tamb\u00e9m pode ser considerado como o caminho percorrido pelo m\u00f3vel no decorrer do tempo.<\/p>\n<p class=\"MsoNormal\" style=\"text-align: center;\" align=\"center\"><img loading=\"lazy\" decoding=\"async\" src=\"http:\/\/fisicaevestibular.com.br\/images\/Cinematica1\/image008.jpg\" alt=\"\" width=\"276\" height=\"141\" \/> <img loading=\"lazy\" decoding=\"async\" src=\"http:\/\/fisicaevestibular.com.br\/images\/Cinematica1\/image009.jpg\" alt=\"\" width=\"379\" height=\"176\" \/><\/p>\n<p class=\"MsoNormal\" style=\"text-align: center;\" align=\"center\"><span style=\"font-size: large;\"><br \/>\n<span style=\"color: #000080; font-weight: bold;\">O que voc\u00ea deve saber<\/span><\/span><\/p>\n<p class=\"MsoNormal\"><img loading=\"lazy\" decoding=\"async\" src=\"http:\/\/fisicaevestibular.com.br\/images\/Cinematica1\/image011.jpg\" alt=\"\" width=\"13\" height=\"12\" \/> O conceito de ponto material ou corpo extenso \u00e9 relativo, pois um elefante ser\u00e1 um corpo extenso em rela\u00e7\u00e3o a uma formiga e um ponto material em rela\u00e7\u00e3o ao planeta Terra.<\/p>\n<p class=\"MsoNormal\" style=\"text-align: center;\" align=\"center\"><img loading=\"lazy\" decoding=\"async\" src=\"http:\/\/fisicaevestibular.com.br\/images\/Cinematica1\/image012.jpg\" alt=\"\" width=\"407\" height=\"124\" \/><\/p>\n<p class=\"MsoNormal\"><img loading=\"lazy\" decoding=\"async\" src=\"http:\/\/fisicaevestibular.com.br\/images\/Cinematica1\/image011.jpg\" alt=\"\" width=\"13\" height=\"12\" \/> Qualquer elemento do sistema solar (planetas, estrela, sat\u00e9lites, etc.) est\u00e1 sempre em movimento um em rela\u00e7\u00e3o ao outro.<\/p>\n<p class=\"MsoNormal\"><img loading=\"lazy\" decoding=\"async\" src=\"http:\/\/fisicaevestibular.com.br\/images\/Cinematica1\/image011.jpg\" alt=\"\" width=\"13\" height=\"12\" \/> A trajet\u00f3ria de um corpo depende do referencial. Como exemplo, considere um vag\u00e3o passando por uma plataforma com velocidade constante, tendo em seu interior uma pessoa sentada e, na plataforma, outra pessoa observando o vag\u00e3o passar.<\/p>\n<p class=\"MsoNormal\" style=\"text-align: center;\" align=\"center\"><img loading=\"lazy\" decoding=\"async\" src=\"http:\/\/fisicaevestibular.com.br\/images\/Cinematica1\/image013.jpg\" alt=\"\" width=\"240\" height=\"122\" \/><\/p>\n<p class=\"MsoNormal\">Um lustre se desprende do solo. Observe nas figuras abaixo que cada pessoa, ou seja, cada referencial observar\u00e1 trajet\u00f3rias diferentes para o lustre. O primeiro observar\u00e1 uma reta vertical e o segundo um arco de par\u00e1bola.<\/p>\n<p class=\"MsoNormal\"><img loading=\"lazy\" decoding=\"async\" src=\"http:\/\/fisicaevestibular.com.br\/images\/Cinematica1\/image014.jpg\" alt=\"\" width=\"235\" height=\"208\" \/><img loading=\"lazy\" decoding=\"async\" src=\"http:\/\/fisicaevestibular.com.br\/images\/Cinematica1\/image015.jpg\" alt=\"\" width=\"466\" height=\"215\" \/><\/p>\n<h3 class=\"MsoNormal\"><span style=\"color: #000080;\"><a style=\"color: #000080;\" title=\"Exerc\u00edcios \u2013 Conceitos e defini\u00e7\u00f5es \u2013 movimento e repouso\" href=\"http:\/\/fisicaevestibular.com.br\/novo\/mecanica\/cinematica\/conceitos-e-definicoes-movimento-e-repouso\/exercicios-movimento-repouso\/\">Confira os Exerc\u00edcios<\/a><\/span><\/h3>\n","protected":false},"excerpt":{"rendered":"<p>Conceitos e defini\u00e7\u00f5es &#8211; movimento e repouso Cinem\u00e1tica \u2013 parte da mec\u00e2nica que estuda os v\u00e1rios tipos de movimento descritos por diferentes tipos de corpos, sem se preocupar com suas causas. Part\u00edcula ou ponto material e corpo extenso &#8211; Se as dimens\u00f5es (tamanho) de um m\u00f3vel s\u00e3o desprez\u00edveis em compara\u00e7\u00e3o com as dimens\u00f5es dos outros corpos que participam do fen\u00f4meno<\/p>\n","protected":false},"author":1,"featured_media":0,"parent":139,"menu_order":0,"comment_status":"closed","ping_status":"closed","template":"","meta":{"om_disable_all_campaigns":false,"_monsterinsights_skip_tracking":false,"_monsterinsights_sitenote_active":false,"_monsterinsights_sitenote_note":"","_monsterinsights_sitenote_category":0,"footnotes":""},"class_list":["post-177","page","type-page","status-publish","hentry"],"aioseo_notices":[],"_links":{"self":[{"href":"https:\/\/fisicaevestibular.com.br\/novo\/wp-json\/wp\/v2\/pages\/177","targetHints":{"allow":["GET"]}}],"collection":[{"href":"https:\/\/fisicaevestibular.com.br\/novo\/wp-json\/wp\/v2\/pages"}],"about":[{"href":"https:\/\/fisicaevestibular.com.br\/novo\/wp-json\/wp\/v2\/types\/page"}],"author":[{"embeddable":true,"href":"https:\/\/fisicaevestibular.com.br\/novo\/wp-json\/wp\/v2\/users\/1"}],"replies":[{"embeddable":true,"href":"https:\/\/fisicaevestibular.com.br\/novo\/wp-json\/wp\/v2\/comments?post=177"}],"version-history":[{"count":2,"href":"https:\/\/fisicaevestibular.com.br\/novo\/wp-json\/wp\/v2\/pages\/177\/revisions"}],"predecessor-version":[{"id":191,"href":"https:\/\/fisicaevestibular.com.br\/novo\/wp-json\/wp\/v2\/pages\/177\/revisions\/191"}],"up":[{"embeddable":true,"href":"https:\/\/fisicaevestibular.com.br\/novo\/wp-json\/wp\/v2\/pages\/139"}],"wp:attachment":[{"href":"https:\/\/fisicaevestibular.com.br\/novo\/wp-json\/wp\/v2\/media?parent=177"}],"curies":[{"name":"wp","href":"https:\/\/api.w.org\/{rel}","templated":true}]}}