{"id":172,"date":"2014-11-23T18:44:05","date_gmt":"2014-11-23T18:44:05","guid":{"rendered":"http:\/\/fisicaevestibular.com.br\/novo\/?page_id=172"},"modified":"2024-08-23T12:39:19","modified_gmt":"2024-08-23T12:39:19","slug":"resolucao-do-movimento-uniforme-e-encontro-de-moveis-em-mu","status":"publish","type":"page","link":"https:\/\/fisicaevestibular.com.br\/novo\/mecanica\/cinematica\/movimento-uniforme-e-encontro-de-moveis-em-mu\/resolucao-do-movimento-uniforme-e-encontro-de-moveis-em-mu\/","title":{"rendered":"Movimento uniforme e encontro de m\u00f3veis em MU &#8211; Resolu\u00e7\u00e3o"},"content":{"rendered":"<p style=\"text-align: center;\"><span style=\"color: #000080; font-weight: bold;\">Movimento uniforme e encontro de m\u00f3veis em MU<\/span><\/p>\n<p class=\"MsoNormal\" style=\"text-align: center;\" align=\"center\"><span style=\"font-size: large;\"><br \/>\n<span style=\"color: #000080; font-weight: bold;\">Resolu\u00e7\u00f5es<\/span><\/span><\/p>\n<p class=\"MsoNormal\"><b>01-<\/b> Colocando a origem da trajet\u00f3ria em Florian\u00f3polis e orientando a trajet\u00f3ria para a direita &#8212; equa\u00e7\u00e3o hor\u00e1ria &#8212; S = S<sub>o<\/sub> + Vt &#8212; S= 0 + 60t &#8212; quando ele chega em Laguna<br \/>\nS=100km &#8212; 100=60t &#8212; t=5\/3h=1h +2\/3h=1h e 40min (tempo do percurso)<\/p>\n<p class=\"MsoNormal\">Chegou em Laguna \u00e0s 13h e 30min + 1h e 40min &#8212; t=15h e 10min &#8212; <b>R- A<\/b><\/p>\n<p class=\"MsoNormal\"><b>02<\/b>&#8211;<\/p>\n<p class=\"MsoNormal\"><img decoding=\"async\" src=\"http:\/\/fisicaevestibular.com.br\/images\/cinematica3\/image032.jpg\" alt=\"\" width=\"103\" height=\"65\" \/><\/p>\n<p class=\"MsoNormal\">A velocidade escalar \u00e9 positiva e portanto, o movimento \u00e9 progressivo &#8212; <b>R- C<\/b><\/p>\n<p class=\"MsoNormal\"><b>03-<\/b> a) O cron\u00f4metro foi acionado (t=0) quando ele passava pela posi\u00e7\u00e3o (marco, espa\u00e7o) 30m &#8212; S<sub>o<\/sub>=30m &#8212; o movimento \u00e9 retr\u00f3grado (move-se em sentido contr\u00e1rio ao dos marcos crescentes)<\/p>\n<p class=\"MsoNormal\">&#8212; V= &#8211; 5m\/s<\/p>\n<p class=\"MsoNormal\">&#8212; S= S<sub>o<\/sub> + Vt<\/p>\n<p class=\"MsoNormal\">&#8212; S=30 +(-5)t<\/p>\n<p class=\"MsoNormal\">&#8212; <b>S=30 \u2013 5t<\/b><\/p>\n<p class=\"MsoNormal\">b) Quando ele passa pela origem dos espa\u00e7os,<\/p>\n<p class=\"MsoNormal\">S=0<\/p>\n<p class=\"MsoNormal\">&#8212; 0=30<br \/>\n\u2013 5t &#8212; <b>t=6s<\/b><\/p>\n<p class=\"MsoNormal\"><b>04-<\/b> a) S=10 \u2013 2.6=10 \u2013 12 &#8212; <b>S= -2m<\/b><\/p>\n<p class=\"MsoNormal\">b) t=1s<\/p>\n<p class=\"MsoNormal\">&#8212; S<sub>1<\/sub>=10 \u2013 2.1 &#8212; S<sub>1<\/sub>=8m<\/p>\n<p class=\"MsoNormal\">&#8212; t=4s<\/p>\n<p class=\"MsoNormal\">&#8212; S<sub>4<\/sub>=10 \u2013 2.4<\/p>\n<p class=\"MsoNormal\">&#8212; S<sub>4<\/sub>=2m<\/p>\n<p class=\"MsoNormal\">&#8212; \u0394S= S<sub>4 <\/sub>\u2013 S<sub>1<\/sub>=2 \u2013 8= -6m<\/p>\n<p class=\"MsoNormal\">&#8212; <b>\u0394S= -6m<\/b><\/p>\n<p class=\"MsoNormal\">c) Origem \u2013 S=0 &#8212; 0=10 \u2013 2t &#8212; <b>t=5s<\/b><\/p>\n<p class=\"MsoNormal\"><b>05-<\/b><\/p>\n<p class=\"MsoNormal\">a) V<sub>m<\/sub>=(S<sub>4<\/sub> \u2013 S<sub>2<\/sub>)\/(t<sub>4<\/sub>\u2013 t<sub>2<\/sub>) = (1500 \u2013 500)\/(71,9 \u2013 24,2)=1.000\/47,7 &#8212; V<sub>m<\/sub>=21m\/s<\/p>\n<p class=\"MsoNormal\">b) N\u00e3o, observe que ele percorre mesma dist\u00e2ncia 500m em intervalos de tempo diferentes.<\/p>\n<p class=\"MsoNormal\"><b>06-<\/b> S=S<sub>o<\/sub> + Vt &#8212; 0=560 \u2013 70t &#8212; <b>t=8h<\/b><\/p>\n<p class=\"MsoNormal\"><b>07-<\/b> Fixando um ponto P no final do trem onde coloca-se a origem da trajet\u00f3ria que \u00e9 orientada para a direita &#8212; na situa\u00e7\u00e3o inicial<\/p>\n<p class=\"MsoNormal\" style=\"text-align: center;\" align=\"center\"><img fetchpriority=\"high\" decoding=\"async\" src=\"http:\/\/fisicaevestibular.com.br\/images\/cinematica3\/image033.jpg\" alt=\"\" width=\"501\" height=\"103\" \/><\/p>\n<p class=\"MsoNormal\">deduz-se a equa\u00e7\u00e3o hor\u00e1ria do ponto P e na situa\u00e7\u00e3o final<br \/>\nS=320m<\/p>\n<p class=\"MsoNormal\">&#8212; inicial<br \/>\n\u2013 S=S<sub>o<\/sub> + Vt<br \/>\n&#8212; S= 0 + 10t<br \/>\n&#8212; S= 10t<\/p>\n<p>&#8212;final<br \/>\n\u2013 S=320m &#8212; 320=10t &#8212; t=32s &#8212; <b>R- A<\/b><\/p>\n<p class=\"MsoNormal\"><b>08-<\/b> a) Como o tempo para o sinal ir de R at\u00e9 B \u00e9 menor, o receptor R est\u00e1 mais pr\u00f3ximo de B<\/p>\n<p class=\"MsoNormal\" style=\"text-align: center;\" align=\"center\"><img decoding=\"async\" src=\"http:\/\/fisicaevestibular.com.br\/images\/cinematica3\/image034.jpg\" alt=\"\" width=\"389\" height=\"96\" \/><\/p>\n<p class=\"MsoNormal\">Colocando a origem em R e orientando a trajet\u00f3ria de A para B<\/p>\n<p class=\"MsoNormal\">&#8212; equa\u00e7\u00e3o do sinal RB<\/p>\n<p class=\"MsoNormal\">&#8212; S<sub>RB<\/sub>=S<sub>o<\/sub> + Vt= 0 + 3.10<sup>5<\/sup>.64,8.10<sup>-3<\/sup><br \/>\n&#8212; S<sub>RB<\/sub>=205,5.10<sup>2<\/sup>km (dist\u00e2ncia de R at\u00e9 B)<br \/>\n&#8212; equa\u00e7\u00e3o do sinal RA<br \/>\n&#8212; S<sub>RA<\/sub>= S<sub>o<\/sub> + Vt<br \/>\n&#8212; S<sub>RA<\/sub>= 0 +(-3.10<sup>5<\/sup>.65,8.10<sup>-3<\/sup>)<\/p>\n<p>&#8212; S<sub>RA<\/sub>=-194.10<sup>2<\/sup>km (dist\u00e2ncia de R at\u00e9 A, em m\u00f3dulo)<br \/>\n&#8212; S<sub>RA<\/sub> + S<sub>RB<\/sub>=2d<br \/>\n&#8212; 205,5.10<sup>2<\/sup> + 194.10<sup>2<\/sup>=2d<br \/>\n&#8212; d=399,90.10<sup>2<\/sup>\/2<br \/>\n&#8212; <b>d=200.10<sup>2<\/sup>km<\/b><\/p>\n<p class=\"MsoNormal\">b) d= x + S<sub>RB<\/sub><br \/>\n&#8212; 200.10<sup>2<\/sup>=x + 205,5.10<sup>2<\/sup><br \/>\n<b>&#8212; x=5,5.10<sup>2<\/sup>km=550km<\/b><\/p>\n<p class=\"MsoNormal\"><b>c) <\/b><\/p>\n<p class=\"MsoNormal\"><b><img loading=\"lazy\" decoding=\"async\" src=\"http:\/\/fisicaevestibular.com.br\/images\/cinematica3\/image035.jpg\" alt=\"\" width=\"354\" height=\"38\" \/><\/b><\/p>\n<p class=\"MsoNormal\"><b>09- <\/b>Para n\u00e3o haver colis\u00e3o, a traseira do trem de cargas (ponto C) deve estar saindo do desvio quando a parte dianteira do trem de passageiros (ponto P) deve estar chegando ao desvio. Colocando a origem da trajet\u00f3ria no ponto P e orientando-a para a direita,<\/p>\n<p class=\"MsoNormal\" style=\"text-align: center;\" align=\"center\"><img loading=\"lazy\" decoding=\"async\" src=\"http:\/\/fisicaevestibular.com.br\/images\/cinematica3\/image036.jpg\" alt=\"\" width=\"659\" height=\"76\" \/><\/p>\n<p class=\"MsoNormal\">tem-se equa\u00e7\u00e3o de P<br \/>\n&#8212; S<sub>p<\/sub>=S<sub>o<\/sub> + vt<br \/>\n&#8212; <b>S<sub>p<\/sub>=vt<\/b><br \/>\n&#8212; equa\u00e7\u00e3o de C<br \/>\n&#8212; <b>S<sub>c<\/sub>=S<sub>o <\/sub>+ V<sub>c<\/sub>t<br \/>\n&#8212; S<sub>c<\/sub>= 650 \u2013 10t<\/b><\/p>\n<p>&#8212; tempo que C demora para chegar ao desvio, onde S<sub>C<\/sub>=400m<\/p>\n<p>&#8212; S<sub>C<\/sub>=650 \u2013 10t<br \/>\n&#8212; 400-650 \u2013 10t<br \/>\n&#8212; t=25s<br \/>\n&#8212; Esse tempo deve ser o mesmo que P demora para chegar tamb\u00e9m ao desvio, ou seja, S<sub>P<\/sub>=400m<\/p>\n<p>&#8212; S<sub>P<\/sub>=Vt<br \/>\n&#8212; 400=V.25<br \/>\n&#8212; <b>V=16m\/s<\/b><\/p>\n<p class=\"MsoNormal\"><b>10-<\/b> Colocando a origem da trajet\u00f3ria no ponto de onde a flecha \u00e9 lan\u00e7ada e orientando-a para a direita<\/p>\n<p class=\"MsoNormal\"><img loading=\"lazy\" decoding=\"async\" src=\"http:\/\/fisicaevestibular.com.br\/images\/cinematica3\/image037.jpg\" alt=\"\" width=\"330\" height=\"84\" \/><\/p>\n<p class=\"MsoNormal\">&#8212; equa\u00e7\u00e3o da flexa<br \/>\n&#8212; S<sub>f<\/sub>=S<sub>o<\/sub>+ v<sub>f<\/sub>.t<br \/>\n&#8212; S<sub>f<\/sub>= 0 + 24t &#8212; S<sub>f<\/sub>=24t<\/p>\n<p>&#8212; equa\u00e7\u00e3o da presa<br \/>\n&#8212; S<sub>p<\/sub>=S<sub>o<\/sub> + v<sub>p<\/sub>.t<br \/>\n&#8212; S<sub>p<\/sub>= 14 + 10t<\/p>\n<p>&#8212; no encontro S<sub>f<\/sub>=Sp<br \/>\n&#8212; 24t=14 + 10t<br \/>\n&#8212; 10=10t<br \/>\n&#8212; t=1s<br \/>\n&#8212; <b>R- B<\/b><\/p>\n<p class=\"MsoNormal\"><b>11-<\/b> S<sub>A<\/sub>=S<sub>o<\/sub> + V<sub>A<\/sub>.t<br \/>\n&#8212; S<sub>A<\/sub>=0 + 74.t &#8212; S<sub>B<\/sub>=S<sub>o<\/sub> + V<sub>B<\/sub>.t<br \/>\n&#8212; S<sub>B<\/sub>=1.300 &#8211; 56.t &#8212; no encontro S<sub>A<\/sub> = S<sub>B<\/sub><br \/>\n&#8212; 74t=1.300 \u2013 56t &#8212; 130t=1.300 &#8212; t=10h &#8212; S<sub>A <\/sub> =74t=74.10=740km<br \/>\n&#8212; <b>R- B<\/b><\/p>\n<p class=\"MsoNormal\">12-<b> Quando<\/b> o carro de Jo\u00e3o chegou ao ponto P com velocidade de V<sub>J<\/sub>=80km\/h=80\/60=4\/3km\/min, j\u00e1 fazia 4 minutos que o carro de seu amigo estava se movendo com V<sub>a<\/sub>=60km\/h=60\/60km\/min=1km\/min e percorrido V<sub>a<\/sub>=\u0394S\/ \u0394t &#8212; 1= \u0394S\/4 &#8212;<br \/>\n\u0394S=4km &#8212;<\/p>\n<p class=\"MsoNormal\">Esta \u00e9 a situa\u00e7\u00e3o inicial, a partir da qual deduz-se a<br \/>\nequa\u00e7\u00e3o hor\u00e1ria de cada m\u00f3vel<\/p>\n<p class=\"MsoNormal\" style=\"text-align: center;\" align=\"center\"><img loading=\"lazy\" decoding=\"async\" src=\"http:\/\/fisicaevestibular.com.br\/images\/cinematica3\/image038.jpg\" alt=\"\" width=\"276\" height=\"105\" \/><\/p>\n<p class=\"MsoNormal\">S<sub>j<\/sub>=0 + 4\/3t<br \/>\n&#8212; As=4 + 1.t &#8212; no encontro<br \/>\n&#8212; S<sub>J<\/sub>= S<sub>A<\/sub><br \/>\n&#8212; 4\/3t = 4 + t<br \/>\n&#8212; t=12min &#8212; <b>R- C<\/b><\/p>\n<p class=\"MsoNormal\"><b>13-<\/b> 2 saltos do c\u00e3o (s<sub>c<\/sub>) equivalem a 5 saltos da lebre (s<sub>l<\/sub>)<br \/>\n&#8212; 2.s<sub>c<\/sub>=5.s<sub>l<\/sub><br \/>\n&#8212; s<sub>c<\/sub>=2,5s<sub>l<\/sub><br \/>\n&#8212; velocidade do c\u00e3o<br \/>\n&#8212; V<sub>c<\/sub>=3s<sub>c<\/sub><br \/>\n&#8212; velocidade da lebre<br \/>\n&#8212; V<sub>l<\/sub>=7s<sub>l<\/sub><br \/>\n&#8212; colocando a origem no c\u00e3o e orientando a trajet\u00f3ria para a direita<br \/>\n&#8212; equa\u00e7\u00e3o do c\u00e3o<br \/>\n&#8212; S<sub>c<\/sub>=0 + 3s<sub>c<\/sub>.t<\/p>\n<p class=\"MsoNormal\" style=\"text-align: center;\" align=\"center\"><img loading=\"lazy\" decoding=\"async\" src=\"http:\/\/fisicaevestibular.com.br\/images\/cinematica3\/image039.jpg\" alt=\"\" width=\"282\" height=\"128\" \/><\/p>\n<p class=\"MsoNormal\">&#8212; equa\u00e7\u00e3o da lebre<br \/>\n&#8212; S<sub>l<\/sub>=25s<sub>l<\/sub> + 7s<sub>l<\/sub>.t<br \/>\n&#8212; no encontro<br \/>\n&#8212; S<sub>c<\/sub>=S<sub>l<\/sub> &#8212; 3s<sub>c<\/sub>.t=25s<sub>l <\/sub>+ 7s<sub>l<\/sub>.t<br \/>\n&#8212; t=50s<sub>l<\/sub><br \/>\n&#8212; substituindo t=50s<sub>l <\/sub>em S<sub>l<\/sub>=25s<sub>l<\/sub> + 7s<sub>l<\/sub>.t<br \/>\n&#8212; S<sub>l<\/sub>=25s<sub>l <\/sub>+ 7s<sub>l<\/sub>.(50s<sub>l<\/sub>)<br \/>\n&#8212; S<sub>l<\/sub>=375s<sub>l<\/sub> (at\u00e9 o encontro a lebre deu 375 saltos) e o c\u00e3o dar\u00e1 375\/2,5=150saltos<br \/>\n&#8212; <b>R-E <\/b><\/p>\n<p class=\"MsoNormal\"><b>14-<\/b> Quando Pedro partiu, Alberto j\u00e1 estava na posi\u00e7\u00e3o<br \/>\n&#8212; V<sub>a <\/sub>= \u0394S\/ \u0394t<br \/>\n&#8212; 54 = \u0394S\/(i\/60)<br \/>\n&#8212; \u0394S=0,9km<\/p>\n<p class=\"MsoNormal\" style=\"text-align: center; text-autospace: none;\" align=\"center\"><b><br \/>\n<span style=\"font-size: 12.0pt; color: windowtext;\"><img loading=\"lazy\" decoding=\"async\" src=\"http:\/\/fisicaevestibular.com.br\/images\/cinematica3\/image040.jpg\" alt=\"\" width=\"327\" height=\"73\" \/><\/span><\/b><\/p>\n<p class=\"MsoNormal\" style=\"text-autospace: none;\"><span style=\"font-size: 12.0pt; color: windowtext;\">&#8212; situa\u00e7\u00e3o inicial<br \/>\n&#8212; S<sub>P<\/sub>=0 + V<sub>P<\/sub>.t<br \/>\n&#8212; S<sub>A<\/sub>= 0,9 + 54t<br \/>\n&#8212; no encontro S<sub>A<\/sub>= S<sub>P<\/sub> e t=3min=3\/60=1\/20h<br \/>\n&#8212; V<sub>P<\/sub>.t= 0,9 + 54t<br \/>\n&#8212; V<sub>P<\/sub>.1\/20 = 0,9 + 54.1\/20<br \/>\n&#8212; V<sub>P<\/sub>=18 + 54<br \/>\n&#8212; V<sub>P<\/sub>=72km\/h<br \/>\n&#8212; <b>R-C<\/b><\/span><\/p>\n<p class=\"MsoNormal\" style=\"text-align: justify; text-autospace: none;\"><b>15-<\/b><br \/>\n<span style=\"font-size: 12.0pt; color: windowtext;\">Quando o t\u00e1xi saiu o \u00f4nibus estava na posi\u00e7\u00e3o &#8212; 60=d\/5\/60 &#8212; d=5km <\/span><\/p>\n<p class=\"MsoNormal\" style=\"text-align: center; text-autospace: none;\" align=\"center\"><span style=\"font-size: 12.0pt; color: windowtext;\"><img loading=\"lazy\" decoding=\"async\" src=\"http:\/\/fisicaevestibular.com.br\/images\/cinematica3\/image041.jpg\" alt=\"\" width=\"294\" height=\"84\" \/><\/span><\/p>\n<p class=\"MsoNormal\" style=\"text-align: justify; text-autospace: none;\"><span lang=\"EN-US\" style=\"font-size: 12.0pt; color: windowtext;\"> <span style=\"font-size: 12.0pt; color: windowtext;\">&#8212; situa\u00e7\u00e3o inicial<br \/>\n&#8212; <\/span>S<sub>t<\/sub>=0 + 90t<br \/>\n&#8212; S<sub>o<\/sub>=5 + 60t<br \/>\n&#8212; no encontro S<sub>t<\/sub> = S<sub>o<\/sub><br \/>\n&#8212; 90t=5 + 60t<br \/>\n&#8212; t=5\/30=1\/6hX60=10min<br \/>\n&#8212; <b>R &#8211; A<\/b><\/span><\/p>\n<p class=\"MsoNormal\"><b><span style=\"font-size: 12.0pt; color: windowtext;\">16-<\/span><\/b> S<sub>A<\/sub>=3 + 4t<br \/>\n&#8212; S<sub>B<\/sub>=7 + 2t<br \/>\n&#8212; S<sub>A<\/sub>=S<sub>B<br \/>\n<\/sub>&#8212; 3 + 4t=7 + 2t<br \/>\n&#8212; t=2s<br \/>\n&#8212; S<sub>A<\/sub>=3 + 4.2<br \/>\n&#8212; S<sub>A<\/sub>=11cm<b><br \/>\n&#8212; R- C<\/b><\/p>\n<p class=\"MsoNormal\"><b>17-<\/b> Esquematizando a situa\u00e7\u00e3o inicial<\/p>\n<p class=\"MsoNormal\" style=\"text-align: center;\" align=\"center\"><img loading=\"lazy\" decoding=\"async\" src=\"http:\/\/fisicaevestibular.com.br\/images\/cinematica3\/image042.jpg\" alt=\"\" width=\"289\" height=\"69\" \/><\/p>\n<p class=\"MsoNormal\">S<sub>P<\/sub>= 0 + 100t<br \/>\n&#8212; S<sub>M<\/sub>= 10 + 80t<br \/>\n&#8212; no encontro<br \/>\n&#8212; S<sub>P<\/sub> = S<sub>M<\/sub><br \/>\n&#8212; 100t=10 + 80t<br \/>\n&#8212; t=0,5h<br \/>\n&#8212; S<sub>P<\/sub>=100t=100.0,5=50km<br \/>\n&#8212; <b>R- D<\/b><\/p>\n<p class=\"MsoNormal\"><b>18- <\/b>Considere P o ponto de encontro desses dois autom\u00f3veis, e observe que do instante mostrado at\u00e9 o encontro, que ocorreu no ponto P, passaram-se 30 min ou 0,5 h, a dist\u00e2ncia percorrida pelo autom\u00f3vel M vale &#8212; d<sub>M<\/sub>=V<sub>m<\/sub>.t=60&#215;0,5 &#8212; d<sub>M<\/sub>=30km &#8212; veja<br \/>\nfigura<\/p>\n<p class=\"MsoNormal\"><img loading=\"lazy\" decoding=\"async\" src=\"http:\/\/fisicaevestibular.com.br\/images\/Atualizacao\/atual3\/image014.jpg\" alt=\"\" width=\"259\" height=\"70\" \/><\/p>\n<p class=\"MsoNormal\">&#8212; nesse mesmo intervalo de tempo, o autom\u00f3vel N percorreu<br \/>\n&#8212; d<sub>N<\/sub>=50 \u2013 30<br \/>\n&#8212; d<sub>N<\/sub>=20km<br \/>\n&#8212; V<sub>N<\/sub>=d<sub>N<\/sub>\/t=20\/0,5<br \/>\n&#8212; V<sub>N<\/sub>=40km\/h<br \/>\n&#8212; <b>R- A<\/b><\/p>\n<p class=\"MsoNormal\"><b>19- <\/b>A velocidade do foguete (v<sub>f<\/sub>) \u00e9 4 vezes a velocidade do avi\u00e3o (v<sub>a<\/sub>) &#8212; v<sub>f<\/sub> = 4 v<sub>a<\/sub><br \/>\n&#8212; equacionando os dois movimentos uniformes,<\/p>\n<p class=\"MsoNormal\"><img loading=\"lazy\" decoding=\"async\" src=\"http:\/\/fisicaevestibular.com.br\/images\/Atualizacao\/atual3\/image015.jpg\" alt=\"\" width=\"444\" height=\"69\" \/><\/p>\n<p class=\"MsoNormal\">uniformes, e colocando a origem no ponto onde est\u00e1 o foguete (instante t<sub>1<\/sub>)<br \/>\n&#8212; S<sub>f<\/sub> = v<sub>f<\/sub>.t<br \/>\n&#8212; S<sub>f <\/sub>= 4 v<sub>a<\/sub>.t<br \/>\n&#8212; S<sub>a<\/sub> = 4 + v<sub>a<\/sub>.t<br \/>\n&#8212; no encontro eles ocupam a mesma posi\u00e7\u00e3o no instante t<sub>2<\/sub><br \/>\n&#8212; S<sub>f<\/sub>=S<sub>a<br \/>\n<\/sub>&#8212; 4V<sub>a<\/sub>t<sub>2<\/sub>=4 + V<sub>a<\/sub>t<sub>2<\/sub><br \/>\n&#8212; t<sub>2<\/sub>=4\/3V<sub>a<\/sub><br \/>\n&#8212; substituindo em S<sub>f<\/sub> &#8212; S<sub>f<\/sub>=4V<sub>a<\/sub>.(4\/3V<sub>a<\/sub>)<br \/>\n&#8212; S<sub>f<\/sub>=5,3km<br \/>\n&#8212; <b> R- B<\/b><\/p>\n<p class=\"MsoNormal\"><b>20- <\/b>Do movimento uniforme &#8212; \u0394S = v.\u0394t, sendo v \u00e9 a velocidade da luz<br \/>\n&#8212; v = c<br \/>\n&#8212; \u0394X=c.\u0394t<\/p>\n<p class=\"MsoNormal\">&#8212; antena 1<br \/>\n&#8212; X \u2013 X<sub>1<\/sub> = c(t \u2013 t<sub>1<\/sub>)<br \/>\n&#8212; X = X<sub>1<\/sub> + c(t \u2013 t<sub>1<\/sub>) (I)<\/p>\n<p class=\"MsoNormal\">&#8212; antena 2<br \/>\n&#8212; X \u2013 X<sub>2<\/sub> = -c(t \u2013 t<sub>2<\/sub>)<br \/>\n&#8212; X = X<sub>2<\/sub>\u2013 c(t \u2013 t<sub>2<\/sub>) (II)<\/p>\n<p>&#8212; somando I com II<br \/>\n&#8212; (I + II)<br \/>\n&#8212;X + X= [X<sub>1<\/sub> + c(t \u2013 t<sub>1<\/sub>)] + [ X<sub>2 <\/sub>\u2013 c(t \u2013 t<sub>2<\/sub>)]<br \/>\n&#8212; 2X = X<sub>1<\/sub> + X<sub>2<\/sub> + c(t \u2013 t<sub>1 <\/sub>\u2013 t + t<sub>2<\/sub>)<br \/>\n&#8212; X = (X<sub>1<\/sub> + X<sub>2<\/sub> + c(t<sub>2 <\/sub>\u2013 t<sub>1<\/sub>))\/2<br \/>\n&#8212; X=(X<sub>1<\/sub> + X<sub>2<\/sub>)\/2 + c(t<sub>2 <\/sub>\u2013 t<sub>1<\/sub>)\/2<\/p>\n<p class=\"MsoNormal\">&#8212; subtraindo essas equa\u00e7\u00f5es (I \u2013 II)<br \/>\n&#8212; X \u2013 X = [X<sub>1 <\/sub>+ c(t \u2013 t<sub>1<\/sub>)] \u2013 [X<sub>2<\/sub> \u2013 c(t \u2013 t<sub>2<\/sub>)]<br \/>\n&#8212; 0 = X<sub>1 <\/sub>\u2013 X<sub>2<\/sub> + c(t \u2013 t<sub>1<\/sub> + t \u2013 t<sub>2<\/sub>)<br \/>\n&#8212; 0 = X<sub>1<\/sub> \u2013 X<sub>2<\/sub> + 2ct + c(-t<sub>1<\/sub> \u2013 t<sub>2<\/sub>)<\/p>\n<p>&#8212; da figura dada<br \/>\n&#8212; X<sub>1<\/sub> = X<sub>2<\/sub> \u2013 L<br \/>\n&#8212; 0 = X<sub>2<\/sub> \u2013 L \u2013 X<sub>2<\/sub> + 2ct \u2013 c(t<sub>1<\/sub> + t<sub>2<\/sub>)<br \/>\n&#8212; L + c(t<sub>1<\/sub> + t<sub>2<\/sub>) = 2ct<br \/>\n&#8212; <b>t=L\/2c + (t<sub>1<\/sub> + t<sub>2<\/sub>)\/2<\/b><\/p>\n<p class=\"MsoNormal\">b) Para t<sub>1<\/sub> = T e t<sub>2<\/sub> = 2T, basta substituir esses valores nas equa\u00e7\u00f5es encontradas para X e t<br \/>\n&#8212; X=(X<sub>1 <\/sub>+ X<sub>2<\/sub>)\/2 + c.(t<sub>2<\/sub> \u2013 t<sub>1<\/sub>)\/2<br \/>\n&#8212; X<sub>2<\/sub>=X<sub>1 <\/sub>+ L<br \/>\n&#8212; X=(X<sub>1<\/sub> + X<sub>2<\/sub> + L)\/2 + c.(T \u2013 2T)\/2<br \/>\n&#8212; X=X<sub>1 <\/sub>+ (L \u2013 cT)\/2<br \/>\n&#8212; t=L\/2c + (t<sub>1<\/sub> + t<sub>2<\/sub>)\/2<br \/>\n&#8212; <b>t=L\/2c + 3T\/2<\/b><\/p>\n<p class=\"MsoNormal\"><b>21- <\/b>Observe que as fotos assinaladas s\u00e3o iguais.<\/p>\n<p class=\"MsoNormal\"><img loading=\"lazy\" decoding=\"async\" id=\"_tx_id_32_\" src=\"http:\/\/fisicaevestibular.com.br\/images\/Atualizacao\/atual3\/image016.gif\" alt=\"\" width=\"348\" height=\"202\" \/><\/p>\n<p class=\"MsoNormal\">Entre a primeira e a \u00faltima foram tiradas 10 fotos (cuidado: a primeira n\u00e3o conta. Ela \u00e1 o referencial)<\/p>\n<p class=\"MsoNormal\">&#8212; f=0,5Hz<br \/>\n&#8212; f=1\/T<br \/>\n&#8212; 0,5=1\/T<br \/>\n&#8212; T=\u0394t=2,0s<br \/>\n&#8212; V=\u0394S\/\u0394t=1,5.10\/2<br \/>\n&#8212; V=7,5m\/s<br \/>\n&#8212; <b> R- B<\/b><\/p>\n<p class=\"MsoNormal\" style=\"text-align: justify; line-height: 15.65pt;\"><b>22-<\/b>Veja na figura a dist\u00e2ncia inicial entre eles<br \/>\n&#8212; d= 100 \u2013 20=80m<br \/>\n&#8212; S<sub>A<\/sub> = 20 + 3.t<br \/>\n&#8212; S<sub>oA<\/sub>=20m<br \/>\n&#8212; V<sub>A<\/sub>=3m\/s (progressivo)<\/p>\n<p class=\"MsoNormal\" style=\"text-align: justify; line-height: 15.65pt;\"><img loading=\"lazy\" decoding=\"async\" src=\"http:\/\/fisicaevestibular.com.br\/images\/Atualizacao\/atualizacao19\/image033.jpg\" alt=\"\" width=\"767\" height=\"115\" \/><\/p>\n<p class=\"MsoNormal\" style=\"text-align: justify; line-height: 15.65pt;\">&#8212; S<sub>B<\/sub> = 100 \u2013 5.t<br \/>\n&#8212; S<sub>oB<\/sub>=100m<br \/>\n&#8212; V<sub>oB<\/sub>= &#8211; 5m\/s (retr\u00f3grado)<\/p>\n<p>&#8212; no encontro S<sub>A<\/sub> = S<sub>B<\/sub><br \/>\n&#8212; 20 + 3t = 100 \u2013 5t<br \/>\n&#8212; 8t = 80<br \/>\n&#8212; t=10s<\/p>\n<p>&#8212; S<sub>A<\/sub> = 20 + 3t=20 + 3.10=50m=S<sub>B<\/sub><br \/>\n&#8212; <b>R- C<\/b>.<\/p>\n<p>&nbsp;<\/p>\n<h3><span style=\"color: #003366;\"><a style=\"color: #003366;\" title=\"Exerc\u00edcios de Movimento uniforme e encontro de m\u00f3veis em MU\" href=\"http:\/\/fisicaevestibular.com.br\/novo\/mecanica\/cinematica\/movimento-uniforme-e-encontro-de-moveis-em-mu\/exercicios-de-movimento-uniforme-e-encontro-de-moveis-em-mu\/\">Voltar para os Exerc\u00edcios<\/a><\/span><\/h3>\n","protected":false},"excerpt":{"rendered":"<p>Movimento uniforme e encontro de m\u00f3veis em MU Resolu\u00e7\u00f5es 01- Colocando a origem da trajet\u00f3ria em Florian\u00f3polis e orientando a trajet\u00f3ria para a direita &#8212; equa\u00e7\u00e3o hor\u00e1ria &#8212; S = So + Vt &#8212; S= 0 + 60t &#8212; quando ele chega em Laguna S=100km &#8212; 100=60t &#8212; t=5\/3h=1h +2\/3h=1h e 40min (tempo do percurso) Chegou em Laguna \u00e0s 13h<\/p>\n","protected":false},"author":1,"featured_media":0,"parent":164,"menu_order":0,"comment_status":"closed","ping_status":"closed","template":"","meta":{"om_disable_all_campaigns":false,"_monsterinsights_skip_tracking":false,"_monsterinsights_sitenote_active":false,"_monsterinsights_sitenote_note":"","_monsterinsights_sitenote_category":0,"footnotes":""},"class_list":["post-172","page","type-page","status-publish","hentry"],"aioseo_notices":[],"_links":{"self":[{"href":"https:\/\/fisicaevestibular.com.br\/novo\/wp-json\/wp\/v2\/pages\/172","targetHints":{"allow":["GET"]}}],"collection":[{"href":"https:\/\/fisicaevestibular.com.br\/novo\/wp-json\/wp\/v2\/pages"}],"about":[{"href":"https:\/\/fisicaevestibular.com.br\/novo\/wp-json\/wp\/v2\/types\/page"}],"author":[{"embeddable":true,"href":"https:\/\/fisicaevestibular.com.br\/novo\/wp-json\/wp\/v2\/users\/1"}],"replies":[{"embeddable":true,"href":"https:\/\/fisicaevestibular.com.br\/novo\/wp-json\/wp\/v2\/comments?post=172"}],"version-history":[{"count":5,"href":"https:\/\/fisicaevestibular.com.br\/novo\/wp-json\/wp\/v2\/pages\/172\/revisions"}],"predecessor-version":[{"id":10804,"href":"https:\/\/fisicaevestibular.com.br\/novo\/wp-json\/wp\/v2\/pages\/172\/revisions\/10804"}],"up":[{"embeddable":true,"href":"https:\/\/fisicaevestibular.com.br\/novo\/wp-json\/wp\/v2\/pages\/164"}],"wp:attachment":[{"href":"https:\/\/fisicaevestibular.com.br\/novo\/wp-json\/wp\/v2\/media?parent=172"}],"curies":[{"name":"wp","href":"https:\/\/api.w.org\/{rel}","templated":true}]}}