{"id":1676,"date":"2015-12-19T15:30:19","date_gmt":"2015-12-19T15:30:19","guid":{"rendered":"http:\/\/fisicaevestibular.com.br\/novo\/?page_id=1676"},"modified":"2025-07-25T21:04:37","modified_gmt":"2025-07-25T21:04:37","slug":"eletrodinamica","status":"publish","type":"page","link":"https:\/\/fisicaevestibular.com.br\/novo\/eletricidade\/eletrodinamica\/","title":{"rendered":"Eletricidade &#8211; Eletrodin\u00e2mica"},"content":{"rendered":"<p><strong><img fetchpriority=\"high\" decoding=\"async\" class=\"aligncenter\" src=\"http:\/\/fisicaevestibular.com.br\/images\/logo_eld.png\" alt=\"\" width=\"579\" height=\"179\" border=\"0\" \/><\/strong><\/p>\n<p style=\"text-align: center;\"><strong>Estuda as cargas el\u00e9tricas em movimento, a corrente el\u00e9trica, os circuitos el\u00e9tricos, o funcionamento dos aparelhos el\u00e9tricos e as usinas el\u00e9tricas.<\/strong><\/p>\n<p><strong><a href=\"http:\/\/fisicaevestibular.com.br\/eletrodinamica1.htm\">Corrente el\u00e9trica<br \/>\n<\/a><a href=\"https:\/\/fisicaevestibular.com.br\/novo\/eletricidade\/eletrodinamica\/corrente-eletrica-eletrodinamica-2024\">Corrente El\u00e9trica &#8211; 2024<\/a><br \/>\n<a href=\"http:\/\/fisicaevestibular.com.br\/eletrodinamica2.htm\">Pot\u00eancia el\u00e9trica &#8211; Energia el\u00e9trica<\/a><br \/>\n<a href=\"https:\/\/fisicaevestibular.com.br\/novo\/eletricidade\/eletrodinamica\/potencia-eletrica-energia-eletrica-2024\/\">Pot\u00eancia el\u00e9trica &#8211; Energia el\u00e9trica &#8211; 2024<\/a><br \/>\n<a href=\"http:\/\/fisicaevestibular.com.br\/eletrodinamica3.htm\">Resistores &#8211; Primeira Lei de Ohm &#8211; Pot\u00eancia el\u00e9trica em um resistor<br \/>\n<\/a><a href=\"https:\/\/fisicaevestibular.com.br\/novo\/eletricidade\/eletrodinamica\/primeira-lei-de-ohm-2024\/\">Primeira lei de Ohm\u00a0 &#8211; 2024<\/a><br \/>\n<a href=\"http:\/\/fisicaevestibular.com.br\/eletrodinamica4.htm\">Segunda lei de Ohm (Resistividade)<\/a><br \/>\n<a href=\"https:\/\/fisicaevestibular.com.br\/novo\/eletricidade\/eletrodinamica\/segunda-lei-de-ohm-resistividade-2024\/\">Segunda lei de Ohm (Resistividade) &#8211; 2024<\/a><br \/>\n<a href=\"http:\/\/fisicaevestibular.com.br\/eletrodinamica5.htm\">Resistor equivalente nas associa\u00e7\u00f5es s\u00e9rie, paralelo e mista &#8211; curto circuito<br \/>\n<\/a><a href=\"https:\/\/fisicaevestibular.com.br\/novo\/eletricidade\/eletrodinamica\/resistor-equivalente-2024\/\">Resistor equivalente nas associa\u00e7\u00f5es s\u00e9rie, paralelo e mista &#8211; curto circuito &#8211; 2024<\/a><br \/>\n<a href=\"https:\/\/fisicaevestibular.com.br\/novo\/eletricidade\/eletrodinamica\/serie-paralelo-caracteristicas\/exercicios-de-vestibulares-com-resolucoes-comentadas-sobre-caracteristicas-das-associacoes-serie-e-paralelo\/#google_vignette\">Caracter\u00edsticas da associa\u00e7\u00e3o s\u00e9rie e associa\u00e7\u00e3o paralelo<br \/>\n<\/a><a href=\"https:\/\/fisicaevestibular.com.br\/novo\/eletricidade\/eletrodinamica\/serie-paralelo-caracteristicas\/associacoes-serie-e-paralelo-2024\/\">Caracter\u00edsticas da associa\u00e7\u00e3o s\u00e9rie e associa\u00e7\u00e3o paralelo &#8211; 2024<\/a><br \/>\n<a href=\"http:\/\/fisicaevestibular.com.br\/eletrodinamica7.htm\">C\u00e1lculo de correntes, tens\u00f5es e pot\u00eancias em associa\u00e7\u00f5es mistas<br \/>\n<\/a><a href=\"https:\/\/fisicaevestibular.com.br\/novo\/eletricidade\/eletrodinamica\/calculo-de-correntes-eletricas-tensoes-e-potencias-eletricas-em-circuitos-mistos-2024\/\">C\u00e1lculo de correntes, tens\u00f5es e pot\u00eancias em associa\u00e7\u00f5es mistas &#8211; 2024<\/a><br \/>\n<a href=\"http:\/\/fisicaevestibular.com.br\/eletrodinamica8.htm\">Geradores &#8211; associa\u00e7\u00e3o de geradores<\/a><br \/>\n<a href=\"https:\/\/fisicaevestibular.com.br\/novo\/eletricidade\/eletrodinamica\/geradores-associacao-de-geradores-2025\/\">Geradores &#8211; associa\u00e7\u00e3o de geradores &#8211; 2025<\/a><br \/>\n<\/strong><strong><a href=\"http:\/\/fisicaevestibular.com.br\/eletrodinamica9.htm\">Circuitos com geradores Exerc\u00edcios<br \/>\n<\/a><a href=\"http:\/\/fisicaevestibular.com.br\/eletrodinamica10.htm\">Receptores e associa\u00e7\u00e3o de geradores e de receptores (lei de Pouillet)<br \/>\n<\/a><a href=\"http:\/\/fisicaevestibular.com.br\/eletrodinamica11.htm\">Aparelhos de medi\u00e7\u00e3o el\u00e9trica (amper\u00edmetros, volt\u00edmetros, ponte de Wheatstone)<\/a><br \/>\n<a href=\"https:\/\/fisicaevestibular.com.br\/novo\/eletricidade\/eletrodinamica\/amperimetros-e-voltimetros-aparelhos-de-medicao-eletrica-2025\/\">Aparelhos de medi\u00e7\u00e3o el\u00e9trica (amper\u00edmetros, volt\u00edmetros, ponte de Wheatstone) &#8211; 2025<\/a><br \/>\n<\/strong><strong><a href=\"http:\/\/fisicaevestibular.com.br\/eletrodinamica12.htm\">Galvan\u00f4metro como amper\u00edmetro e como volt\u00edmetro &#8211; Ponte de Wheatstone<\/a><br \/>\n<\/strong><strong><a href=\"http:\/\/fisicaevestibular.com.br\/eletrodinamica13.htm\">Circuitos compostos<br \/>\n<\/a><a href=\"http:\/\/fisicaevestibular.com.br\/eletrodinamica14.htm\">Capacitores (condensadores)<\/a><a href=\"http:\/\/fisicaevestibular.com.br\/eletrodinamica13.htm\"><br \/>\n<\/a><\/strong><\/p>\n","protected":false},"excerpt":{"rendered":"<p>Estuda as cargas el\u00e9tricas em movimento, a corrente el\u00e9trica, os circuitos el\u00e9tricos, o funcionamento dos aparelhos el\u00e9tricos e as usinas el\u00e9tricas. Corrente el\u00e9trica Corrente El\u00e9trica &#8211; 2024 Pot\u00eancia el\u00e9trica &#8211; Energia el\u00e9trica Pot\u00eancia el\u00e9trica &#8211; Energia el\u00e9trica &#8211; 2024 Resistores &#8211; Primeira Lei de Ohm &#8211; Pot\u00eancia el\u00e9trica em um resistor Primeira lei de Ohm\u00a0 &#8211; 2024 Segunda lei de<\/p>\n","protected":false},"author":1,"featured_media":0,"parent":117,"menu_order":0,"comment_status":"closed","ping_status":"closed","template":"","meta":{"om_disable_all_campaigns":false,"_monsterinsights_skip_tracking":false,"_monsterinsights_sitenote_active":false,"_monsterinsights_sitenote_note":"","_monsterinsights_sitenote_category":0,"footnotes":""},"class_list":["post-1676","page","type-page","status-publish","hentry"],"aioseo_notices":[],"_links":{"self":[{"href":"https:\/\/fisicaevestibular.com.br\/novo\/wp-json\/wp\/v2\/pages\/1676","targetHints":{"allow":["GET"]}}],"collection":[{"href":"https:\/\/fisicaevestibular.com.br\/novo\/wp-json\/wp\/v2\/pages"}],"about":[{"href":"https:\/\/fisicaevestibular.com.br\/novo\/wp-json\/wp\/v2\/types\/page"}],"author":[{"embeddable":true,"href":"https:\/\/fisicaevestibular.com.br\/novo\/wp-json\/wp\/v2\/users\/1"}],"replies":[{"embeddable":true,"href":"https:\/\/fisicaevestibular.com.br\/novo\/wp-json\/wp\/v2\/comments?post=1676"}],"version-history":[{"count":20,"href":"https:\/\/fisicaevestibular.com.br\/novo\/wp-json\/wp\/v2\/pages\/1676\/revisions"}],"predecessor-version":[{"id":12278,"href":"https:\/\/fisicaevestibular.com.br\/novo\/wp-json\/wp\/v2\/pages\/1676\/revisions\/12278"}],"up":[{"embeddable":true,"href":"https:\/\/fisicaevestibular.com.br\/novo\/wp-json\/wp\/v2\/pages\/117"}],"wp:attachment":[{"href":"https:\/\/fisicaevestibular.com.br\/novo\/wp-json\/wp\/v2\/media?parent=1676"}],"curies":[{"name":"wp","href":"https:\/\/api.w.org\/{rel}","templated":true}]}}