{"id":1582,"date":"2015-11-29T12:32:46","date_gmt":"2015-11-29T12:32:46","guid":{"rendered":"http:\/\/fisicaevestibular.com.br\/novo\/?page_id=1582"},"modified":"2024-08-23T14:25:19","modified_gmt":"2024-08-23T14:25:19","slug":"hidrodinamica","status":"publish","type":"page","link":"https:\/\/fisicaevestibular.com.br\/novo\/mecanica\/hidrodinamica\/","title":{"rendered":"Hidrodin\u00e2mica"},"content":{"rendered":"<p><img fetchpriority=\"high\" decoding=\"async\" class=\"aligncenter\" src=\"http:\/\/fisicaevestibular.com.br\/images\/logo_hidr.png\" alt=\"\" width=\"579\" height=\"179\" border=\"0\" \/><\/p>\n<p>&nbsp;<\/p>\n<p style=\"text-align: center;\">Estuda as propriedades dos fluidos em movimento atrav\u00e9s da equa\u00e7\u00e3o de Bernoulli.<\/p>\n<p style=\"text-align: center;\"><a href=\"http:\/\/fisicaevestibular.com.br\/hidrodinamica1.htm\">Equa\u00e7\u00e3o da continuidade &#8211; Equa\u00e7\u00e3o de Bernoulli<\/a><\/p>\n","protected":false},"excerpt":{"rendered":"<p>&nbsp; Estuda as propriedades dos fluidos em movimento atrav\u00e9s da equa\u00e7\u00e3o de Bernoulli. Equa\u00e7\u00e3o da continuidade &#8211; Equa\u00e7\u00e3o de Bernoulli<\/p>\n","protected":false},"author":1,"featured_media":0,"parent":95,"menu_order":0,"comment_status":"closed","ping_status":"closed","template":"","meta":{"om_disable_all_campaigns":false,"_monsterinsights_skip_tracking":false,"_monsterinsights_sitenote_active":false,"_monsterinsights_sitenote_note":"","_monsterinsights_sitenote_category":0,"footnotes":""},"class_list":["post-1582","page","type-page","status-publish","hentry"],"aioseo_notices":[],"_links":{"self":[{"href":"https:\/\/fisicaevestibular.com.br\/novo\/wp-json\/wp\/v2\/pages\/1582","targetHints":{"allow":["GET"]}}],"collection":[{"href":"https:\/\/fisicaevestibular.com.br\/novo\/wp-json\/wp\/v2\/pages"}],"about":[{"href":"https:\/\/fisicaevestibular.com.br\/novo\/wp-json\/wp\/v2\/types\/page"}],"author":[{"embeddable":true,"href":"https:\/\/fisicaevestibular.com.br\/novo\/wp-json\/wp\/v2\/users\/1"}],"replies":[{"embeddable":true,"href":"https:\/\/fisicaevestibular.com.br\/novo\/wp-json\/wp\/v2\/comments?post=1582"}],"version-history":[{"count":2,"href":"https:\/\/fisicaevestibular.com.br\/novo\/wp-json\/wp\/v2\/pages\/1582\/revisions"}],"predecessor-version":[{"id":1584,"href":"https:\/\/fisicaevestibular.com.br\/novo\/wp-json\/wp\/v2\/pages\/1582\/revisions\/1584"}],"up":[{"embeddable":true,"href":"https:\/\/fisicaevestibular.com.br\/novo\/wp-json\/wp\/v2\/pages\/95"}],"wp:attachment":[{"href":"https:\/\/fisicaevestibular.com.br\/novo\/wp-json\/wp\/v2\/media?parent=1582"}],"curies":[{"name":"wp","href":"https:\/\/api.w.org\/{rel}","templated":true}]}}