{"id":1529,"date":"2015-11-16T15:29:00","date_gmt":"2015-11-16T15:29:00","guid":{"rendered":"http:\/\/fisicaevestibular.com.br\/novo\/?page_id=1529"},"modified":"2024-08-23T14:28:58","modified_gmt":"2024-08-23T14:28:58","slug":"hidrostatica","status":"publish","type":"page","link":"https:\/\/fisicaevestibular.com.br\/novo\/mecanica\/hidrostatica\/","title":{"rendered":"Hidrost\u00e1tica"},"content":{"rendered":"<p><img fetchpriority=\"high\" decoding=\"async\" class=\"aligncenter\" src=\"http:\/\/fisicaevestibular.com.br\/images\/logo_hid.png\" alt=\"\" width=\"579\" height=\"179\" border=\"0\" \/><br \/>\nEstuda os fluidos (l\u00edquidos e gases) em equil\u00edbrio em fun\u00e7\u00e3o da densidade, press\u00e3o e das for\u00e7as que agem sobre corpos quando imersos nesses fluidos.<\/p>\n<p><b><span style=\"font-size: small;\"><a href=\"http:\/\/fisicaevestibular.com.br\/hidrostatica1.htm\">Densidade e press\u00e3o<\/a><\/span><\/b><\/p>\n<p><b><span style=\"font-size: small;\"><a href=\"http:\/\/fisicaevestibular.com.br\/hidrostatica2.htm\">Teorema de Stevin &#8211; Press\u00e3o hidrost\u00e1tica &#8211; Vasos comunicantes<\/a><\/span><\/b><\/p>\n<p><b><span style=\"font-size: small;\"><a href=\"http:\/\/fisicaevestibular.com.br\/hidrostatica3.htm\">Experi\u00eancia de Torricelli<\/a><\/span><\/b><\/p>\n<p><b><span style=\"font-size: small;\"><a href=\"http:\/\/fisicaevestibular.com.br\/hidrostatica4.htm\">Princ\u00edpio de Pascal<\/a><\/span><\/b><\/p>\n<p><b><span style=\"font-size: small;\"><a href=\"http:\/\/fisicaevestibular.com.br\/hidrostatica5.htm\">Teorema de Arquimedes &#8211; Empuxo<\/a><\/span><\/b><\/p>\n","protected":false},"excerpt":{"rendered":"<p>Estuda os fluidos (l\u00edquidos e gases) em equil\u00edbrio em fun\u00e7\u00e3o da densidade, press\u00e3o e das for\u00e7as que agem sobre corpos quando imersos nesses fluidos. Densidade e press\u00e3o Teorema de Stevin &#8211; Press\u00e3o hidrost\u00e1tica &#8211; Vasos comunicantes Experi\u00eancia de Torricelli Princ\u00edpio de Pascal Teorema de Arquimedes &#8211; Empuxo<\/p>\n","protected":false},"author":1,"featured_media":0,"parent":95,"menu_order":0,"comment_status":"closed","ping_status":"closed","template":"","meta":{"om_disable_all_campaigns":false,"_monsterinsights_skip_tracking":false,"_monsterinsights_sitenote_active":false,"_monsterinsights_sitenote_note":"","_monsterinsights_sitenote_category":0,"footnotes":""},"class_list":["post-1529","page","type-page","status-publish","hentry"],"aioseo_notices":[],"_links":{"self":[{"href":"https:\/\/fisicaevestibular.com.br\/novo\/wp-json\/wp\/v2\/pages\/1529","targetHints":{"allow":["GET"]}}],"collection":[{"href":"https:\/\/fisicaevestibular.com.br\/novo\/wp-json\/wp\/v2\/pages"}],"about":[{"href":"https:\/\/fisicaevestibular.com.br\/novo\/wp-json\/wp\/v2\/types\/page"}],"author":[{"embeddable":true,"href":"https:\/\/fisicaevestibular.com.br\/novo\/wp-json\/wp\/v2\/users\/1"}],"replies":[{"embeddable":true,"href":"https:\/\/fisicaevestibular.com.br\/novo\/wp-json\/wp\/v2\/comments?post=1529"}],"version-history":[{"count":2,"href":"https:\/\/fisicaevestibular.com.br\/novo\/wp-json\/wp\/v2\/pages\/1529\/revisions"}],"predecessor-version":[{"id":1531,"href":"https:\/\/fisicaevestibular.com.br\/novo\/wp-json\/wp\/v2\/pages\/1529\/revisions\/1531"}],"up":[{"embeddable":true,"href":"https:\/\/fisicaevestibular.com.br\/novo\/wp-json\/wp\/v2\/pages\/95"}],"wp:attachment":[{"href":"https:\/\/fisicaevestibular.com.br\/novo\/wp-json\/wp\/v2\/media?parent=1529"}],"curies":[{"name":"wp","href":"https:\/\/api.w.org\/{rel}","templated":true}]}}