{"id":1476,"date":"2015-11-02T21:45:07","date_gmt":"2015-11-02T21:45:07","guid":{"rendered":"http:\/\/fisicaevestibular.com.br\/novo\/?page_id=1476"},"modified":"2024-08-23T14:12:17","modified_gmt":"2024-08-23T14:12:17","slug":"estatica","status":"publish","type":"page","link":"https:\/\/fisicaevestibular.com.br\/novo\/mecanica\/estatica\/","title":{"rendered":"Est\u00e1tica"},"content":{"rendered":"<p><img fetchpriority=\"high\" decoding=\"async\" class=\"aligncenter\" src=\"http:\/\/fisicaevestibular.com.br\/images\/logo_est.png\" alt=\"\" width=\"579\" height=\"179\" border=\"0\" \/><\/p>\n<p>Analisa as condi\u00e7\u00f5es de equil\u00edbrio de um ponto mat\u00e9ria e de um corpo extenso r\u00edgido, do momento de uma for\u00e7a e sua rela\u00e7\u00e3o com os diversos tipos de m\u00e1quinas simples.<\/p>\n<p>&nbsp;<\/p>\n<p><a href=\"http:\/\/fisicaevestibular.com.br\/estatica1.htm\">Est\u00e1tica de um ponto material<\/a><\/p>\n<p><a href=\"http:\/\/fisicaevestibular.com.br\/estatica2.htm\">Corpo extenso &#8211; centro de massa e tipos de equil\u00edbrio<\/a><\/p>\n<p><a href=\"http:\/\/fisicaevestibular.com.br\/estatica3.htm\">Est\u00e1tica de um corpo extenso &#8211; m\u00e1quinas simples<\/a><\/p>\n","protected":false},"excerpt":{"rendered":"<p>Analisa as condi\u00e7\u00f5es de equil\u00edbrio de um ponto mat\u00e9ria e de um corpo extenso r\u00edgido, do momento de uma for\u00e7a e sua rela\u00e7\u00e3o com os diversos tipos de m\u00e1quinas simples. &nbsp; Est\u00e1tica de um ponto material Corpo extenso &#8211; centro de massa e tipos de equil\u00edbrio Est\u00e1tica de um corpo extenso &#8211; m\u00e1quinas simples<\/p>\n","protected":false},"author":1,"featured_media":0,"parent":95,"menu_order":0,"comment_status":"closed","ping_status":"closed","template":"","meta":{"om_disable_all_campaigns":false,"_monsterinsights_skip_tracking":false,"_monsterinsights_sitenote_active":false,"_monsterinsights_sitenote_note":"","_monsterinsights_sitenote_category":0,"footnotes":""},"class_list":["post-1476","page","type-page","status-publish","hentry"],"aioseo_notices":[],"_links":{"self":[{"href":"https:\/\/fisicaevestibular.com.br\/novo\/wp-json\/wp\/v2\/pages\/1476","targetHints":{"allow":["GET"]}}],"collection":[{"href":"https:\/\/fisicaevestibular.com.br\/novo\/wp-json\/wp\/v2\/pages"}],"about":[{"href":"https:\/\/fisicaevestibular.com.br\/novo\/wp-json\/wp\/v2\/types\/page"}],"author":[{"embeddable":true,"href":"https:\/\/fisicaevestibular.com.br\/novo\/wp-json\/wp\/v2\/users\/1"}],"replies":[{"embeddable":true,"href":"https:\/\/fisicaevestibular.com.br\/novo\/wp-json\/wp\/v2\/comments?post=1476"}],"version-history":[{"count":3,"href":"https:\/\/fisicaevestibular.com.br\/novo\/wp-json\/wp\/v2\/pages\/1476\/revisions"}],"predecessor-version":[{"id":1479,"href":"https:\/\/fisicaevestibular.com.br\/novo\/wp-json\/wp\/v2\/pages\/1476\/revisions\/1479"}],"up":[{"embeddable":true,"href":"https:\/\/fisicaevestibular.com.br\/novo\/wp-json\/wp\/v2\/pages\/95"}],"wp:attachment":[{"href":"https:\/\/fisicaevestibular.com.br\/novo\/wp-json\/wp\/v2\/media?parent=1476"}],"curies":[{"name":"wp","href":"https:\/\/api.w.org\/{rel}","templated":true}]}}