{"id":145,"date":"2014-11-20T21:11:57","date_gmt":"2014-11-20T21:11:57","guid":{"rendered":"http:\/\/fisicaevestibular.com.br\/novo\/?page_id=145"},"modified":"2024-08-23T14:18:28","modified_gmt":"2024-08-23T14:18:28","slug":"gravitacao","status":"publish","type":"page","link":"https:\/\/fisicaevestibular.com.br\/novo\/mecanica\/gravitacao\/","title":{"rendered":"Gravita\u00e7\u00e3o"},"content":{"rendered":"<p><img fetchpriority=\"high\" decoding=\"async\" class=\"aligncenter\" src=\"http:\/\/fisicaevestibular.com.br\/images\/logo_grav.png\" alt=\"\" width=\"579\" height=\"179\" border=\"0\" \/><\/p>\n<p>&nbsp;<\/p>\n<p style=\"text-align: center;\">Analisa os modelos planet\u00e1rios atrav\u00e9s das leis de Kepler, a lei da gravita\u00e7\u00e3o universal de Newton e a an\u00e1lise dos movimentos e suas causas de planetas e sat\u00e9lites em \u00f3rbitas.<\/p>\n<table id=\"table10\" border=\"0\" width=\"100%\">\n<tbody>\n<tr>\n<td align=\"left\" width=\"25%\" height=\"50\">\n<h3><span style=\"color: #003366;\"><a style=\"color: #003366;\" href=\"http:\/\/fisicaevestibular.com.br\/gravitacao1.htm\"> Leis de Kepler<\/a><\/span><\/h3>\n<\/td>\n<td align=\"left\" width=\"25%\" height=\"50\">\n<h3><span style=\"color: #003366;\"><b><a style=\"color: #003366;\" href=\"http:\/\/fisicaevestibular.com.br\/gravitacao2.htm\">Lei da gravita\u00e7\u00e3o Universal<\/a><\/b><\/span><\/h3>\n<\/td>\n<td align=\"right\" width=\"25%\" height=\"50\">\n<h3><span style=\"color: #003366;\"> <a style=\"color: #003366;\" href=\"http:\/\/fisicaevestibular.com.br\/gravitacao3.htm\">Sat\u00e9lites em \u00f3rbitas circulares<\/a><\/span><\/h3>\n<\/td>\n<td align=\"right\" width=\"25%\" height=\"50\">\n<h3><span style=\"color: #003366;\"><b> <a style=\"color: #003366;\" href=\"http:\/\/fisicaevestibular.com.br\/gravitacao4.htm\">Velocidade de escape<\/a><\/b><\/span><\/h3>\n<\/td>\n<\/tr>\n<tr>\n<td colspan=\"4\" align=\"left\" height=\"50\">\n<h3 style=\"text-align: center;\"><span style=\"color: #003366;\"> <a style=\"color: #003366;\" href=\"http:\/\/fisicaevestibular.com.br\/gravitacao5.htm\">Acelera\u00e7\u00e3o da gravidade<\/a><\/span><\/h3>\n<\/td>\n<\/tr>\n<\/tbody>\n<\/table>\n","protected":false},"excerpt":{"rendered":"<p>&nbsp; Analisa os modelos planet\u00e1rios atrav\u00e9s das leis de Kepler, a lei da gravita\u00e7\u00e3o universal de Newton e a an\u00e1lise dos movimentos e suas causas de planetas e sat\u00e9lites em \u00f3rbitas. Leis de Kepler Lei da gravita\u00e7\u00e3o Universal Sat\u00e9lites em \u00f3rbitas circulares Velocidade de escape Acelera\u00e7\u00e3o da gravidade<\/p>\n","protected":false},"author":1,"featured_media":0,"parent":95,"menu_order":0,"comment_status":"closed","ping_status":"closed","template":"","meta":{"om_disable_all_campaigns":false,"_monsterinsights_skip_tracking":false,"_monsterinsights_sitenote_active":false,"_monsterinsights_sitenote_note":"","_monsterinsights_sitenote_category":0,"footnotes":""},"class_list":["post-145","page","type-page","status-publish","hentry"],"aioseo_notices":[],"_links":{"self":[{"href":"https:\/\/fisicaevestibular.com.br\/novo\/wp-json\/wp\/v2\/pages\/145","targetHints":{"allow":["GET"]}}],"collection":[{"href":"https:\/\/fisicaevestibular.com.br\/novo\/wp-json\/wp\/v2\/pages"}],"about":[{"href":"https:\/\/fisicaevestibular.com.br\/novo\/wp-json\/wp\/v2\/types\/page"}],"author":[{"embeddable":true,"href":"https:\/\/fisicaevestibular.com.br\/novo\/wp-json\/wp\/v2\/users\/1"}],"replies":[{"embeddable":true,"href":"https:\/\/fisicaevestibular.com.br\/novo\/wp-json\/wp\/v2\/comments?post=145"}],"version-history":[{"count":1,"href":"https:\/\/fisicaevestibular.com.br\/novo\/wp-json\/wp\/v2\/pages\/145\/revisions"}],"predecessor-version":[{"id":146,"href":"https:\/\/fisicaevestibular.com.br\/novo\/wp-json\/wp\/v2\/pages\/145\/revisions\/146"}],"up":[{"embeddable":true,"href":"https:\/\/fisicaevestibular.com.br\/novo\/wp-json\/wp\/v2\/pages\/95"}],"wp:attachment":[{"href":"https:\/\/fisicaevestibular.com.br\/novo\/wp-json\/wp\/v2\/media?parent=145"}],"curies":[{"name":"wp","href":"https:\/\/api.w.org\/{rel}","templated":true}]}}