{"id":141,"date":"2014-11-20T18:16:40","date_gmt":"2014-11-20T18:16:40","guid":{"rendered":"http:\/\/fisicaevestibular.com.br\/novo\/?page_id=141"},"modified":"2024-08-23T12:52:20","modified_gmt":"2024-08-23T12:52:20","slug":"dinamica","status":"publish","type":"page","link":"https:\/\/fisicaevestibular.com.br\/novo\/mecanica\/dinamica\/","title":{"rendered":"Din\u00e2mica"},"content":{"rendered":"<p style=\"text-align: center;\"><img fetchpriority=\"high\" decoding=\"async\" src=\"http:\/\/fisicaevestibular.com.br\/images\/logo_din.png\" alt=\"\" width=\"577\" height=\"176\" border=\"0\" \/><\/p>\n<p style=\"text-align: center;\">Estuda as causas que produzem os diversos tipos de movimentos nos diversos tipos de trajet\u00f3rias, baseadas nos princ\u00edpios fundamentais da Din\u00e2mica elaborados por Newton, as diversas formas de energia, suas transforma\u00e7\u00f5es e conserva\u00e7\u00e3o, a quantidade de movimento e sua conserva\u00e7\u00e3o.<\/p>\n<table id=\"table10\" border=\"0\" width=\"100%\">\n<tbody>\n<tr>\n<td align=\"left\" width=\"25%\" height=\"50\">\n<h3><span style=\"color: #003366;\"><a style=\"color: #003366;\" href=\"http:\/\/fisicaevestibular.com.br\/Dinamica1.htm\">Primeira Lei de Newton<\/a><\/span><\/h3>\n<\/td>\n<td align=\"left\" width=\"25%\" height=\"50\">\n<h3><span style=\"color: #003366;\"><b><a style=\"color: #003366;\" href=\"http:\/\/fisicaevestibular.com.br\/Dinamica2.htm\"> Segunda Lei de Newton<\/a><\/b><\/span><\/h3>\n<\/td>\n<td align=\"right\" width=\"25%\" height=\"50\">\n<h3><span style=\"color: #003366;\"> <a style=\"color: #003366;\" href=\"http:\/\/fisicaevestibular.com.br\/Dinamica3.htm\"> Terceira Lei de Newton<\/a><\/span><\/h3>\n<\/td>\n<td align=\"right\" width=\"25%\" height=\"50\">\n<h3><span style=\"color: #003366;\"><b><a style=\"color: #003366;\" href=\"http:\/\/fisicaevestibular.com.br\/Dinamica4.htm\"> Exerc\u00edcios sobre os conceitos das tr\u00eas Leis de Newton<\/a><\/b><\/span><\/h3>\n<\/td>\n<\/tr>\n<tr>\n<td align=\"left\" width=\"25%\" height=\"50\">\n<h3><span style=\"color: #003366;\"> <a style=\"color: #003366;\" href=\"http:\/\/fisicaevestibular.com.br\/Dinamica6.htm\"> Tipos de For\u00e7a<\/a><\/span><\/h3>\n<\/td>\n<td align=\"left\" width=\"25%\" height=\"50\">\n<h3><span style=\"color: #003366;\"><b><a style=\"color: #003366;\" href=\"http:\/\/fisicaevestibular.com.br\/Dinamica5.htm\"> Peso e Massa<\/a><\/b><\/span><\/h3>\n<\/td>\n<td align=\"right\" width=\"25%\" height=\"50\">\n<h3><span style=\"color: #003366;\"><b><a style=\"color: #003366;\" href=\"http:\/\/fisicaevestibular.com.br\/Dinamica7.htm\"> Polias ou Roldanas<\/a><\/b><\/span><\/h3>\n<\/td>\n<td align=\"right\" width=\"25%\" height=\"50\">\n<h3><span style=\"color: #003366;\"><b><a style=\"color: #003366;\" href=\"http:\/\/fisicaevestibular.com.br\/Dinamica8.htm\">Aplica\u00e7\u00f5es das leis de Newton para blocos apoiados ou suspensos<\/a><\/b><\/span><\/h3>\n<\/td>\n<\/tr>\n<tr>\n<td align=\"left\" width=\"25%\" height=\"50\">\n<h3><span style=\"color: #003366;\"><b><a style=\"color: #003366;\" href=\"http:\/\/fisicaevestibular.com.br\/Dinamica9.htm\"> Plano inclinado sem atrito<\/a><\/b><\/span><\/h3>\n<\/td>\n<td align=\"left\" width=\"25%\" height=\"50\">\n<h3><span style=\"color: #003366;\"><b><a style=\"color: #003366;\" href=\"http:\/\/fisicaevestibular.com.br\/Dinamica10.htm\"> Lei de Hooke<\/a><\/b><\/span><\/h3>\n<\/td>\n<td align=\"right\" width=\"25%\" height=\"50\">\n<h3><span style=\"color: #003366;\"><b> <a style=\"color: #003366;\" href=\"http:\/\/fisicaevestibular.com.br\/mhs.htm\">Movimento Harm\u00f4nico Simples &#8211; MHS<\/a><\/b><\/span><\/h3>\n<\/td>\n<td align=\"right\" width=\"25%\" height=\"50\">\n<h3><span style=\"color: #003366;\"><b><a style=\"color: #003366;\" href=\"http:\/\/fisicaevestibular.com.br\/Dinamica10a.htm\"> For\u00e7a de resist\u00eancia no ar<\/a><\/b><\/span><\/h3>\n<\/td>\n<\/tr>\n<tr>\n<td align=\"left\" width=\"25%\" height=\"50\">\n<h3><span style=\"color: #003366;\"><b> <a style=\"color: #003366;\" href=\"http:\/\/fisicaevestibular.com.br\/Dinamica11.htm\">For\u00e7a de atrito<\/a><\/b><\/span><\/h3>\n<\/td>\n<td align=\"left\" width=\"25%\" height=\"50\">\n<h3><span style=\"color: #003366;\"><b><a style=\"color: #003366;\" href=\"http:\/\/fisicaevestibular.com.br\/Dinamica12.htm\"> Plano inclinado com atrito<\/a><\/b><\/span><\/h3>\n<\/td>\n<td align=\"right\" width=\"25%\" height=\"50\">\n<h3><span style=\"color: #003366;\"><b> <a style=\"color: #003366;\" href=\"http:\/\/fisicaevestibular.com.br\/Dinamica13.htm\">For\u00e7as no movimento circular<\/a><\/b><\/span><\/h3>\n<\/td>\n<td align=\"right\" width=\"25%\" height=\"50\">\n<h3><span style=\"color: #003366;\"><b><a style=\"color: #003366;\" href=\"http:\/\/fisicaevestibular.com.br\/Dinamica14.htm\">Trabalho<\/a><\/b><\/span><\/h3>\n<\/td>\n<\/tr>\n<tr>\n<td align=\"left\" width=\"25%\" height=\"50\">\n<h3><span style=\"color: #003366;\"><b><a style=\"color: #003366;\" href=\"http:\/\/fisicaevestibular.com.br\/Dinamica15.htm\">Pot\u00eancia<\/a><\/b><\/span><\/h3>\n<\/td>\n<td align=\"left\" width=\"25%\" height=\"50\">\n<h3><span style=\"color: #003366;\"><b><a style=\"color: #003366;\" href=\"http:\/\/fisicaevestibular.com.br\/Dinamica16.htm\">Energia<\/a><\/b><\/span><\/h3>\n<\/td>\n<td align=\"right\" width=\"25%\" height=\"50\">\n<h3><span style=\"color: #003366;\"><b><a style=\"color: #003366;\" href=\"http:\/\/fisicaevestibular.com.br\/Dinamica17.htm\">Tipos de Energia &#8211; Trabalho<\/a><\/b><\/span><\/h3>\n<\/td>\n<td align=\"right\" width=\"25%\" height=\"50\">\n<h3><span style=\"color: #003366;\"><b><a style=\"color: #003366;\" href=\"http:\/\/fisicaevestibular.com.br\/Dinamica18.htm\"> Energia mec\u00e2nica<\/a><\/b><\/span><\/h3>\n<\/td>\n<\/tr>\n<tr>\n<td align=\"left\" width=\"25%\" height=\"50\">\n<h3><span style=\"color: #003366;\"><b><a style=\"color: #003366;\" href=\"http:\/\/fisicaevestibular.com.br\/Dinamica19.htm\"> Impulso e quantidade de movimento<\/a><\/b><\/span><\/h3>\n<\/td>\n<td align=\"left\" width=\"25%\" height=\"50\">\n<h3><span style=\"color: #003366;\"><b><a style=\"color: #003366;\" href=\"http:\/\/fisicaevestibular.com.br\/Dinamica20.htm\"> Conserva\u00e7\u00e3o da quantidade de movimento<\/a><\/b><\/span><\/h3>\n<\/td>\n<td align=\"left\" width=\"25%\" height=\"50\">\n<h3 align=\"right\"><span style=\"color: #003366;\"><b><a style=\"color: #003366;\" href=\"http:\/\/fisicaevestibular.com.br\/Dinamica21.htm\">Colis\u00f5es mec\u00e2nicas<\/a><\/b><\/span><\/h3>\n<\/td>\n<td align=\"right\" width=\"25%\" height=\"50\"><\/td>\n<\/tr>\n<\/tbody>\n<\/table>\n","protected":false},"excerpt":{"rendered":"<p>Estuda as causas que produzem os diversos tipos de movimentos nos diversos tipos de trajet\u00f3rias, baseadas nos princ\u00edpios fundamentais da Din\u00e2mica elaborados por Newton, as diversas formas de energia, suas transforma\u00e7\u00f5es e conserva\u00e7\u00e3o, a quantidade de movimento e sua conserva\u00e7\u00e3o. Primeira Lei de Newton Segunda Lei de Newton Terceira Lei de Newton Exerc\u00edcios sobre os conceitos das tr\u00eas Leis de<\/p>\n","protected":false},"author":1,"featured_media":0,"parent":95,"menu_order":0,"comment_status":"closed","ping_status":"closed","template":"","meta":{"om_disable_all_campaigns":false,"_monsterinsights_skip_tracking":false,"_monsterinsights_sitenote_active":false,"_monsterinsights_sitenote_note":"","_monsterinsights_sitenote_category":0,"footnotes":""},"class_list":["post-141","page","type-page","status-publish","hentry"],"aioseo_notices":[],"_links":{"self":[{"href":"https:\/\/fisicaevestibular.com.br\/novo\/wp-json\/wp\/v2\/pages\/141","targetHints":{"allow":["GET"]}}],"collection":[{"href":"https:\/\/fisicaevestibular.com.br\/novo\/wp-json\/wp\/v2\/pages"}],"about":[{"href":"https:\/\/fisicaevestibular.com.br\/novo\/wp-json\/wp\/v2\/types\/page"}],"author":[{"embeddable":true,"href":"https:\/\/fisicaevestibular.com.br\/novo\/wp-json\/wp\/v2\/users\/1"}],"replies":[{"embeddable":true,"href":"https:\/\/fisicaevestibular.com.br\/novo\/wp-json\/wp\/v2\/comments?post=141"}],"version-history":[{"count":4,"href":"https:\/\/fisicaevestibular.com.br\/novo\/wp-json\/wp\/v2\/pages\/141\/revisions"}],"predecessor-version":[{"id":1202,"href":"https:\/\/fisicaevestibular.com.br\/novo\/wp-json\/wp\/v2\/pages\/141\/revisions\/1202"}],"up":[{"embeddable":true,"href":"https:\/\/fisicaevestibular.com.br\/novo\/wp-json\/wp\/v2\/pages\/95"}],"wp:attachment":[{"href":"https:\/\/fisicaevestibular.com.br\/novo\/wp-json\/wp\/v2\/media?parent=141"}],"curies":[{"name":"wp","href":"https:\/\/api.w.org\/{rel}","templated":true}]}}