{"id":129,"date":"2014-11-20T13:39:14","date_gmt":"2014-11-20T13:39:14","guid":{"rendered":"http:\/\/fisicaevestibular.com.br\/novo\/?page_id=129"},"modified":"2024-08-22T17:17:36","modified_gmt":"2024-08-22T17:17:36","slug":"introducao","status":"publish","type":"page","link":"https:\/\/fisicaevestibular.com.br\/novo\/introducao\/","title":{"rendered":"Introdu\u00e7\u00e3o"},"content":{"rendered":"<p align=\"center\"><img fetchpriority=\"high\" decoding=\"async\" class=\"aligncenter\" src=\"http:\/\/fisicaevestibular.com.br\/images\/logo_intro.png\" alt=\"\" width=\"579\" height=\"179\" border=\"0\" \/><\/p>\n<table id=\"table10\" border=\"0\" width=\"100%\">\n<tbody>\n<tr>\n<td align=\"left\">\n<h3 style=\"text-align: center;\"><span style=\"color: #000080;\"><b><a style=\"color: #000080;\" href=\"http:\/\/fisicaevestibular.com.br\/intro1.htm\">Sistemas de Unidades\u00a0 An\u00e1lise dimensional<\/a><\/b><\/span><\/h3>\n<\/td>\n<td align=\"right\">\n<h3 style=\"text-align: center;\"><a title=\"Nota\u00e7\u00e3o Cient\u00edfica, Ordem de Grandeza e Algarismos Significativos\" href=\"http:\/\/fisicaevestibular.com.br\/novo\/introducao\/notacao-cientifica-ordem-de-grandeza-e-algarismos-significativos\/\"><span style=\"color: #000080;\"><b> Nota\u00e7\u00e3o cient\u00edfica &#8211; ordem de grandeza &#8211; algarismos significativos<\/b><\/span><\/a><\/h3>\n<\/td>\n<\/tr>\n<\/tbody>\n<\/table>\n","protected":false},"excerpt":{"rendered":"<p>Sistemas de Unidades\u00a0 An\u00e1lise dimensional Nota\u00e7\u00e3o cient\u00edfica &#8211; ordem de grandeza &#8211; algarismos significativos<\/p>\n","protected":false},"author":1,"featured_media":0,"parent":0,"menu_order":0,"comment_status":"closed","ping_status":"closed","template":"","meta":{"om_disable_all_campaigns":false,"_monsterinsights_skip_tracking":false,"_monsterinsights_sitenote_active":false,"_monsterinsights_sitenote_note":"","_monsterinsights_sitenote_category":0,"footnotes":""},"class_list":["post-129","page","type-page","status-publish","hentry"],"aioseo_notices":[],"_links":{"self":[{"href":"https:\/\/fisicaevestibular.com.br\/novo\/wp-json\/wp\/v2\/pages\/129","targetHints":{"allow":["GET"]}}],"collection":[{"href":"https:\/\/fisicaevestibular.com.br\/novo\/wp-json\/wp\/v2\/pages"}],"about":[{"href":"https:\/\/fisicaevestibular.com.br\/novo\/wp-json\/wp\/v2\/types\/page"}],"author":[{"embeddable":true,"href":"https:\/\/fisicaevestibular.com.br\/novo\/wp-json\/wp\/v2\/users\/1"}],"replies":[{"embeddable":true,"href":"https:\/\/fisicaevestibular.com.br\/novo\/wp-json\/wp\/v2\/comments?post=129"}],"version-history":[{"count":2,"href":"https:\/\/fisicaevestibular.com.br\/novo\/wp-json\/wp\/v2\/pages\/129\/revisions"}],"predecessor-version":[{"id":2506,"href":"https:\/\/fisicaevestibular.com.br\/novo\/wp-json\/wp\/v2\/pages\/129\/revisions\/2506"}],"wp:attachment":[{"href":"https:\/\/fisicaevestibular.com.br\/novo\/wp-json\/wp\/v2\/media?parent=129"}],"curies":[{"name":"wp","href":"https:\/\/api.w.org\/{rel}","templated":true}]}}