{"id":125,"date":"2014-11-20T13:23:30","date_gmt":"2014-11-20T13:23:30","guid":{"rendered":"http:\/\/fisicaevestibular.com.br\/novo\/?page_id=125"},"modified":"2024-08-21T13:29:57","modified_gmt":"2024-08-21T13:29:57","slug":"fisica-moderna","status":"publish","type":"page","link":"https:\/\/fisicaevestibular.com.br\/novo\/fisica-moderna\/","title":{"rendered":"F\u00edsica Moderna"},"content":{"rendered":"<p align=\"center\"><img fetchpriority=\"high\" decoding=\"async\" class=\"aligncenter\" src=\"http:\/\/fisicaevestibular.com.br\/images\/logo_fis_mod.png\" alt=\"\" width=\"579\" height=\"179\" border=\"0\" \/><\/p>\n<p style=\"text-align: center;\">Analisa as bases da Teoria Qu\u00e2ntica e da estrutura at\u00f4mica.<\/p>\n<table id=\"table10\" border=\"0\" width=\"100%\" align=\"center\">\n<tbody>\n<tr>\n<td align=\"left\">\n<h3 style=\"text-align: center;\"><span style=\"color: #003366;\"><b><a style=\"color: #003366;\" href=\"http:\/\/fisicaevestibular.com.br\/fis_moderna1.htm\">Efeito fotoel\u00e9trico<\/a><\/b><\/span><\/h3>\n<\/td>\n<td align=\"left\">\n<h3 style=\"text-align: center;\"><span style=\"color: #003366;\"><b><a style=\"color: #003366;\" href=\"http:\/\/fisicaevestibular.com.br\/fis_moderna2.htm\">Estrutura at\u00f4mica &#8211; \u00e1tomo de Bohr<\/a><\/b><\/span><\/h3>\n<\/td>\n<\/tr>\n<tr>\n<td colspan=\"2\" align=\"right\">\n<h3 style=\"text-align: center;\"><span style=\"color: #003366;\"><b><a style=\"color: #003366;\" href=\"http:\/\/fisicaevestibular.com.br\/fis_moderna3.htm\">Introdu\u00e7\u00e3o \u00e0 Teoria da Relatividade<\/a><\/b><\/span><\/h3>\n<\/td>\n<\/tr>\n<\/tbody>\n<\/table>\n","protected":false},"excerpt":{"rendered":"<p>Analisa as bases da Teoria Qu\u00e2ntica e da estrutura at\u00f4mica. Efeito fotoel\u00e9trico Estrutura at\u00f4mica &#8211; \u00e1tomo de Bohr Introdu\u00e7\u00e3o \u00e0 Teoria da Relatividade<\/p>\n","protected":false},"author":1,"featured_media":0,"parent":0,"menu_order":0,"comment_status":"closed","ping_status":"closed","template":"","meta":{"om_disable_all_campaigns":false,"_monsterinsights_skip_tracking":false,"_monsterinsights_sitenote_active":false,"_monsterinsights_sitenote_note":"","_monsterinsights_sitenote_category":0,"footnotes":""},"class_list":["post-125","page","type-page","status-publish","hentry"],"aioseo_notices":[],"_links":{"self":[{"href":"https:\/\/fisicaevestibular.com.br\/novo\/wp-json\/wp\/v2\/pages\/125","targetHints":{"allow":["GET"]}}],"collection":[{"href":"https:\/\/fisicaevestibular.com.br\/novo\/wp-json\/wp\/v2\/pages"}],"about":[{"href":"https:\/\/fisicaevestibular.com.br\/novo\/wp-json\/wp\/v2\/types\/page"}],"author":[{"embeddable":true,"href":"https:\/\/fisicaevestibular.com.br\/novo\/wp-json\/wp\/v2\/users\/1"}],"replies":[{"embeddable":true,"href":"https:\/\/fisicaevestibular.com.br\/novo\/wp-json\/wp\/v2\/comments?post=125"}],"version-history":[{"count":3,"href":"https:\/\/fisicaevestibular.com.br\/novo\/wp-json\/wp\/v2\/pages\/125\/revisions"}],"predecessor-version":[{"id":128,"href":"https:\/\/fisicaevestibular.com.br\/novo\/wp-json\/wp\/v2\/pages\/125\/revisions\/128"}],"wp:attachment":[{"href":"https:\/\/fisicaevestibular.com.br\/novo\/wp-json\/wp\/v2\/media?parent=125"}],"curies":[{"name":"wp","href":"https:\/\/api.w.org\/{rel}","templated":true}]}}