{"id":1236,"date":"2015-08-26T00:34:31","date_gmt":"2015-08-26T00:34:31","guid":{"rendered":"http:\/\/fisicaevestibular.com.br\/novo\/?page_id=1236"},"modified":"2024-06-24T15:09:42","modified_gmt":"2024-06-24T15:09:42","slug":"mhs","status":"publish","type":"page","link":"https:\/\/fisicaevestibular.com.br\/novo\/mecanica\/dinamica\/mhs\/","title":{"rendered":"MHS"},"content":{"rendered":"<table id=\"table10\" border=\"0\" width=\"100%\">\n<tbody>\n<tr>\n<td colspan=\"4\" align=\"center\" valign=\"bottom\" width=\"25%\" height=\"49\"><img fetchpriority=\"high\" decoding=\"async\" src=\"http:\/\/fisicaevestibular.com.br\/images\/logo_mhs.png\" alt=\"\" width=\"579\" height=\"179\" border=\"0\" \/><\/td>\n<\/tr>\n<\/tbody>\n<\/table>\n<table id=\"table10\" border=\"0\" width=\"100%\">\n<tbody>\n<tr>\n<td colspan=\"4\" align=\"left\" width=\"100%\">Estudo das oscila\u00e7\u00f5es vibrat\u00f3rias harm\u00f4nicas do ponto de vista cinem\u00e1tico e din\u00e2mico atrav\u00e9s de suas fun\u00e7\u00f5es hor\u00e1rias.<\/td>\n<\/tr>\n<tr>\n<td align=\"left\" width=\"25%\"><\/td>\n<td align=\"left\" width=\"25%\"><\/td>\n<td align=\"right\" width=\"25%\"><\/td>\n<td align=\"right\" width=\"25%\"><\/td>\n<\/tr>\n<tr>\n<td align=\"left\" width=\"25%\" height=\"50\"><span style=\"font-size: small;\"><a href=\"http:\/\/fisicaevestibular.com.br\/mhs1.htm\">Fun\u00e7\u00e3o hor\u00e1ria da elonga\u00e7\u00e3o<\/a><\/span><\/td>\n<td align=\"left\" width=\"25%\" height=\"50\"><b><span style=\"font-size: small;\"><a href=\"http:\/\/fisicaevestibular.com.br\/mhs2.htm\">Fun\u00e7\u00e3o hor\u00e1ria da velocidade e da acelera\u00e7\u00e3o<\/a><\/span><\/b><\/td>\n<td align=\"right\" width=\"25%\" height=\"50\"><span style=\"color: #ffffff; font-size: small;\"><a href=\"http:\/\/fisicaevestibular.com.br\/mhs3.htm\">Din\u00e2mica do MHS \u2013 Sistema massa-mola<\/a><\/span><\/td>\n<td align=\"right\" width=\"25%\" height=\"50\"><b><span style=\"font-size: small;\"><a href=\"http:\/\/fisicaevestibular.com.br\/mhs4.htm\">P\u00eandulo Simples<\/a><\/span><\/b><\/td>\n<\/tr>\n<tr>\n<td align=\"left\" width=\"25%\" height=\"50\"><span style=\"color: #ffffff; font-size: small;\"><a href=\"http:\/\/fisicaevestibular.com.br\/mhs5.htm\">Associa\u00e7\u00e3o de molas<\/a><\/span><\/td>\n<td align=\"left\" width=\"25%\" height=\"50\"><\/td>\n<td align=\"right\" width=\"25%\" height=\"50\"><\/td>\n<\/tr>\n<\/tbody>\n<\/table>\n<p>&nbsp;<\/p>\n<p><a href=\"https:\/\/fisicaevestibular.com.br\/novo\/mecanica\/dinamica\/\">Clique aqui para ver sobre o tema!<\/a><\/p>\n<p><a href=\"https:\/\/www.youtube.com\/user\/fisicaevestibular\/playlists\">Confira as v\u00eddeo aulas!<\/a><\/p>\n","protected":false},"excerpt":{"rendered":"<p>Estudo das oscila\u00e7\u00f5es vibrat\u00f3rias harm\u00f4nicas do ponto de vista cinem\u00e1tico e din\u00e2mico atrav\u00e9s de suas fun\u00e7\u00f5es hor\u00e1rias. Fun\u00e7\u00e3o hor\u00e1ria da elonga\u00e7\u00e3o Fun\u00e7\u00e3o hor\u00e1ria da velocidade e da acelera\u00e7\u00e3o Din\u00e2mica do MHS \u2013 Sistema massa-mola P\u00eandulo Simples Associa\u00e7\u00e3o de molas &nbsp; Clique aqui para ver sobre o tema! Confira as v\u00eddeo aulas!<\/p>\n","protected":false},"author":1,"featured_media":0,"parent":141,"menu_order":0,"comment_status":"closed","ping_status":"closed","template":"","meta":{"om_disable_all_campaigns":false,"_monsterinsights_skip_tracking":false,"_monsterinsights_sitenote_active":false,"_monsterinsights_sitenote_note":"","_monsterinsights_sitenote_category":0,"footnotes":""},"class_list":["post-1236","page","type-page","status-publish","hentry"],"aioseo_notices":[],"_links":{"self":[{"href":"https:\/\/fisicaevestibular.com.br\/novo\/wp-json\/wp\/v2\/pages\/1236","targetHints":{"allow":["GET"]}}],"collection":[{"href":"https:\/\/fisicaevestibular.com.br\/novo\/wp-json\/wp\/v2\/pages"}],"about":[{"href":"https:\/\/fisicaevestibular.com.br\/novo\/wp-json\/wp\/v2\/types\/page"}],"author":[{"embeddable":true,"href":"https:\/\/fisicaevestibular.com.br\/novo\/wp-json\/wp\/v2\/users\/1"}],"replies":[{"embeddable":true,"href":"https:\/\/fisicaevestibular.com.br\/novo\/wp-json\/wp\/v2\/comments?post=1236"}],"version-history":[{"count":2,"href":"https:\/\/fisicaevestibular.com.br\/novo\/wp-json\/wp\/v2\/pages\/1236\/revisions"}],"predecessor-version":[{"id":9708,"href":"https:\/\/fisicaevestibular.com.br\/novo\/wp-json\/wp\/v2\/pages\/1236\/revisions\/9708"}],"up":[{"embeddable":true,"href":"https:\/\/fisicaevestibular.com.br\/novo\/wp-json\/wp\/v2\/pages\/141"}],"wp:attachment":[{"href":"https:\/\/fisicaevestibular.com.br\/novo\/wp-json\/wp\/v2\/media?parent=1236"}],"curies":[{"name":"wp","href":"https:\/\/api.w.org\/{rel}","templated":true}]}}