{"id":122,"date":"2014-11-20T13:20:23","date_gmt":"2014-11-20T13:20:23","guid":{"rendered":"http:\/\/fisicaevestibular.com.br\/novo\/?page_id=122"},"modified":"2024-08-21T14:28:40","modified_gmt":"2024-08-21T14:28:40","slug":"fisica-termica","status":"publish","type":"page","link":"https:\/\/fisicaevestibular.com.br\/novo\/fisica-termica\/","title":{"rendered":"F\u00edsica T\u00e9rmica"},"content":{"rendered":"<p style=\"text-align: center;\"><img fetchpriority=\"high\" decoding=\"async\" class=\"aligncenter\" src=\"http:\/\/fisicaevestibular.com.br\/images\/logo_fis_ter.png\" alt=\"\" width=\"579\" height=\"179\" border=\"0\" \/>Estuda o calor, a temperatura, o trabalho e as transforma\u00e7\u00f5es de energia.<\/p>\n<table id=\"table10\" border=\"0\" width=\"100%\" align=\"center\">\n<tbody>\n<tr>\n<td style=\"text-align: center;\" align=\"left\">\n<h3><span style=\"color: #003366;\"><b><a style=\"color: #003366;\" href=\"http:\/\/fisicaevestibular.com.br\/termometria.html\">Termometria<\/a><\/b><\/span><\/h3>\n<\/td>\n<td style=\"text-align: center;\" align=\"right\">\n<h3><span style=\"color: #003366;\"><b><a style=\"color: #003366;\" href=\"http:\/\/fisicaevestibular.com.br\/termologia.html\">Termologia<\/a><\/b><\/span><\/h3>\n<\/td>\n<\/tr>\n<tr>\n<td style=\"text-align: center;\" align=\"left\">\n<h3><span style=\"color: #003366;\"><b><a style=\"color: #003366;\" href=\"http:\/\/fisicaevestibular.com.br\/calorimetria.html\">Calorimetria<\/a><\/b><\/span><\/h3>\n<\/td>\n<td align=\"left\">\n<h3 style=\"text-align: center;\" align=\"right\"><span style=\"color: #003366;\"><b><a style=\"color: #003366;\" href=\"http:\/\/fisicaevestibular.com.br\/dilatometria.html\">Dilatometria<\/a><\/b><\/span><\/h3>\n<\/td>\n<\/tr>\n<tr>\n<td colspan=\"2\" align=\"center\">\n<h3><span style=\"color: #003366;\"><b> <a style=\"color: #003366;\" href=\"http:\/\/fisicaevestibular.com.br\/termodinamica.html\">Termodin\u00e2mica<\/a><\/b><\/span><\/h3>\n<\/td>\n<\/tr>\n<\/tbody>\n<\/table>\n","protected":false},"excerpt":{"rendered":"<p>Estuda o calor, a temperatura, o trabalho e as transforma\u00e7\u00f5es de energia. Termometria Termologia Calorimetria Dilatometria Termodin\u00e2mica<\/p>\n","protected":false},"author":1,"featured_media":0,"parent":0,"menu_order":0,"comment_status":"closed","ping_status":"closed","template":"","meta":{"om_disable_all_campaigns":false,"_monsterinsights_skip_tracking":false,"_monsterinsights_sitenote_active":false,"_monsterinsights_sitenote_note":"","_monsterinsights_sitenote_category":0,"footnotes":""},"class_list":["post-122","page","type-page","status-publish","hentry"],"aioseo_notices":[],"_links":{"self":[{"href":"https:\/\/fisicaevestibular.com.br\/novo\/wp-json\/wp\/v2\/pages\/122","targetHints":{"allow":["GET"]}}],"collection":[{"href":"https:\/\/fisicaevestibular.com.br\/novo\/wp-json\/wp\/v2\/pages"}],"about":[{"href":"https:\/\/fisicaevestibular.com.br\/novo\/wp-json\/wp\/v2\/types\/page"}],"author":[{"embeddable":true,"href":"https:\/\/fisicaevestibular.com.br\/novo\/wp-json\/wp\/v2\/users\/1"}],"replies":[{"embeddable":true,"href":"https:\/\/fisicaevestibular.com.br\/novo\/wp-json\/wp\/v2\/comments?post=122"}],"version-history":[{"count":1,"href":"https:\/\/fisicaevestibular.com.br\/novo\/wp-json\/wp\/v2\/pages\/122\/revisions"}],"predecessor-version":[{"id":123,"href":"https:\/\/fisicaevestibular.com.br\/novo\/wp-json\/wp\/v2\/pages\/122\/revisions\/123"}],"wp:attachment":[{"href":"https:\/\/fisicaevestibular.com.br\/novo\/wp-json\/wp\/v2\/media?parent=122"}],"curies":[{"name":"wp","href":"https:\/\/api.w.org\/{rel}","templated":true}]}}