{"id":1213,"date":"2015-08-26T00:07:44","date_gmt":"2015-08-26T00:07:44","guid":{"rendered":"http:\/\/fisicaevestibular.com.br\/novo\/?page_id=1213"},"modified":"2024-06-24T15:05:36","modified_gmt":"2024-06-24T15:05:36","slug":"plano-inclinado-sem-atrito","status":"publish","type":"page","link":"https:\/\/fisicaevestibular.com.br\/novo\/mecanica\/dinamica\/plano-inclinado-sem-atrito\/","title":{"rendered":"Plano Inclinado sem Atrito"},"content":{"rendered":"<p align=\"CENTER\"><span style=\"color: #0000cc;\"><span style=\"font-family: 'Arial Black', serif;\"><span style=\"font-size: large;\"><b>Plano inclinado sem atrito<\/b><\/span><\/span><\/span><\/p>\n<p><img fetchpriority=\"high\" decoding=\"async\" src=\"http:\/\/fisicaevestibular.com.br\/novo\/wp-content\/uploads\/migracao\/planoincsatr\/i_db085e8705710e8e_html_d148bfa6.png\" alt=\"\" width=\"775\" height=\"200\" name=\"Imagem 33\" align=\"BOTTOM\" border=\"0\" \/><\/p>\n<p><img decoding=\"async\" src=\"http:\/\/fisicaevestibular.com.br\/novo\/wp-content\/uploads\/migracao\/planoincsatr\/i_db085e8705710e8e_html_cfd7c0de.png\" alt=\"\" width=\"774\" height=\"183\" name=\"Imagem 34\" align=\"BOTTOM\" border=\"0\" \/><\/p>\n<p><span style=\"color: #c00000;\"><span style=\"font-family: Arial, serif;\"><span style=\"font-size: medium;\"><b>C\u00e1lculo <\/b><\/span><\/span><\/span><span style=\"color: #0000cc;\"><span style=\"font-family: Arial, serif;\"><span style=\"font-size: medium;\"><b>da intensidade de P<\/b><\/span><\/span><\/span><span style=\"color: #0000cc;\"><sub><span style=\"font-family: Arial, serif;\"><span style=\"font-size: medium;\"><b>P<\/b><\/span><\/span><\/sub><\/span><span style=\"color: #0000cc;\"><span style=\"font-family: Arial, serif;\"><span style=\"font-size: medium;\"><b> e P<\/b><\/span><\/span><\/span><span style=\"color: #0000cc;\"><sub><span style=\"font-family: Arial, serif;\"><span style=\"font-size: medium;\"><b>N<\/b><\/span><\/span><\/sub><\/span><b> <\/b><span style=\"color: #c00000;\"><span style=\"font-family: Arial, serif;\"><span style=\"font-size: medium;\"><b>utilizando o <\/b><\/span><\/span><\/span><span style=\"color: #0000cc;\"><span style=\"font-family: Arial, serif;\"><span style=\"font-size: medium;\"><b>tri\u00e2ngulo ret\u00e2ngulo <\/b><\/span><\/span><\/span><span style=\"color: #c00000;\"><span style=\"font-family: Arial, serif;\"><span style=\"font-size: medium;\"><b>da figura abaixo:<\/b><\/span><\/span><\/span><\/p>\n<p><img decoding=\"async\" src=\"http:\/\/fisicaevestibular.com.br\/novo\/wp-content\/uploads\/migracao\/planoincsatr\/i_db085e8705710e8e_html_97de9539.png\" alt=\"\" width=\"774\" height=\"129\" name=\"Imagem 35\" align=\"BOTTOM\" border=\"0\" \/><\/p>\n<p><span style=\"color: #000000;\">\u00a0<\/span><\/p>\n<p><img loading=\"lazy\" decoding=\"async\" src=\"http:\/\/fisicaevestibular.com.br\/novo\/wp-content\/uploads\/migracao\/planoincsatr\/i_db085e8705710e8e_html_12a03cb.png\" alt=\"\" width=\"774\" height=\"235\" name=\"Imagem 39\" align=\"BOTTOM\" border=\"0\" \/><\/p>\n<p><span style=\"color: #0000cc;\"><span style=\"font-family: Arial, serif;\"><span style=\"font-size: medium;\"><b>Como n\u00e3o existe atrito,<\/b><\/span><\/span><\/span><span style=\"color: #000000;\"><span style=\"font-family: Arial, serif;\"><span style=\"font-size: medium;\"><b> o <\/b><\/span><\/span><\/span><span style=\"color: #0000cc;\"><span style=\"font-family: Arial, serif;\"><span style=\"font-size: medium;\"><b>bloco desce<\/b><\/span><\/span><\/span><span style=\"color: #c00000;\"><span style=\"font-family: Arial, serif;\"><span style=\"font-size: medium;\"><b> com <\/b><\/span><\/span><\/span><span style=\"color: #0000cc;\"><span style=\"font-family: Arial, serif;\"><span style=\"font-size: medium;\"><b>acelera\u00e7\u00e3o de intensidade <\/b><\/span><\/span><\/span><span style=\"color: #0000cc;\"><span style=\"font-family: 'Arial Black', serif;\"><span style=\"font-size: medium;\"><b>a<\/b><\/span><\/span><\/span><span style=\"color: #c00000;\"><span style=\"font-family: Arial, serif;\"><span style=\"font-size: medium;\"><b>, <\/b><\/span><\/span><\/span><span style=\"color: #000000;\"><span style=\"font-family: Arial, serif;\"><span style=\"font-size: medium;\"><b>tal que <\/b><\/span><\/span><\/span><span style=\"color: #c00000;\"><span style=\"font-family: Arial, serif;\"><span style=\"font-size: medium;\"><b>F<\/b><\/span><\/span><\/span><span style=\"color: #c00000;\"><sub><span style=\"font-family: Arial, serif;\"><span style=\"font-size: medium;\"><b>R <\/b><\/span><\/span><\/sub><\/span><span style=\"color: #c00000;\"><span style=\"font-family: Arial, serif;\"><span style=\"font-size: medium;\"><b>= m.a<\/b><\/span><\/span><\/span><span style=\"color: #000000;\"><span style=\"font-family: Arial, serif;\"><span style=\"font-size: medium;\"><b>\u00a0 <img loading=\"lazy\" decoding=\"async\" src=\"http:\/\/fisicaevestibular.com.br\/novo\/wp-content\/uploads\/migracao\/planoincsatr\/i_db085e8705710e8e_html_c275b3ec.png\" alt=\"\" width=\"14\" height=\"14\" name=\"Imagem 40\" align=\"BOTTOM\" border=\"0\" \/> \u00a0\u00a0P<\/b><\/span><\/span><\/span><span style=\"color: #000000;\"><sub><span style=\"font-family: Arial, serif;\"><span style=\"font-size: medium;\"><b>P <\/b><\/span><\/span><\/sub><\/span><span style=\"color: #000000;\"><span style=\"font-family: Arial, serif;\"><span style=\"font-size: medium;\"><b>= m.a\u00a0<img loading=\"lazy\" decoding=\"async\" src=\"http:\/\/fisicaevestibular.com.br\/novo\/wp-content\/uploads\/migracao\/planoincsatr\/i_db085e8705710e8e_html_c275b3ec.png\" alt=\"\" width=\"14\" height=\"14\" name=\"graphics1\" align=\"BOTTOM\" border=\"0\" \/> \u00a0 <\/b><\/span><\/span><\/span><span style=\"color: #c00000;\"><span style=\"font-family: Arial, serif;\"><span style=\"font-size: medium;\"><b>m,g.sen\u03b1 = m.a<\/b><\/span><\/span><\/span><span style=\"color: #000000;\"><span style=\"font-family: Arial, serif;\"><span style=\"font-size: medium;\"><b>\u00a0 <img loading=\"lazy\" decoding=\"async\" src=\"http:\/\/fisicaevestibular.com.br\/novo\/wp-content\/uploads\/migracao\/planoincsatr\/i_db085e8705710e8e_html_c275b3ec.png\" alt=\"\" width=\"14\" height=\"14\" name=\"graphics2\" align=\"BOTTOM\" border=\"0\" \/>\u00a0\u00a0<\/b><\/span><\/span><\/span><span style=\"color: #0000cc;\"><span style=\"font-family: 'Arial Black', serif;\"><span style=\"font-size: medium;\"><b>a = g.sen\u03b1<\/b><\/span><\/span><\/span><b> <\/b><span style=\"color: #c00000;\"><span style=\"font-family: Arial, serif;\"><span style=\"font-size: medium;\"><b>(acelera\u00e7\u00e3o de descida do bloco de massa m).<\/b><\/span><\/span><\/span><\/p>\n<p><span style=\"color: #000000;\"><span style=\"font-family: Arial, serif;\"><span style=\"font-size: medium;\"><b>Se o <\/b><\/span><\/span><\/span><span style=\"color: #c00000;\"><span style=\"font-family: Arial, serif;\"><span style=\"font-size: medium;\"><b>bloco estiver em equil\u00edbrio (est\u00e1tico ou din\u00e2mico)<\/b><\/span><\/span><\/span><span style=\"color: #000000;\"><span style=\"font-family: Arial, serif;\"><span style=\"font-size: medium;\"><b>, a <\/b><\/span><\/span><\/span><span style=\"color: #0000cc;\"><span style=\"font-family: Arial, serif;\"><span style=\"font-size: medium;\"><b>for\u00e7a resultante sobre ele seria nula<\/b><\/span><\/span><\/span><span style=\"color: #000000;\"><span style=\"font-family: Arial, serif;\"><span style=\"font-size: medium;\"><b> e, nesse caso <\/b><\/span><\/span><\/span><span style=\"color: #0000cc;\"><span style=\"font-family: Arial, serif;\"><span style=\"font-size: medium;\"><b>haveria ou uma for\u00e7a de atrito (F<\/b><\/span><\/span><\/span><span style=\"color: #0000cc;\"><sub><span style=\"font-family: Arial, serif;\"><span style=\"font-size: medium;\"><b>at<\/b><\/span><\/span><\/sub><\/span><span style=\"color: #0000cc;\"><span style=\"font-family: Arial, serif;\"><span style=\"font-size: medium;\"><b>) ou uma for\u00e7a externa (F) anulando P<\/b><\/span><\/span><\/span><span style=\"color: #0000cc;\"><sub><span style=\"font-family: Arial, serif;\"><span style=\"font-size: medium;\"><b>P<\/b><\/span><\/span><\/sub><\/span><span style=\"color: #0000cc;\"><span style=\"font-family: Arial, serif;\"><span style=\"font-size: medium;\"><b>.<\/b><\/span><\/span><\/span><\/p>\n<p align=\"CENTER\"><span style=\"color: #0000cc;\"><span style=\"font-family: 'Arial Black', serif;\"><span style=\"font-size: large;\"><b>O que voc\u00ea deve saber, informa\u00e7\u00f5es e dicas<\/b><\/span><\/span><\/span><\/p>\n<p><img decoding=\"async\" src=\"http:\/\/fisicaevestibular.com.br\/novo\/wp-content\/uploads\/migracao\/planoincsatr\/i_db085e8705710e8e_html_f397dcac.gif\" alt=\"\" \/><span style=\"color: #000000;\"> <span style=\"font-family: Arial, serif;\"><span style=\"font-size: medium;\"><b>Num <\/b><\/span><\/span><\/span><span style=\"color: #0000cc;\"><span style=\"font-family: Arial, serif;\"><span style=\"font-size: medium;\"><b>plano inclinado<\/b><\/span><\/span><\/span><span style=\"color: #c00000;\"><span style=\"font-family: Arial, serif;\"><span style=\"font-size: medium;\"><b>, se <\/b><\/span><\/span><\/span><span style=\"color: #0000cc;\"><span style=\"font-family: Arial, serif;\"><span style=\"font-size: medium;\"><b>n\u00e3o houver atrito<\/b><\/span><\/span><\/span><span style=\"color: #c00000;\"><span style=\"font-family: Arial, serif;\"><span style=\"font-size: medium;\"><b> e nem <\/b><\/span><\/span><\/span><span style=\"color: #0000cc;\"><span style=\"font-family: Arial, serif;\"><span style=\"font-size: medium;\"><b>for\u00e7a externa<\/b><\/span><\/span><\/span><span style=\"color: #c00000;\"><span style=\"font-family: Arial, serif;\"><span style=\"font-size: medium;\"><b>, o bloco desce com <\/b><\/span><\/span><\/span><span style=\"color: #0000cc;\"><span style=\"font-family: Arial, serif;\"><span style=\"font-size: medium;\"><b>acelera\u00e7\u00e3o<\/b><\/span><\/span><\/span><span style=\"color: #c00000;\"><span style=\"font-family: Arial, serif;\"><span style=\"font-size: medium;\"><b> de<\/b><\/span><\/span><\/span><\/p>\n<p align=\"CENTER\"><img loading=\"lazy\" decoding=\"async\" src=\"http:\/\/fisicaevestibular.com.br\/novo\/wp-content\/uploads\/migracao\/planoincsatr\/i_db085e8705710e8e_html_88b0bd66.png\" alt=\"\" width=\"252\" height=\"178\" name=\"Imagem 12\" align=\"BOTTOM\" border=\"0\" \/><\/p>\n<p><span style=\"color: #c00000;\"><span style=\"font-family: Arial, serif;\"><span style=\"font-size: medium;\"><b>intensidade<\/b><\/span><\/span><\/span><b> <\/b><span style=\"color: #0000cc;\"><span style=\"font-family: 'Arial Black', serif;\"><span style=\"font-size: medium;\"><b>a<\/b><\/span><\/span><\/span><span style=\"color: #c00000;\"><span style=\"font-family: 'Arial Black', serif;\"><span style=\"font-size: medium;\"><b>,<\/b><\/span><\/span><\/span><span style=\"color: #c00000;\"><span style=\"font-family: Arial, serif;\"><span style=\"font-size: medium;\"><b> tal que F<\/b><\/span><\/span><\/span><span style=\"color: #c00000;\"><sub><span style=\"font-family: Arial, serif;\"><span style=\"font-size: medium;\"><b>R<\/b><\/span><\/span><\/sub><\/span><span style=\"color: #c00000;\"><span style=\"font-family: Arial, serif;\"><span style=\"font-size: medium;\"><b>=m.a\u00a0<img loading=\"lazy\" decoding=\"async\" src=\"http:\/\/fisicaevestibular.com.br\/novo\/wp-content\/uploads\/migracao\/planoincsatr\/i_db085e8705710e8e_html_c275b3ec.png\" alt=\"\" width=\"14\" height=\"14\" name=\"graphics3\" align=\"BOTTOM\" border=\"0\" \/>\u00a0\u00a0 P<\/b><\/span><\/span><\/span><span style=\"color: #c00000;\"><sub><span style=\"font-family: Arial, serif;\"><span style=\"font-size: medium;\"><b>P <\/b><\/span><\/span><\/sub><\/span><span style=\"color: #c00000;\"><span style=\"font-family: Arial, serif;\"><span style=\"font-size: medium;\"><b>= m.a\u00a0 <img loading=\"lazy\" decoding=\"async\" src=\"http:\/\/fisicaevestibular.com.br\/novo\/wp-content\/uploads\/migracao\/planoincsatr\/i_db085e8705710e8e_html_c275b3ec.png\" alt=\"\" width=\"14\" height=\"14\" name=\"graphics4\" align=\"BOTTOM\" border=\"0\" \/> \u00a0m.g.sen\u03b1 = m.a\u00a0 <img loading=\"lazy\" decoding=\"async\" src=\"http:\/\/fisicaevestibular.com.br\/novo\/wp-content\/uploads\/migracao\/planoincsatr\/i_db085e8705710e8e_html_c275b3ec.png\" alt=\"\" width=\"14\" height=\"14\" name=\"graphics5\" align=\"BOTTOM\" border=\"0\" \/>\u00a0\u00a0 <\/b><\/span><\/span><\/span><span style=\"color: #0000cc;\"><span style=\"font-family: 'Arial Black', serif;\"><span style=\"font-size: medium;\"><b>a = g.sen\u03b1.<\/b><\/span><\/span><\/span><\/p>\n<p><span style=\"color: #000000;\">\u00a0<\/span><\/p>\n<p><img loading=\"lazy\" decoding=\"async\" src=\"http:\/\/fisicaevestibular.com.br\/novo\/wp-content\/uploads\/migracao\/planoincsatr\/i_db085e8705710e8e_html_e0e7ac5f.png\" alt=\"\" width=\"775\" height=\"217\" name=\"Imagem 18\" align=\"BOTTOM\" border=\"0\" \/><\/p>\n<p><img loading=\"lazy\" decoding=\"async\" src=\"http:\/\/fisicaevestibular.com.br\/novo\/wp-content\/uploads\/migracao\/planoincsatr\/i_db085e8705710e8e_html_753a0485.png\" alt=\"\" width=\"774\" height=\"251\" name=\"Imagem 25\" align=\"BOTTOM\" border=\"0\" \/><\/p>\n<p><span style=\"color: #000000;\">\u00a0<\/span><\/p>\n<p><img loading=\"lazy\" decoding=\"async\" class=\"alignnone\" src=\"http:\/\/fisicaevestibular.com.br\/novo\/wp-content\/uploads\/migracao\/planoincsatr\/i_db085e8705710e8e_html_dc538488.png\" alt=\"Plano Inclinado sem Atrito\" width=\"774\" height=\"245\" name=\"Imagem 31\" align=\"BOTTOM\" border=\"0\" \/><\/p>\n<p><span style=\"color: #000000;\">\u00a0<\/span><\/p>\n<h3><a title=\"Exerc\u00edcios de vestibulares sobre Plano inclinado sem atrito\" href=\"http:\/\/fisicaevestibular.com.br\/novo\/mecanica\/dinamica\/plano-inclinado-sem-atrito\/exercicios-de-vestibulares-sobre-plano-inclinado-sem-atrito\/\"><span style=\"color: #000080;\">Confira os exerc\u00edcios com resolu\u00e7\u00f5es comentadas<\/span><\/a><\/h3>\n<p>&nbsp;<\/p>\n<p><a href=\"https:\/\/fisicaevestibular.com.br\/novo\/mecanica\/dinamica\/\">Clique aqui para ver sobre o tema!<\/a><\/p>\n<p><a href=\"https:\/\/www.youtube.com\/user\/fisicaevestibular\/playlists\">Confira as v\u00eddeo aulas!<\/a><\/p>\n","protected":false},"excerpt":{"rendered":"<p>Plano inclinado sem atrito C\u00e1lculo da intensidade de PP e PN utilizando o tri\u00e2ngulo ret\u00e2ngulo da figura abaixo: \u00a0 Como n\u00e3o existe atrito, o bloco desce com acelera\u00e7\u00e3o de intensidade a, tal que FR = m.a\u00a0 \u00a0\u00a0PP = m.a\u00a0 \u00a0 m,g.sen\u03b1 = m.a\u00a0 \u00a0\u00a0a = g.sen\u03b1 (acelera\u00e7\u00e3o de descida do bloco de massa m). Se o bloco estiver em equil\u00edbrio<\/p>\n","protected":false},"author":1,"featured_media":0,"parent":141,"menu_order":0,"comment_status":"closed","ping_status":"closed","template":"","meta":{"om_disable_all_campaigns":false,"_monsterinsights_skip_tracking":false,"_monsterinsights_sitenote_active":false,"_monsterinsights_sitenote_note":"","_monsterinsights_sitenote_category":0,"footnotes":""},"class_list":["post-1213","page","type-page","status-publish","hentry"],"aioseo_notices":[],"_links":{"self":[{"href":"https:\/\/fisicaevestibular.com.br\/novo\/wp-json\/wp\/v2\/pages\/1213","targetHints":{"allow":["GET"]}}],"collection":[{"href":"https:\/\/fisicaevestibular.com.br\/novo\/wp-json\/wp\/v2\/pages"}],"about":[{"href":"https:\/\/fisicaevestibular.com.br\/novo\/wp-json\/wp\/v2\/types\/page"}],"author":[{"embeddable":true,"href":"https:\/\/fisicaevestibular.com.br\/novo\/wp-json\/wp\/v2\/users\/1"}],"replies":[{"embeddable":true,"href":"https:\/\/fisicaevestibular.com.br\/novo\/wp-json\/wp\/v2\/comments?post=1213"}],"version-history":[{"count":4,"href":"https:\/\/fisicaevestibular.com.br\/novo\/wp-json\/wp\/v2\/pages\/1213\/revisions"}],"predecessor-version":[{"id":9705,"href":"https:\/\/fisicaevestibular.com.br\/novo\/wp-json\/wp\/v2\/pages\/1213\/revisions\/9705"}],"up":[{"embeddable":true,"href":"https:\/\/fisicaevestibular.com.br\/novo\/wp-json\/wp\/v2\/pages\/141"}],"wp:attachment":[{"href":"https:\/\/fisicaevestibular.com.br\/novo\/wp-json\/wp\/v2\/media?parent=1213"}],"curies":[{"name":"wp","href":"https:\/\/api.w.org\/{rel}","templated":true}]}}