{"id":120,"date":"2014-11-20T13:16:54","date_gmt":"2014-11-20T13:16:54","guid":{"rendered":"http:\/\/fisicaevestibular.com.br\/novo\/?page_id=120"},"modified":"2024-08-23T14:39:01","modified_gmt":"2024-08-23T14:39:01","slug":"ondulatoria","status":"publish","type":"page","link":"https:\/\/fisicaevestibular.com.br\/novo\/ondulatoria\/","title":{"rendered":"Ondulat\u00f3ria"},"content":{"rendered":"<p align=\"center\"><img fetchpriority=\"high\" decoding=\"async\" class=\"aligncenter\" src=\"http:\/\/fisicaevestibular.com.br\/images\/logo_ond.png\" alt=\"\" width=\"579\" height=\"179\" border=\"0\" \/><\/p>\n<p style=\"text-align: center;\">A propaga\u00e7\u00e3o de ondas mec\u00e2nicas e eletromagn\u00e9ticas<\/p>\n<table id=\"table10\" border=\"0\" width=\"100%\">\n<tbody>\n<tr>\n<td style=\"text-align: center;\" align=\"left\">\n<h3><span style=\"color: #000080;\"><b><a style=\"color: #000080;\" href=\"http:\/\/fisicaevestibular.com.br\/acustica.htm\">Ac\u00fastica<\/a><\/b><\/span><\/h3>\n<\/td>\n<td style=\"text-align: center;\" align=\"right\">\n<h3><span style=\"color: #000080;\"><b><a style=\"color: #000080;\" href=\"http:\/\/fisicaevestibular.com.br\/ondas.htm\">Ondas<\/a><\/b><\/span><\/h3>\n<\/td>\n<\/tr>\n<\/tbody>\n<\/table>\n","protected":false},"excerpt":{"rendered":"<p>A propaga\u00e7\u00e3o de ondas mec\u00e2nicas e eletromagn\u00e9ticas Ac\u00fastica Ondas<\/p>\n","protected":false},"author":1,"featured_media":0,"parent":0,"menu_order":0,"comment_status":"closed","ping_status":"closed","template":"","meta":{"om_disable_all_campaigns":false,"_monsterinsights_skip_tracking":false,"_monsterinsights_sitenote_active":false,"_monsterinsights_sitenote_note":"","_monsterinsights_sitenote_category":0,"footnotes":""},"class_list":["post-120","page","type-page","status-publish","hentry"],"aioseo_notices":[],"_links":{"self":[{"href":"https:\/\/fisicaevestibular.com.br\/novo\/wp-json\/wp\/v2\/pages\/120","targetHints":{"allow":["GET"]}}],"collection":[{"href":"https:\/\/fisicaevestibular.com.br\/novo\/wp-json\/wp\/v2\/pages"}],"about":[{"href":"https:\/\/fisicaevestibular.com.br\/novo\/wp-json\/wp\/v2\/types\/page"}],"author":[{"embeddable":true,"href":"https:\/\/fisicaevestibular.com.br\/novo\/wp-json\/wp\/v2\/users\/1"}],"replies":[{"embeddable":true,"href":"https:\/\/fisicaevestibular.com.br\/novo\/wp-json\/wp\/v2\/comments?post=120"}],"version-history":[{"count":1,"href":"https:\/\/fisicaevestibular.com.br\/novo\/wp-json\/wp\/v2\/pages\/120\/revisions"}],"predecessor-version":[{"id":121,"href":"https:\/\/fisicaevestibular.com.br\/novo\/wp-json\/wp\/v2\/pages\/120\/revisions\/121"}],"wp:attachment":[{"href":"https:\/\/fisicaevestibular.com.br\/novo\/wp-json\/wp\/v2\/media?parent=120"}],"curies":[{"name":"wp","href":"https:\/\/api.w.org\/{rel}","templated":true}]}}