{"id":117,"date":"2014-11-20T13:07:53","date_gmt":"2014-11-20T13:07:53","guid":{"rendered":"http:\/\/fisicaevestibular.com.br\/novo\/?page_id=117"},"modified":"2024-08-19T12:33:31","modified_gmt":"2024-08-19T12:33:31","slug":"eletricidade","status":"publish","type":"page","link":"https:\/\/fisicaevestibular.com.br\/novo\/eletricidade\/","title":{"rendered":"Eletricidade &#8211; Exerc\u00edcios"},"content":{"rendered":"<p align=\"center\"><img fetchpriority=\"high\" decoding=\"async\" class=\"aligncenter\" src=\"http:\/\/fisicaevestibular.com.br\/images\/logo_elt.png\" alt=\"\" width=\"579\" height=\"179\" border=\"0\" \/><\/p>\n<p style=\"text-align: center;\">As propriedades das cargas el\u00e9tricas em repouso e em movimento.<\/p>\n<table id=\"table10\" border=\"0\" width=\"100%\">\n<tbody>\n<tr>\n<td style=\"text-align: center;\" align=\"left\" valign=\"middle\">\n<h3><span style=\"color: #003366;\"><b><a style=\"color: #003366;\" href=\"http:\/\/fisicaevestibular.com.br\/eletrostatica.htm\">Eletrost\u00e1tica<\/a><\/b><\/span><\/h3>\n<\/td>\n<td style=\"text-align: center;\" align=\"right\" valign=\"middle\">\n<h3><span style=\"color: #003366;\"><b><a style=\"color: #003366;\" href=\"http:\/\/fisicaevestibular.com.br\/eletrodinamica.htm\"> Eletrodin\u00e2mica<\/a><\/b><\/span><\/h3>\n<\/td>\n<\/tr>\n<tr>\n<td colspan=\"2\" align=\"left\" valign=\"middle\">\n<h3 align=\"center\"><span style=\"color: #003366;\"><b><a style=\"color: #003366;\" href=\"http:\/\/fisicaevestibular.com.br\/magnetismo.htm\">Eletromagnetismo<\/a><\/b><\/span><\/h3>\n<\/td>\n<\/tr>\n<\/tbody>\n<\/table>\n","protected":false},"excerpt":{"rendered":"<p>As propriedades das cargas el\u00e9tricas em repouso e em movimento. Eletrost\u00e1tica Eletrodin\u00e2mica Eletromagnetismo<\/p>\n","protected":false},"author":1,"featured_media":0,"parent":0,"menu_order":0,"comment_status":"closed","ping_status":"closed","template":"","meta":{"om_disable_all_campaigns":false,"_monsterinsights_skip_tracking":false,"_monsterinsights_sitenote_active":false,"_monsterinsights_sitenote_note":"","_monsterinsights_sitenote_category":0,"footnotes":""},"class_list":["post-117","page","type-page","status-publish","hentry"],"aioseo_notices":[],"_links":{"self":[{"href":"https:\/\/fisicaevestibular.com.br\/novo\/wp-json\/wp\/v2\/pages\/117","targetHints":{"allow":["GET"]}}],"collection":[{"href":"https:\/\/fisicaevestibular.com.br\/novo\/wp-json\/wp\/v2\/pages"}],"about":[{"href":"https:\/\/fisicaevestibular.com.br\/novo\/wp-json\/wp\/v2\/types\/page"}],"author":[{"embeddable":true,"href":"https:\/\/fisicaevestibular.com.br\/novo\/wp-json\/wp\/v2\/users\/1"}],"replies":[{"embeddable":true,"href":"https:\/\/fisicaevestibular.com.br\/novo\/wp-json\/wp\/v2\/comments?post=117"}],"version-history":[{"count":2,"href":"https:\/\/fisicaevestibular.com.br\/novo\/wp-json\/wp\/v2\/pages\/117\/revisions"}],"predecessor-version":[{"id":10499,"href":"https:\/\/fisicaevestibular.com.br\/novo\/wp-json\/wp\/v2\/pages\/117\/revisions\/10499"}],"wp:attachment":[{"href":"https:\/\/fisicaevestibular.com.br\/novo\/wp-json\/wp\/v2\/media?parent=117"}],"curies":[{"name":"wp","href":"https:\/\/api.w.org\/{rel}","templated":true}]}}