{"id":1161,"date":"2015-08-09T22:25:56","date_gmt":"2015-08-09T22:25:56","guid":{"rendered":"http:\/\/fisicaevestibular.com.br\/novo\/?page_id=1161"},"modified":"2024-08-23T13:56:28","modified_gmt":"2024-08-23T13:56:28","slug":"resolucao-comentada-dos-exercicios-de-vestibulares-do-principio-da-acao-e-reacao-ou-segunda-lei-de-newton","status":"publish","type":"page","link":"https:\/\/fisicaevestibular.com.br\/novo\/mecanica\/dinamica\/terceira-lei-de-newton-ou-principio-da-acao-e-reacao\/resolucao-comentada-dos-exercicios-de-vestibulares-do-principio-da-acao-e-reacao-ou-segunda-lei-de-newton\/","title":{"rendered":"Princ\u00edpio da a\u00e7\u00e3o e rea\u00e7\u00e3o ou Segunda lei de Newton &#8211; Resolu\u00e7\u00e3o"},"content":{"rendered":"<p align=\"CENTER\"><span style=\"color: #0000cc;\"><span style=\"font-family: 'Arial Black', serif;\"><span style=\"font-size: large;\"><b>Resolu\u00e7\u00e3o comentada dos exerc\u00edcios de vestibulares do Princ\u00edpio da a\u00e7\u00e3o e rea\u00e7\u00e3o ou Segunda lei de Newton<\/b><\/span><\/span><\/span><\/p>\n<p>&nbsp;<\/p>\n<p><span style=\"font-family: Arial, serif;\"><span style=\"font-size: medium;\"><b>1-<\/b><\/span><\/span><span style=\"font-family: Arial, serif;\"><span style=\"font-size: medium;\"><b>\u00a0A<\/b><\/span><\/span><\/p>\n<p><span style=\"font-family: Arial, serif;\"><span style=\"font-size: medium;\"><b>02-<\/b><\/span><\/span><span style=\"font-family: Arial, serif;\"><span style=\"font-size: medium;\"><b>\u00a0A<\/b><\/span><\/span><\/p>\n<p><span style=\"font-family: Arial, serif;\"><span style=\"font-size: medium;\"><b>03-<\/b><\/span><\/span><span style=\"font-family: Arial, serif;\"><span style=\"font-size: medium;\"><b>\u00a0A<\/b><\/span><\/span><\/p>\n<p><span style=\"font-family: Arial, serif;\"><span style=\"font-size: medium;\"><b>04-<\/b><\/span><\/span><span style=\"font-family: Arial, serif;\"><span style=\"font-size: medium;\"><b>\u00a0B<\/b><\/span><\/span><\/p>\n<p><span style=\"font-family: Arial, serif;\"><span style=\"font-size: medium;\"><b>05-<\/b><\/span><\/span><span style=\"font-family: Arial, serif;\"><span style=\"font-size: medium;\"><b>\u00a0A<\/b><\/span><\/span><\/p>\n<p><span style=\"font-family: Arial, serif;\"><span style=\"font-size: medium;\"><b>06-<\/b><\/span><\/span><span style=\"font-family: Arial, serif;\"><span style=\"font-size: medium;\"><b>\u00a0R- Quem tem raz\u00e3o \u00e9 o cientista, pois as for\u00e7as de a\u00e7\u00e3o e rea\u00e7\u00e3o s\u00e3o trocadas entre o foguete e os gases por ele expelidos, independentemente do meio. Se uma espa\u00e7onave no v\u00e1cuo necessitar fazer, por exemplo, uma curva, utilizar\u00e1 jatos laterais.<\/b><\/span><\/span><\/p>\n<p><span style=\"font-family: Arial, serif;\"><span style=\"font-size: medium;\"><b>07-<\/b><\/span><\/span><span style=\"font-family: Arial, serif;\"><span style=\"font-size: medium;\"><b>\u00a0A<\/b><\/span><\/span><\/p>\n<p><span style=\"font-family: Arial, serif;\"><span style=\"font-size: medium;\"><b>08-<\/b><\/span><\/span><span style=\"font-family: Arial, serif;\"><span style=\"font-size: medium;\"><b>\u00a0a) Princ\u00edpio da in\u00e9rcia\u00a0\u00a0\u00a0\u00a0 b) Segunda lei de Newton relacionada \u00e0 for\u00e7a peso.\u00a0\u00a0\u00a0\u00a0 c) Princ\u00edpio da in\u00e9rcia\u00a0\u00a0\u00a0\u00a0 d) Princ\u00edpio da a\u00e7\u00e3o e rea\u00e7\u00e3o<\/b><\/span><\/span><\/p>\n<p><span style=\"font-family: Arial, serif;\"><span style=\"font-size: medium;\"><b>09- R- D<\/b><\/span><\/span><span style=\"font-family: Arial, serif;\"><span style=\"font-size: medium;\"><b>\u00a0 &#8212;\u00a0 veja teoria<\/b><\/span><\/span><\/p>\n<p><span style=\"font-family: Arial, serif;\"><span style=\"font-size: medium;\"><b>10- R- E<\/b><\/span><\/span><span style=\"font-family: Arial, serif;\"><span style=\"font-size: medium;\"><b>\u00a0 &#8212;\u00a0 Princ\u00edpio da a\u00e7\u00e3o e rea\u00e7\u00e3o<\/b><\/span><\/span><\/p>\n<p><span style=\"font-family: Arial, serif;\"><span style=\"font-size: medium;\"><b>11-\u00a0<\/b><\/span><\/span><span style=\"font-family: Arial, serif;\"><span style=\"font-size: medium;\"><b>As for\u00e7as de a\u00e7\u00e3o e rea\u00e7\u00e3o possuem mesma intensidade, mesma dire\u00e7\u00e3o, mas sentidos contr\u00e1rios\u00a0 &#8212;\u00a0<\/b><\/span><\/span><span style=\"font-family: Arial, serif;\"><span style=\"font-size: medium;\"><b>\u00a0R- B<\/b><\/span><\/span><\/p>\n<p><span style=\"font-family: Arial, serif;\"><span style=\"font-size: medium;\"><b>12-\u00a0<\/b><\/span><\/span><span style=\"font-family: Arial, serif;\"><span style=\"font-size: medium;\"><b>\u00a0(I) \u2013 Correta\u00a0 &#8212;\u00a0 se n\u00e3o h\u00e1 for\u00e7as agindo sobre um ponto material,<img decoding=\"async\" src=\"http:\/\/fisicaevestibular.com.br\/novo\/wp-content\/uploads\/migracao\/3_leinewton\/i_c9253ba228c26df8_html_d4f2402.jpg\" alt=\"\" width=\"41\" height=\"17\" name=\"graphics17\" align=\"BOTTOM\" border=\"0\" \/>, de acordo com o princ\u00edpio da in\u00e9rcia, ele est\u00e1 em repouso ou em Movimento retil\u00edneo e uniforme\u00a0 &#8212;\u00a0 pode-se afirmar que n\u00e3o h\u00e1 varia\u00e7\u00e3o da velocidade sem for\u00e7a.<\/b><\/span><\/span><\/p>\n<p><span style=\"font-family: Arial, serif;\"><span style=\"font-size: medium;\"><b>(II) \u2013 Correta\u00a0 &#8212;\u00a0 quando as for\u00e7as que agem em um ponto material est\u00e3o equilibradas\u00a0<img decoding=\"async\" src=\"http:\/\/fisicaevestibular.com.br\/novo\/wp-content\/uploads\/migracao\/3_leinewton\/i_c9253ba228c26df8_html_d4f2402.jpg\" alt=\"\" width=\"41\" height=\"17\" name=\"graphics18\" align=\"BOTTOM\" border=\"0\" \/>, de acordo com o princ\u00edpio da in\u00e9rcia, ele est\u00e1 em repouso ou em Movimento retil\u00edneo e uniforme.<\/b><\/span><\/span><\/p>\n<p><span style=\"font-family: Arial, serif;\"><span style=\"font-size: medium;\"><b>(III) \u2013 Correta, pelo princ\u00edpio da a\u00e7\u00e3o e rea\u00e7\u00e3o.<\/b><\/span><\/span><\/p>\n<p><span style=\"font-family: Arial, serif;\"><span style=\"font-size: medium;\"><b>(IV) \u2013 Falsa\u00a0 &#8212;\u00a0 as for\u00e7as do par a\u00e7\u00e3o-rea\u00e7\u00e3o sempre atuam em corpos diferentes, pois jamais se anulam.\u00a0<\/b><\/span><\/span><\/p>\n<p><span style=\"font-family: Arial, serif;\"><span style=\"font-size: medium;\"><b>R- C<\/b><\/span><\/span><\/p>\n<p><span style=\"font-family: Arial, serif;\"><span style=\"font-size: medium;\"><b>13-\u00a0<\/b><\/span><\/span><span style=\"font-family: Arial, serif;\"><span style=\"font-size: medium;\"><b>Se o empuxo \u00e9 a for\u00e7a vertical e para cima que o l\u00edquido exerce sobre um corpo (no caso, as part\u00edculas)\u00a0 sua rea\u00e7\u00e3o corresponde \u00e0 for\u00e7a exercida pelo corpo (part\u00edculas) sobre o l\u00edquido (\u00e1gua) vertical e para baixo\u00a0 &#8212;\u00a0<\/b><\/span><\/span><span style=\"font-family: Arial, serif;\"><span style=\"font-size: medium;\"><b>\u00a0R- C<\/b><\/span><\/span><\/p>\n<p><span style=\"font-family: Arial, serif;\"><span style=\"font-size: medium;\"><b>14-\u00a0<\/b><\/span><\/span><span style=\"font-family: Arial, serif;\"><span style=\"font-size: medium;\"><b>Como a trajet\u00f3ria \u00e9 retil\u00ednea e a velocidade \u00e9 constante, trata-se de movimento retil\u00edneo e uniforme\u00a0 &#8212;\u00a0 o Princ\u00edpio da In\u00e9rcia afirma que nesse caso a resultante das for\u00e7as tem que ser nula\u00a0 &#8212;\u00a0 assim, as for\u00e7as opostas\u00a0<img decoding=\"async\" src=\"http:\/\/fisicaevestibular.com.br\/novo\/wp-content\/uploads\/migracao\/3_leinewton\/i_c9253ba228c26df8_html_57bbba3c.jpg\" alt=\"\" width=\"79\" height=\"15\" name=\"graphics19\" align=\"BOTTOM\" border=\"0\" \/>\u00a0devem ter suas setas representativas de mesmo comprimento, pois P = E e R = M.\u00a0<\/b><\/span><\/span><\/p>\n<p><span style=\"font-family: Arial, serif;\"><span style=\"font-size: medium;\"><b>R- B\u00a0<\/b><\/span><\/span><\/p>\n<p><span style=\"font-family: Arial, serif;\"><span style=\"font-size: medium;\"><b>15- R- C<\/b><\/span><\/span><\/p>\n<p><span style=\"font-family: Arial, serif;\"><span style=\"font-size: medium;\"><b>16-\u00a0<\/b><\/span><\/span><span style=\"font-family: Arial, serif;\"><span style=\"font-size: medium;\"><b>Como os conjuntos est\u00e3o em equil\u00edbrio, a for\u00e7a resultante sobre o atleta, em qualquer caso \u00e9 nula\u00a0 &#8212;\u00a0 observe que na \u00faltima situa\u00e7\u00e3o as tens\u00f5es se anulam, mas suas intensidades s\u00e3o maiores que na primeira e segunda situa\u00e7\u00e3o\u00a0 &#8212;\u00a0\u00a0<\/b><\/span><\/span><span style=\"font-family: Arial, serif;\"><span style=\"font-size: medium;\"><b>R- D<\/b><\/span><\/span><\/p>\n<p><span style=\"font-family: Arial, serif;\"><span style=\"font-size: medium;\"><b>17-<\/b><\/span><\/span><span style=\"font-family: Arial, serif;\"><span style=\"font-size: medium;\"><b>\u00a0<\/b><\/span><\/span><span style=\"font-family: Arial, serif;\"><span style=\"font-size: medium;\"><b>Observe que a for\u00e7a do atleta sobre o haltere (<img loading=\"lazy\" decoding=\"async\" src=\"http:\/\/fisicaevestibular.com.br\/novo\/wp-content\/uploads\/migracao\/3_leinewton\/i_c9253ba228c26df8_html_56be08f3.jpg\" alt=\"\" width=\"13\" height=\"19\" name=\"graphics20\" align=\"BOTTOM\" border=\"0\" \/>) deve ser igual \u00e0 for\u00e7a resultante que o atleta est\u00e1 aplicando no haltere e que \u00e9 (<img loading=\"lazy\" decoding=\"async\" src=\"http:\/\/fisicaevestibular.com.br\/novo\/wp-content\/uploads\/migracao\/3_leinewton\/i_c9253ba228c26df8_html_b44f5449.jpg\" alt=\"\" width=\"14\" height=\"21\" name=\"graphics21\" align=\"BOTTOM\" border=\"0\" \/><\/b><\/span><\/span><span style=\"font-family: Arial, serif;\"><span style=\"font-size: medium;\"><b>\u00a0<\/b><\/span><\/span><span style=\"font-family: Arial, serif;\"><span style=\"font-size: medium;\"><b>&#8211;<\/b><\/span><\/span><span style=\"font-family: Arial, serif;\"><span style=\"font-size: medium;\"><b>\u00a0<img loading=\"lazy\" decoding=\"async\" src=\"http:\/\/fisicaevestibular.com.br\/novo\/wp-content\/uploads\/migracao\/3_leinewton\/i_c9253ba228c26df8_html_b11dcb7a.jpg\" alt=\"\" width=\"14\" height=\"19\" name=\"graphics22\" align=\"BOTTOM\" border=\"0\" \/><\/b><\/span><\/span><span style=\"font-family: Arial, serif;\"><span style=\"font-size: medium;\"><b>)\u00a0 &#8212;<\/b><\/span><\/span><span style=\"font-family: Arial, serif;\"><span style=\"font-size: medium;\"><b>\u00a0<\/b><\/span><\/span><span style=\"font-family: Arial, serif;\"><span style=\"font-size: medium;\"><b>\u00a0R- D<\/b><\/span><\/span><\/p>\n<p><span style=\"font-family: Arial, serif;\"><span style=\"font-size: medium;\"><b>18-<\/b><\/span><\/span><span style=\"font-family: Arial, serif;\"><span style=\"font-size: medium;\"><b>Se<\/b><\/span><\/span><span style=\"font-family: Arial, serif;\"><span style=\"font-size: medium;\"><b>\u00a0dois<\/b><\/span><\/span><span style=\"font-family: Arial, serif;\"><span style=\"font-size: medium;\"><b>\u00a0corpos interagirem entre si simultaneamente, sobre cada um deles surgem for\u00e7as que obedecem ao Princ\u00edpio da a\u00e7\u00e3o e rea\u00e7\u00e3o (3alei de Newton), de enunciado\u00a0 &#8212;\u00a0 \u201cQuando um corpo exerce uma for\u00e7a sobre outro, simultaneamente este outro reage sobre o primeiro aplicando-lhe uma for\u00e7a de mesma intensidade, mesma dire\u00e7\u00e3o, mas sentido contr\u00e1rio\u201d:\u00a0<\/b><\/span><\/span><\/p>\n<p><span style=\"font-family: Arial, serif;\"><span style=\"font-size: medium;\"><b>A) Falsa\u00a0 &#8212;\u00a0 o princ\u00edpio da a\u00e7\u00e3o e rea\u00e7\u00e3o s\u00f3 \u00e9 aplic\u00e1vel a dois corpos, no caso voc\u00ea tem 3\u00a0 &#8212;\u00a0 M\u00f4nica, corda e meninos.<\/b><\/span><\/span><\/p>\n<p><span style=\"font-family: Arial, serif;\"><span style=\"font-size: medium;\"><b>B) Falsa\u00a0 &#8212;\u00a0 a rea\u00e7\u00e3o da for\u00e7a que a M\u00f4nica exerce sobre o ch\u00e3o tem como a\u00e7\u00e3o a for\u00e7a que o ch\u00e3o exerce sobre a M\u00f4nica.<\/b><\/span><\/span><\/p>\n<p><span style=\"font-family: Arial, serif;\"><span style=\"font-size: medium;\"><b>C) Correta\u00a0 &#8212;\u00a0 M\u00f4nica e corda trocam for\u00e7as de a\u00e7\u00e3o e rea\u00e7\u00e3o.<\/b><\/span><\/span><\/p>\n<p><span style=\"font-family: Arial, serif;\"><span style=\"font-size: medium;\"><b>D) Falsa\u00a0 &#8212;\u00a0 veja justificativa da A.<\/b><\/span><\/span><\/p>\n<p><span style=\"font-family: Arial, serif;\"><span style=\"font-size: medium;\"><b>R- C<\/b><\/span><\/span><\/p>\n<p><span style=\"font-family: Arial, serif;\"><span style=\"font-size: medium;\"><b>19-<\/b><\/span><\/span><span style=\"font-family: Arial, serif;\"><span style=\"font-size: medium;\"><b>\u00a0\u00a0I. Falsa\u00a0 &#8212;\u00a0 se, por exemplo, essas duas for\u00e7as tiverem mesma dire\u00e7\u00e3o e mesmo sentido, apesar de terem a mesma intensidade a for\u00e7a resultante n\u00e3o \u00e9 nula e o corpo n\u00e3o estar\u00e1 em equil\u00edbrio.<\/b><\/span><\/span><\/p>\n<p><span style=\"font-family: Arial, serif;\"><span style=\"font-size: medium;\"><b>II. Falsa\u00a0 &#8212;\u00a0 falsa, se a for\u00e7a resultante \u00e9 nula o barco estar\u00e1 em equil\u00edbrio est\u00e1tico (repouso) ou em equil\u00edbrio din\u00e2mico (movimento retil\u00edneo uniforme).<\/b><\/span><\/span><\/p>\n<p><span style=\"font-family: Arial, serif;\"><span style=\"font-size: medium;\"><b>III. Correta\u00a0 &#8212;\u00a0 se ele est\u00e1 subindo a rodovia, ela \u00e9 inclinada (plano inclinado) e a for\u00e7a perpendicular ao movimento (que comprime o carro contra a pista) \u00e9 uma parcela do peso (P.cos\u03b1), portanto menor que seu peso.<\/b><\/span><\/span><\/p>\n<p><span style=\"font-family: Arial, serif;\"><span style=\"font-size: medium;\"><b>R-C<\/b><\/span><\/span><\/p>\n<p>&nbsp;<\/p>\n<h3><span style=\"color: #000080;\"><a style=\"color: #000080;\" title=\"Exerc\u00edcios de vestibulares sobre o Princ\u00edpio da a\u00e7\u00e3o e rea\u00e7\u00e3o ou Terceira lei de Newton\" href=\"http:\/\/fisicaevestibular.com.br\/novo\/mecanica\/dinamica\/terceira-lei-de-newton-ou-principio-da-acao-e-reacao\/exercicios-de-vestibulares-sobre-o-principio-da-acao-e-reacao-ou-terceira-lei-de-newton\/\">Voltar para os Exerc\u00edcios<\/a><\/span><\/h3>\n","protected":false},"excerpt":{"rendered":"<p>Resolu\u00e7\u00e3o comentada dos exerc\u00edcios de vestibulares do Princ\u00edpio da a\u00e7\u00e3o e rea\u00e7\u00e3o ou Segunda lei de Newton &nbsp; 1-\u00a0A 02-\u00a0A 03-\u00a0A 04-\u00a0B 05-\u00a0A 06-\u00a0R- Quem tem raz\u00e3o \u00e9 o cientista, pois as for\u00e7as de a\u00e7\u00e3o e rea\u00e7\u00e3o s\u00e3o trocadas entre o foguete e os gases por ele expelidos, independentemente do meio. Se uma espa\u00e7onave no v\u00e1cuo necessitar fazer, por exemplo,<\/p>\n","protected":false},"author":1,"featured_media":0,"parent":1157,"menu_order":0,"comment_status":"closed","ping_status":"closed","template":"","meta":{"om_disable_all_campaigns":false,"_monsterinsights_skip_tracking":false,"_monsterinsights_sitenote_active":false,"_monsterinsights_sitenote_note":"","_monsterinsights_sitenote_category":0,"footnotes":""},"class_list":["post-1161","page","type-page","status-publish","hentry"],"aioseo_notices":[],"_links":{"self":[{"href":"https:\/\/fisicaevestibular.com.br\/novo\/wp-json\/wp\/v2\/pages\/1161","targetHints":{"allow":["GET"]}}],"collection":[{"href":"https:\/\/fisicaevestibular.com.br\/novo\/wp-json\/wp\/v2\/pages"}],"about":[{"href":"https:\/\/fisicaevestibular.com.br\/novo\/wp-json\/wp\/v2\/types\/page"}],"author":[{"embeddable":true,"href":"https:\/\/fisicaevestibular.com.br\/novo\/wp-json\/wp\/v2\/users\/1"}],"replies":[{"embeddable":true,"href":"https:\/\/fisicaevestibular.com.br\/novo\/wp-json\/wp\/v2\/comments?post=1161"}],"version-history":[{"count":3,"href":"https:\/\/fisicaevestibular.com.br\/novo\/wp-json\/wp\/v2\/pages\/1161\/revisions"}],"predecessor-version":[{"id":10862,"href":"https:\/\/fisicaevestibular.com.br\/novo\/wp-json\/wp\/v2\/pages\/1161\/revisions\/10862"}],"up":[{"embeddable":true,"href":"https:\/\/fisicaevestibular.com.br\/novo\/wp-json\/wp\/v2\/pages\/1157"}],"wp:attachment":[{"href":"https:\/\/fisicaevestibular.com.br\/novo\/wp-json\/wp\/v2\/media?parent=1161"}],"curies":[{"name":"wp","href":"https:\/\/api.w.org\/{rel}","templated":true}]}}