{"id":1141,"date":"2015-08-09T21:44:27","date_gmt":"2015-08-09T21:44:27","guid":{"rendered":"http:\/\/fisicaevestibular.com.br\/novo\/?page_id=1141"},"modified":"2024-08-23T13:50:09","modified_gmt":"2024-08-23T13:50:09","slug":"resolucao-comentada-dos-exercicios-de-vestibulares-sobre-principio-da-inercia-ou-primeira-lei-de-newton","status":"publish","type":"page","link":"https:\/\/fisicaevestibular.com.br\/novo\/mecanica\/dinamica\/primeira-lei-de-newton-principio-da-inercia\/resolucao-comentada-dos-exercicios-de-vestibulares-sobre-principio-da-inercia-ou-primeira-lei-de-newton\/","title":{"rendered":"Princ\u00edpio da In\u00e9rcia ou Primeira lei de Newton &#8211; Resolu\u00e7\u00e3o"},"content":{"rendered":"<p align=\"CENTER\"><span style=\"color: #0000cc;\"><span style=\"font-family: 'Arial Black', serif;\"><span style=\"font-size: large;\"><b>Resolu\u00e7\u00e3o comentada dos exerc\u00edcios de vestibulares sobre Princ\u00edpio da In\u00e9rcia ou Primeira lei de Newton<\/b><\/span><\/span><\/span><\/p>\n<p><span style=\"color: #000000;\">\u00a0<\/span><\/p>\n<p><span style=\"color: #000000;\">\u00a0<\/span><\/p>\n<p><span style=\"color: #000000;\"><span style=\"font-family: Arial, serif;\"><span style=\"font-size: medium;\"><b>01- Como a mola est\u00e1 sendo comprimida, a esfera est\u00e1 se deslocando para a direita. Assim, o movimento s\u00f3 pode ser uniformemente\u00a0 retardado (o vag\u00e3o est\u00e1 indo para a direita e freando).<\/b><\/span><\/span><\/span><\/p>\n<p><span style=\"color: #000000;\"><span style=\"font-family: Arial, serif;\"><span style=\"font-size: medium;\"><b>02- Lei da In\u00e9rcia\u00a0\u00a0\u00a0\u00a0\u00a0\u00a0\u00a0\u00a0\u00a0\u00a003- A\u00a0\u00a0\u00a0\u00a0\u00a0\u00a0\u00a0\u00a0\u00a0\u00a004- B\u00a0\u00a0\u00a0\u00a0\u00a0\u00a0\u00a0\u00a0\u00a0\u00a0\u00a005- D\u00a0\u00a0\u00a0\u00a0\u00a0\u00a0\u00a0\u00a0\u00a0\u00a006- E\u00a0\u00a0\u00a0\u00a0\u00a0\u00a0\u00a0\u00a0\u00a0\u00a007- D<\/b><\/span><\/span><\/span><\/p>\n<p><span style=\"color: #000000;\"><span style=\"font-family: Arial, serif;\"><span style=\"font-size: medium;\"><b>08- Como a Terra n\u00e3o o est\u00e1 mais atraindo, ele sai pela tangente no seu sentido de rota\u00e7\u00e3o (anti-hor\u00e1rio). R-C\u00a0\u00a0\u00a0\u00a0\u00a0\u00a0\u00a0\u00a0 \u00a0\u00a0\u00a0\u00a0\u00a0\u00a0\u00a0\u00a0\u00a0\u00a0\u00a0\u00a0\u00a0\u00a0\u00a009- A\u00a0\u00a0\u00a0\u00a0\u00a0\u00a0\u00a0\u00a0\u00a0\u00a0 \u00a0\u00a0\u00a0\u00a0\u00a0\u00a0\u00a0\u00a0\u00a010- B<\/b><\/span><\/span><\/span><\/p>\n<p><span style=\"color: #000000;\"><span style=\"font-family: Arial, serif;\"><span style=\"font-size: medium;\"><b>11- C\u00a0\u00a0\u00a0\u00a0\u00a0\u00a0\u00a0\u00a0\u00a0\u00a0\u00a012- F<\/b><\/span><\/span><\/span><span style=\"color: #000000;\"><sub><span style=\"font-family: Arial, serif;\"><span style=\"font-size: medium;\"><b>R<\/b><\/span><\/span><\/sub><\/span><span style=\"color: #000000;\"><span style=\"font-family: Arial, serif;\"><span style=\"font-size: medium;\"><b>\u00a0= 0\u00a0\u00a0\u00a0\u00a0\u00a0\u00a0\u00a0 \u00a0\u00a0\u00a0\u00a013- C\u00a0\u00a0\u00a0\u00a0\u00a0\u00a0\u00a0\u00a0\u00a0<\/b><\/span><\/span><\/span><\/p>\n<p><span style=\"color: #000000;\"><span style=\"font-family: Arial, serif;\"><span style=\"font-size: medium;\"><b>14-\u00a0 a) Sim, equil\u00edbrio din\u00e2mico, pois est\u00e1 em MRU.<\/b><\/span><\/span><\/span><\/p>\n<p><span style=\"color: #000000;\"><span style=\"font-family: Arial, serif;\"><span style=\"font-size: medium;\"><b>b) Aplicando Pit\u00e1goras\u00a0 &#8212;\u00a0 F<\/b><\/span><\/span><\/span><span style=\"color: #000000;\"><sup><span style=\"font-family: Arial, serif;\"><span style=\"font-size: medium;\"><b>2<\/b><\/span><\/span><\/sup><\/span><span style=\"color: #000000;\"><span style=\"font-family: Arial, serif;\"><span style=\"font-size: medium;\"><b>\u00a0=(5000)<\/b><\/span><\/span><\/span><span style=\"color: #000000;\"><sup><span style=\"font-family: Arial, serif;\"><span style=\"font-size: medium;\"><b>2<\/b><\/span><\/span><\/sup><\/span><span style=\"color: #000000;\"><span style=\"font-family: Arial, serif;\"><span style=\"font-size: medium;\"><b>\u00a0+ (5000)<\/b><\/span><\/span><\/span><span style=\"color: #000000;\"><sup><span style=\"font-family: Arial, serif;\"><span style=\"font-size: medium;\"><b>2<\/b><\/span><\/span><\/sup><\/span><span style=\"color: #000000;\"><span style=\"font-family: Arial, serif;\"><span style=\"font-size: medium;\"><b>\u00a0.<\/b><\/span><\/span><\/span><\/p>\n<p align=\"CENTER\"><img decoding=\"async\" src=\"http:\/\/fisicaevestibular.com.br\/novo\/wp-content\/uploads\/migracao\/1_leinewton\/i_a04f3e9ecb6c0f69_html_1a597728.jpg\" alt=\"\" width=\"202\" height=\"182\" name=\"Imagem 1782\" align=\"BOTTOM\" border=\"0\" \/><\/p>\n<p><span style=\"color: #000000;\"><span style=\"font-family: Arial, serif;\"><span style=\"font-size: medium;\"><b>F=5.000\u00d62\u00a0 &#8212;\u00a0 F@7.000N, horizontal e para a direita\u00a0 &#8212;\u00a0 Como a for\u00e7a resultante deve ser nula\u00a0 &#8212;\u00a0 F<\/b><\/span><\/span><\/span><span style=\"color: #000000;\"><sub><span style=\"font-family: Arial, serif;\"><span style=\"font-size: medium;\"><b>at<\/b><\/span><\/span><\/sub><\/span><span style=\"color: #000000;\"><span style=\"font-family: Arial, serif;\"><span style=\"font-size: medium;\"><b>=7.000N, horizontal e para a esquerda.\u00a0<\/b><\/span><\/span><\/span><\/p>\n<p><span style=\"color: #000000;\"><span style=\"font-family: Arial, serif;\"><span style=\"font-size: medium;\"><b>c) F<\/b><\/span><\/span><\/span><span style=\"color: #000000;\"><sub><span style=\"font-family: Arial, serif;\"><span style=\"font-size: medium;\"><b>R<\/b><\/span><\/span><\/sub><\/span><span style=\"color: #000000;\"><span style=\"font-family: Arial, serif;\"><span style=\"font-size: medium;\"><b>=0<\/b><\/span><\/span><\/span><\/p>\n<p><span style=\"color: #000000;\"><span style=\"font-family: Arial, serif;\"><span style=\"font-size: medium;\"><b>15- \u00a0a) Pit\u00e1goras\u00a0 &#8212;\u00a0 F<\/b><\/span><\/span><\/span><span style=\"color: #000000;\"><sup><span style=\"font-family: Arial, serif;\"><span style=\"font-size: medium;\"><b>2<\/b><\/span><\/span><\/sup><\/span><span style=\"color: #000000;\"><span style=\"font-family: Arial, serif;\"><span style=\"font-size: medium;\"><b>=(90)<\/b><\/span><\/span><\/span><span style=\"color: #000000;\"><sup><span style=\"font-family: Arial, serif;\"><span style=\"font-size: medium;\"><b>2<\/b><\/span><\/span><\/sup><\/span><span style=\"color: #000000;\"><span style=\"font-family: Arial, serif;\"><span style=\"font-size: medium;\"><b>\u00a0+ (120)<\/b><\/span><\/span><\/span><span style=\"color: #000000;\"><sup><span style=\"font-family: Arial, serif;\"><span style=\"font-size: medium;\"><b>2\u00a0 &#8212;\u00a0\u00a0<\/b><\/span><\/span><\/sup><\/span><span style=\"color: #000000;\"><span style=\"font-family: Arial, serif;\"><span style=\"font-size: medium;\"><b>F=150N\u00a0 &#8212;\u00a0\u00a0A for\u00e7a equilibrante deve ser de\u00a0150N.<\/b><\/span><\/span><\/span><\/p>\n<p><span style=\"color: #000000;\"><span style=\"font-family: Arial, serif;\"><span style=\"font-size: medium;\"><b>b) Sim. Pode ser est\u00e1tico se a part\u00edcula estiver em repouso ou din\u00e2mico se a part\u00edcula estiver em movimento retil\u00edneo e uniforme.<\/b><\/span><\/span><\/span><\/p>\n<p><span style=\"color: #000000;\"><span style=\"font-family: Arial, serif;\"><span style=\"font-size: medium;\"><b>16- E<\/b><\/span><\/span><\/span><\/p>\n<p><span style=\"color: #000000;\"><span style=\"font-family: Arial, serif;\"><span style=\"font-size: medium;\"><b>17- Pode ser um corpo extenso em rela\u00e7\u00e3o a um beija-flor e ao mesmo tempo ser uma part\u00edcula em rela\u00e7\u00e3o \u00e0 Terra.<\/b><\/span><\/span><\/span><\/p>\n<p><span style=\"color: #000000;\"><span style=\"font-family: Arial, serif;\"><span style=\"font-size: medium;\"><b>18-\u00a0 01- Errada. Como a nave est\u00e1 longe de qualquer planeta ou estrela e no v\u00e1cuo, a for\u00e7a resultante sobre ela \u00e9 nula e ela seguir\u00e1 em MRU, com velocidade constante.<\/b><\/span><\/span><\/span><\/p>\n<p><span style=\"color: #000000;\"><span style=\"font-family: Arial, serif;\"><span style=\"font-size: medium;\"><b>02- Errada. Vide explica\u00e7\u00e3o acima.<\/b><\/span><\/span><\/span><\/p>\n<p><span style=\"color: #000000;\"><span style=\"font-family: Arial, serif;\"><span style=\"font-size: medium;\"><b>04- Errada, ela seguir\u00e1 em MRU<\/b><\/span><\/span><\/span><\/p>\n<p><span style=\"color: #000000;\"><span style=\"font-family: Arial, serif;\"><span style=\"font-size: medium;\"><b>08- Correta, se a viagem de cruzeiro da nave for sempre longe de qualquer planeta ou estrela.<\/b><\/span><\/span><\/span><\/p>\n<p><span style=\"color: #000000;\"><span style=\"font-family: Arial, serif;\"><span style=\"font-size: medium;\"><b>16- Correta. Vide explica\u00e7\u00e3o anterior.<\/b><\/span><\/span><\/span><\/p>\n<p><span style=\"color: #000000;\"><span style=\"font-family: Arial, serif;\"><span style=\"font-size: medium;\"><b>Soma: (08 + 16) = 24<\/b><\/span><\/span><\/span><\/p>\n<p><span style=\"color: #000000;\"><span style=\"font-family: Arial, serif;\"><span style=\"font-size: medium;\"><b>19-\u00a0Todo corpo que possui massa possui in\u00e9rcia definida como\u00a0\u201cTodo corpo que esteja em repouso ou em movimento retil\u00edneo e uniforme (movendo-se em trajet\u00f3ria reta com velocidade\u00a0 vetorial constante), tende a continuar nestes estados se a for\u00e7a resultante que age sobre ele for nula\u201d\u00a0 &#8212;\u00a0\u00a0R- B<\/b><\/span><\/span><\/span><\/p>\n<p><span style=\"color: #000000;\">\u00a0<\/span><\/p>\n<p><span style=\"color: #000000;\"><span style=\"font-family: Arial, serif;\"><span style=\"font-size: medium;\"><b>20-\u00a0R- A\u00a0 &#8212;\u00a0 veja teoria<\/b><\/span><\/span><\/span><\/p>\n<p><span style=\"color: #000000;\"><span style=\"font-family: Arial, serif;\"><span style=\"font-size: medium;\"><b>21-\u00a0O vetor velocidade \u00e9 tangente \u00e0 trajet\u00f3ria em cada ponto e tem o sentido do movimento\u00a0 &#8212;\u00a0 quando o martelo \u00e9 solto ele obedece ao vetor velocidade e sai pela tangente, por in\u00e9rcia\u00a0 &#8212;\u00a0 R- E<\/b><\/span><\/span><\/span><\/p>\n<p><span style=\"color: #000000;\"><span style=\"font-family: Arial, serif;\"><span style=\"font-size: medium;\"><b>22- R- B\u00a0\u00a0&#8212;\u00a0 veja teoria<\/b><\/span><\/span><\/span><\/p>\n<p><span style=\"color: #000000;\"><span style=\"font-family: Arial, serif;\"><span style=\"font-size: medium;\"><b>23-\u00a0Em todo movimento circular a velocidade vetorial \u00e9 vari\u00e1vel\u00a0 &#8212;\u00a0 mesmo que a intensidade seja constante, a dire\u00e7\u00e3o e o sentido<\/b><\/span><\/span><\/span><\/p>\n<p align=\"CENTER\"><img decoding=\"async\" src=\"http:\/\/fisicaevestibular.com.br\/novo\/wp-content\/uploads\/migracao\/1_leinewton\/i_a04f3e9ecb6c0f69_html_f7ccce71.jpg\" alt=\"\" width=\"224\" height=\"195\" name=\"Imagem 1783\" align=\"BOTTOM\" border=\"0\" \/><\/p>\n<p><span style=\"color: #000000;\">\u00a0<span style=\"font-family: Arial, serif;\"><span style=\"font-size: medium;\"><b>do vetor velocidade\u00a0 variam, pois ele \u00e9 sempre tangente \u00e0 trajet\u00f3ria em cada ponto\u00a0 &#8212;\u00a0\u00a0R- B<\/b><\/span><\/span><\/span><\/p>\n<p><span style=\"color: #000000;\">\u00a0<span style=\"font-family: Arial, serif;\"><span style=\"font-size: medium;\"><b>24-\u00a0Por in\u00e9rcia as caixas continuar\u00e3o a acompanhar o avi\u00e3o (ficar\u00e3o embaixo dele), pois os efeitos do ar s\u00e3o desprezados e, quando abandonadas as caixas tem a mesma velocidade que a o avi\u00e3o.<\/b><\/span><\/span><\/span><\/p>\n<p><span style=\"color: #000000;\"><span style=\"font-family: Arial, serif;\"><span style=\"font-size: medium;\"><b>R- A (mas, na realidade, o espa\u00e7o vertical entre as caixas n\u00e3o \u00e9 o mesmo, pois durante a queda elas aceleram devido \u00e0 acelera\u00e7\u00e3o da gravidade g)<\/b><\/span><\/span><\/span><\/p>\n<p><span style=\"color: #000000;\">\u00a0<span style=\"font-family: Arial, serif;\"><span style=\"font-size: medium;\"><b>25-\u00a0Por in\u00e9rcia, quando o copo \u00e9 abandonado, ele continua com a mesma velocidade horizontal em rela\u00e7\u00e3o \u00e0 Terra, ganhando apenas velocidade vertical devido \u00e0 gravidade. Assim, o copo est\u00e1 em repouso em rela\u00e7\u00e3o ao piso do avi\u00e3o, portanto ele cai pr\u00f3ximo ao ponto R, como se o avi\u00e3o estivesse em repouso em rela\u00e7\u00e3o ao solo.\u00a0<\/b><\/span><\/span><\/span><\/p>\n<p><span style=\"color: #000000;\"><span style=\"font-family: Arial, serif;\"><span style=\"font-size: medium;\"><b>R- C<\/b><\/span><\/span><\/span><\/p>\n<p><span style=\"color: #000000;\"><span style=\"font-family: Arial, serif;\"><span style=\"font-size: medium;\"><b>26-\u00a0Como o transatl\u00e2ntico se move em linha reta com velocidade constante ele est\u00e1 em equil\u00edbrio din\u00e2mico e comporta-se como se estivesse em repouso (equil\u00edbrio est\u00e1tico) , n\u00e3o afetando o movimento da bola\u00a0 &#8212;\u00a0 R- D\u00a0\u00a0<\/b><\/span><\/span><\/span><\/p>\n<p><span style=\"color: #000000;\">\u00a0<\/span><\/p>\n<p><span style=\"color: #000000;\"><span style=\"font-family: Arial, serif;\"><span style=\"font-size: medium;\"><b>27-<\/b><\/span><\/span><\/span><\/p>\n<p><span style=\"color: #000000;\"><span style=\"font-family: Arial, serif;\"><span style=\"font-size: medium;\"><b>Como a resist\u00eancia do ar \u00e9 desprezada e ambos partem do repouso, independente de suas massas eles caem com a mesma acelera\u00e7\u00e3o que \u00e9 a da gravidade\u00a0 &#8212;\u00a0 assim, em todos os instantes eles possuem a mesma velocidade e o fio n\u00e3o \u00e9 esticado e nem relaxado, ou seja, n\u00e3o \u00e9 tracionado\u00a0 &#8212;\u00a0 R- E<\/b><\/span><\/span><\/span><\/p>\n<p><span style=\"color: #000000;\">\u00a0<\/span><\/p>\n<p><span style=\"color: #000000;\"><span style=\"font-family: Arial, serif;\"><span style=\"font-size: medium;\"><b>28-<\/b><\/span><\/span><\/span><\/p>\n<p><span style=\"color: #000000;\">\u00a0<\/span><span style=\"color: #000000;\"><span style=\"font-family: Arial, serif;\"><span style=\"font-size: medium;\"><b>A pedra acompanha a Terra em seu movimento de rota\u00e7\u00e3o, ou seja, ambos possuem a mesma velocidade angular (\u201cvarrem\u201d o mesmo \u00e2ngulo no mesmo tempo\u201d\u00a0 &#8212;<\/b><\/span><\/span><\/span><span style=\"color: #000000;\"><span style=\"font-family: Arial, serif;\"><span style=\"font-size: medium;\"><b>\u00a0<\/b><\/span><\/span><\/span><span style=\"color: #000000;\"><span style=\"font-family: Arial, serif;\"><span style=\"font-size: medium;\"><b>\u00a0R- B<\/b><\/span><\/span><\/span><\/p>\n<h3><a title=\"Exerc\u00edcios de vestibulares com resolu\u00e7\u00e3o comentada sobre Princ\u00edpio da In\u00e9rcia ou Primeira lei de Newton\" href=\"http:\/\/fisicaevestibular.com.br\/novo\/mecanica\/dinamica\/primeira-lei-de-newton-principio-da-inercia\/exercicios-de-vestibulares-com-resolucao-comentada-sobre-principio-da-inercia-ou-primeira-lei-de-newton\/\"><span style=\"color: #000080;\">Voltar para os Exerc\u00edcios<\/span><\/a><\/h3>\n","protected":false},"excerpt":{"rendered":"<p>Resolu\u00e7\u00e3o comentada dos exerc\u00edcios de vestibulares sobre Princ\u00edpio da In\u00e9rcia ou Primeira lei de Newton \u00a0 \u00a0 01- Como a mola est\u00e1 sendo comprimida, a esfera est\u00e1 se deslocando para a direita. Assim, o movimento s\u00f3 pode ser uniformemente\u00a0 retardado (o vag\u00e3o est\u00e1 indo para a direita e freando). 02- Lei da In\u00e9rcia\u00a0\u00a0\u00a0\u00a0\u00a0\u00a0\u00a0\u00a0\u00a0\u00a003- A\u00a0\u00a0\u00a0\u00a0\u00a0\u00a0\u00a0\u00a0\u00a0\u00a004- B\u00a0\u00a0\u00a0\u00a0\u00a0\u00a0\u00a0\u00a0\u00a0\u00a0\u00a005- D\u00a0\u00a0\u00a0\u00a0\u00a0\u00a0\u00a0\u00a0\u00a0\u00a006- E\u00a0\u00a0\u00a0\u00a0\u00a0\u00a0\u00a0\u00a0\u00a0\u00a007- D 08- Como<\/p>\n","protected":false},"author":1,"featured_media":0,"parent":1137,"menu_order":0,"comment_status":"closed","ping_status":"closed","template":"","meta":{"om_disable_all_campaigns":false,"_monsterinsights_skip_tracking":false,"_monsterinsights_sitenote_active":false,"_monsterinsights_sitenote_note":"","_monsterinsights_sitenote_category":0,"footnotes":""},"class_list":["post-1141","page","type-page","status-publish","hentry"],"aioseo_notices":[],"_links":{"self":[{"href":"https:\/\/fisicaevestibular.com.br\/novo\/wp-json\/wp\/v2\/pages\/1141","targetHints":{"allow":["GET"]}}],"collection":[{"href":"https:\/\/fisicaevestibular.com.br\/novo\/wp-json\/wp\/v2\/pages"}],"about":[{"href":"https:\/\/fisicaevestibular.com.br\/novo\/wp-json\/wp\/v2\/types\/page"}],"author":[{"embeddable":true,"href":"https:\/\/fisicaevestibular.com.br\/novo\/wp-json\/wp\/v2\/users\/1"}],"replies":[{"embeddable":true,"href":"https:\/\/fisicaevestibular.com.br\/novo\/wp-json\/wp\/v2\/comments?post=1141"}],"version-history":[{"count":3,"href":"https:\/\/fisicaevestibular.com.br\/novo\/wp-json\/wp\/v2\/pages\/1141\/revisions"}],"predecessor-version":[{"id":10857,"href":"https:\/\/fisicaevestibular.com.br\/novo\/wp-json\/wp\/v2\/pages\/1141\/revisions\/10857"}],"up":[{"embeddable":true,"href":"https:\/\/fisicaevestibular.com.br\/novo\/wp-json\/wp\/v2\/pages\/1137"}],"wp:attachment":[{"href":"https:\/\/fisicaevestibular.com.br\/novo\/wp-json\/wp\/v2\/media?parent=1141"}],"curies":[{"name":"wp","href":"https:\/\/api.w.org\/{rel}","templated":true}]}}