{"id":107,"date":"2014-11-20T12:24:53","date_gmt":"2014-11-20T12:24:53","guid":{"rendered":"http:\/\/fisicaevestibular.com.br\/novo\/?page_id=107"},"modified":"2024-09-02T16:53:39","modified_gmt":"2024-09-02T16:53:39","slug":"resolucao-comentada-da-uel-2015","status":"publish","type":"page","link":"https:\/\/fisicaevestibular.com.br\/novo\/universidades-2015\/exercicios-da-uel-2015\/resolucao-comentada-da-uel-2015\/","title":{"rendered":"Resolu\u00e7\u00e3o comentada da UEL 2015"},"content":{"rendered":"<p align=\"CENTER\"><span style=\"color: #c00000;\"><span style=\"font-family: Arial Black,serif;\"><span style=\"font-size: medium;\">RESOLU\u00c7\u00d5ES<\/span><\/span><\/span><\/p>\n<p><span style=\"color: #c00000;\"><span style=\"font-family: Arial Black,serif;\"><span style=\"font-size: large;\">01- <\/span><\/span><\/span><\/p>\n<p><img fetchpriority=\"high\" decoding=\"async\" src=\"http:\/\/fisicaevestibular.com.br\/novo\/wp-content\/uploads\/universidades-2015\/uel-2015\/i_fe593b9da6ac690e_html_4f660940.png\" alt=\"\" width=\"678\" height=\"105\" name=\"Imagem 24\" align=\"BOTTOM\" border=\"0\" \/><\/p>\n<p><span style=\"color: #c00000;\"><span style=\"font-family: Arial Black,serif;\"><span style=\"font-size: large;\">02-<\/span><\/span><\/span><\/p>\n<p><img decoding=\"async\" src=\"http:\/\/fisicaevestibular.com.br\/novo\/wp-content\/uploads\/universidades-2015\/uel-2015\/i_fe593b9da6ac690e_html_7e5aa805.png\" alt=\"\" width=\"765\" height=\"193\" name=\"Imagem 25\" align=\"BOTTOM\" border=\"0\" \/><\/p>\n<p><span style=\"color: #c00000;\"><span style=\"font-family: Arial Black,serif;\"><span style=\"font-size: large;\">03- <\/span><\/span><\/span><span style=\"color: #c00000;\"><span style=\"font-family: Arial,serif;\"><span style=\"font-size: medium;\"><b>( ) <\/b><\/span><\/span><\/span><span style=\"font-family: Arial,serif;\"><span style=\"font-size: medium;\"><b>De acordo com o <\/b><\/span><\/span><span style=\"color: #c00000;\"><span style=\"font-family: Arial,serif;\"><span style=\"font-size: medium;\"><b>modelo at\u00f4mico de Rutherford<\/b><\/span><\/span><\/span><span style=\"color: #0000cc;\"><span style=\"font-family: Arial,serif;\"><span style=\"font-size: medium;\"><b>, o \u00e1tomo \u00e9 constitu\u00eddo por duas regi\u00f5es<\/b><\/span><\/span><\/span><\/p>\n<p><span style=\"color: #0000cc;\"><span style=\"font-family: Arial,serif;\"><span style=\"font-size: medium;\"><b>distintas: <\/b><\/span><\/span><\/span><span style=\"color: #c00000;\"><span style=\"font-family: Arial,serif;\"><span style=\"font-size: medium;\"><b>o n\u00facleo e a eletrosfera.<\/b><\/span><\/span><\/span><\/p>\n<p><span style=\"color: #0000cc;\"><span style=\"font-family: Arial,serif;\"><span style=\"font-size: medium;\"><b>(Verdadeira) <\/b><\/span><\/span><\/span><span style=\"color: #000000;\"><span style=\"font-family: Arial,serif;\"><span style=\"font-size: medium;\"><b>&#8212; O <\/b><\/span><\/span><\/span><span style=\"color: #0000cc;\"><span style=\"font-family: Arial,serif;\"><span style=\"font-size: medium;\"><b>modelo at\u00f4mico de Rutherford <\/b><\/span><\/span><\/span><span style=\"color: #000000;\"><span style=\"font-family: Arial,serif;\"><span style=\"font-size: medium;\"><b>sugeriu ent\u00e3o, um <\/b><\/span><\/span><\/span><span style=\"color: #c00000;\"><span style=\"font-family: Arial,serif;\"><span style=\"font-size: medium;\"><b>\u00e1tomo<\/b><\/span><\/span><\/span><span style=\"color: #000000;\"><span style=\"font-family: Arial,serif;\"><span style=\"font-size: medium;\"><b> com <\/b><\/span><\/span><\/span><span style=\"color: #c00000;\"><span style=\"font-family: Arial,serif;\"><span style=\"font-size: medium;\"><b>\u00f3rbitas circulares<\/b><\/span><\/span><\/span><\/p>\n<p align=\"CENTER\"><img decoding=\"async\" src=\"http:\/\/fisicaevestibular.com.br\/novo\/wp-content\/uploads\/universidades-2015\/uel-2015\/i_fe593b9da6ac690e_html_m693c6391.png\" alt=\"\" width=\"114\" height=\"116\" name=\"Imagem 26\" align=\"BOTTOM\" border=\"0\" \/><\/p>\n<p><span style=\"color: #c00000;\"><span style=\"font-family: Arial,serif;\"><span style=\"font-size: medium;\"><b>dos el\u00e9trons em volta do n\u00facleo<\/b><\/span><\/span><\/span><span style=\"color: #000000;\"><span style=\"font-family: Arial,serif;\"><span style=\"font-size: medium;\"><b>. Comparou o \u00e1tomo com <\/b><\/span><\/span><\/span><span style=\"color: #0000cc;\"><span style=\"font-family: Arial,serif;\"><span style=\"font-size: medium;\"><b>o Sistema Solar, onde os el\u00e9trons seriam os planetas e o n\u00facleo seria o Sol.<\/b><\/span><\/span><\/span><\/p>\n<p><span style=\"color: #c00000;\"><span style=\"font-family: Arial,serif;\"><span style=\"font-size: medium;\"><b>( ) Thomson<\/b><\/span><\/span><\/span><span style=\"font-family: Arial,serif;\"><span style=\"font-size: medium;\"><b> prop\u00f4s um <\/b><\/span><\/span><span style=\"color: #0000cc;\"><span style=\"font-family: Arial,serif;\"><span style=\"font-size: medium;\"><b>modelo que descrevia o \u00e1tomo como uma esfera carregada positivamente,<\/b><\/span><\/span><\/span><\/p>\n<p><span style=\"color: #0000cc;\"><span style=\"font-family: Arial,serif;\"><span style=\"font-size: medium;\"><b>na qual estariam incrustados os el\u00e9trons, com carga negativa.<\/b><\/span><\/span><\/span><\/p>\n<p><span style=\"color: #0000cc;\"><span style=\"font-family: Arial,serif;\"><span style=\"font-size: medium;\"><b>(Verdadeira) <\/b><\/span><\/span><\/span><span style=\"font-family: Arial,serif;\"><span style=\"font-size: medium;\"><b>&#8212; Para <\/b><\/span><\/span><span style=\"color: #0000cc;\"><span style=\"font-family: Arial,serif;\"><span style=\"font-size: medium;\"><b>Thomson,<\/b><\/span><\/span><\/span><span style=\"font-family: Arial,serif;\"><span style=\"font-size: medium;\"><b> o \u00e1tomo era uma <\/b><\/span><\/span><span style=\"color: #c00000;\"><span style=\"font-family: Arial,serif;\"><span style=\"font-size: medium;\"><b>esfera de carga el\u00e9trica positiva \u201crecheada\u201d de<\/b><\/span><\/span><\/span><\/p>\n<p align=\"CENTER\"><img loading=\"lazy\" decoding=\"async\" src=\"http:\/\/fisicaevestibular.com.br\/novo\/wp-content\/uploads\/universidades-2015\/uel-2015\/i_fe593b9da6ac690e_html_3dc586b2.png\" alt=\"\" width=\"122\" height=\"142\" name=\"Imagem 27\" align=\"BOTTOM\" border=\"0\" \/><\/p>\n<p><span style=\"color: #c00000;\"><span style=\"font-family: Arial,serif;\"><span style=\"font-size: medium;\"><b>el\u00e9trons de carga negativa<\/b><\/span><\/span><\/span><span style=\"font-family: Arial,serif;\"><span style=\"font-size: medium;\"><b>. Esse modelo ficou conhecido como <\/b><\/span><\/span><span style=\"color: #0000cc;\"><span style=\"font-family: Arial,serif;\"><span style=\"font-size: medium;\"><b>\u201cpudim de passas\u201d. <\/b><\/span><\/span><\/span><\/p>\n<p><span style=\"color: #c00000;\"><span style=\"font-family: Arial,serif;\"><span style=\"font-size: medium;\"><b>( ) <\/b><\/span><\/span><\/span><span style=\"font-family: Arial,serif;\"><span style=\"font-size: medium;\"><b>No experimento <\/b><\/span><\/span><span style=\"color: #c00000;\"><span style=\"font-family: Arial,serif;\"><span style=\"font-size: medium;\"><b>orientado por Rutherford<\/b><\/span><\/span><\/span><span style=\"font-family: Arial,serif;\"><span style=\"font-size: medium;\"><b>, o <\/b><\/span><\/span><span style=\"color: #c00000;\"><span style=\"font-family: Arial,serif;\"><span style=\"font-size: medium;\"><b>desvio das part\u00edculas alfa era resultado da sua aproxima\u00e7\u00e3o com cargas negativas presentes no n\u00facleo do \u00e1tomo.<\/b><\/span><\/span><\/span><\/p>\n<p><span style=\"color: #0000cc;\"><span style=\"font-family: Arial,serif;\"><span style=\"font-size: medium;\"><b>(Falsa) &#8212; <\/b><\/span><\/span><\/span><span style=\"color: #c00000;\"><span style=\"font-family: Arial,serif;\"><span style=\"font-size: medium;\"><b>Rutherford<\/b><\/span><\/span><\/span><span style=\"color: #0000cc;\"><span style=\"font-family: Arial,serif;\"><span style=\"font-size: medium;\"><b> concluiu que <\/b><\/span><\/span><\/span><span style=\"font-family: Arial,serif;\"><span style=\"font-size: medium;\"><b>o <\/b><\/span><\/span><span style=\"color: #c00000;\"><span style=\"font-family: Arial,serif;\"><span style=\"font-size: medium;\"><b>\u00e1tomo tem n\u00facleo positivo (+), <\/b><\/span><\/span><\/span><span style=\"font-family: Arial,serif;\"><span style=\"font-size: medium;\"><b>j\u00e1 que <\/b><\/span><\/span><span style=\"color: #0000cc;\"><span style=\"font-family: Arial,serif;\"><span style=\"font-size: medium;\"><b>part\u00edculas alfa desviavam algumas vezes.<\/b><\/span><\/span><\/span><\/p>\n<p><span style=\"color: #c00000;\"><span style=\"font-family: Arial,serif;\"><span style=\"font-size: medium;\"><b>( )<\/b><\/span><\/span><\/span><span style=\"font-family: Arial,serif;\"><span style=\"font-size: medium;\"><b> Ao considerar a <\/b><\/span><\/span><span style=\"color: #0000cc;\"><span style=\"font-family: Arial,serif;\"><span style=\"font-size: medium;\"><b>carga das part\u00edculas b\u00e1sicas <\/b><\/span><\/span><\/span><span style=\"color: #c00000;\"><span style=\"font-family: Arial,serif;\"><span style=\"font-size: medium;\"><b>(pr\u00f3tons, el\u00e9trons e n\u00eautrons), em um \u00e1tomo<\/b><\/span><\/span><\/span><\/p>\n<p><span style=\"color: #c00000;\"><span style=\"font-family: Arial,serif;\"><span style=\"font-size: medium;\"><b>neutro,<\/b><\/span><\/span><\/span><span style=\"font-family: Arial,serif;\"><span style=\"font-size: medium;\"><b> o <\/b><\/span><\/span><span style=\"color: #0000cc;\"><span style=\"font-family: Arial,serif;\"><span style=\"font-size: medium;\"><b>n\u00famero de pr\u00f3tons deve ser superior ao de el\u00e9trons.<\/b><\/span><\/span><\/span><\/p>\n<p><span style=\"color: #0000cc;\"><span style=\"font-family: Arial,serif;\"><span style=\"font-size: medium;\"><b>(Falsa) &#8212; <\/b><\/span><\/span><\/span><span style=\"font-family: Arial,serif;\"><span style=\"font-size: medium;\"><b> ao considerar a <\/b><\/span><\/span><span style=\"color: #0000cc;\"><span style=\"font-family: Arial,serif;\"><span style=\"font-size: medium;\"><b>carga das part\u00edculas b\u00e1sicas <\/b><\/span><\/span><\/span><span style=\"color: #c00000;\"><span style=\"font-family: Arial,serif;\"><span style=\"font-size: medium;\"><b>(pr\u00f3tons, el\u00e9trons e n\u00eautrons), em um \u00e1tomo<\/b><\/span><\/span><\/span><b> <\/b><span style=\"color: #c00000;\"><span style=\"font-family: Arial,serif;\"><span style=\"font-size: medium;\"><b>neutro,<\/b><\/span><\/span><\/span><span style=\"font-family: Arial,serif;\"><span style=\"font-size: medium;\"><b> o <\/b><\/span><\/span><span style=\"color: #0000cc;\"><span style=\"font-family: Arial,serif;\"><span style=\"font-size: medium;\"><b>n\u00famero de pr\u00f3tons deve ser <\/b><\/span><\/span><\/span><span style=\"color: #c00000;\"><span style=\"font-family: Arial,serif;\"><span style=\"font-size: medium;\"><b>igual<\/b><\/span><\/span><\/span><span style=\"color: #0000cc;\"><span style=\"font-family: Arial,serif;\"><span style=\"font-size: medium;\"><b> ao de el\u00e9trons.<\/b><\/span><\/span><\/span><\/p>\n<p><span style=\"color: #c00000;\"><span style=\"font-family: Arial,serif;\"><span style=\"font-size: medium;\"><b>( ) <\/b><\/span><\/span><\/span><span style=\"font-family: Arial,serif;\"><span style=\"font-size: medium;\"><b>Os \u00e1tomos de um <\/b><\/span><\/span><span style=\"color: #0000cc;\"><span style=\"font-family: Arial,serif;\"><span style=\"font-size: medium;\"><b>mesmo elemento qu\u00edmico <\/b><\/span><\/span><\/span><span style=\"font-family: Arial,serif;\"><span style=\"font-size: medium;\"><b>devem apresentar o <\/b><\/span><\/span><span style=\"color: #0000cc;\"><span style=\"font-family: Arial,serif;\"><span style=\"font-size: medium;\"><b>mesmo n\u00famero at\u00f4mico<\/b><\/span><\/span><\/span><span style=\"font-family: Arial,serif;\"><span style=\"font-size: medium;\"><b>.<\/b><\/span><\/span><\/p>\n<p><span style=\"color: #0000cc;\"><span style=\"font-family: Arial,serif;\"><span style=\"font-size: medium;\"><b>(Verdadeira) <\/b><\/span><\/span><\/span><span style=\"font-family: Arial,serif;\"><span style=\"font-size: medium;\"><b>&#8212; \u00e1tomos de um <\/b><\/span><\/span><span style=\"color: #0000cc;\"><span style=\"font-family: Arial,serif;\"><span style=\"font-size: medium;\"><b>mesmo elemento qu\u00edmico <\/b><\/span><\/span><\/span><span style=\"font-family: Arial,serif;\"><span style=\"font-size: medium;\"><b>apresentam<\/b><\/span><\/span><b> <\/b><span style=\"font-family: Arial,serif;\"><span style=\"font-size: medium;\"><b>o <\/b><\/span><\/span><span style=\"color: #0000cc;\"><span style=\"font-family: Arial,serif;\"><span style=\"font-size: medium;\"><b>mesmo n\u00famero at\u00f4mico<\/b><\/span><\/span><\/span><span style=\"font-family: Arial,serif;\"><span style=\"font-size: medium;\"><b>.<\/b><\/span><\/span><\/p>\n<p><span style=\"color: #ff0000;\"><span style=\"font-family: Arial,serif;\"><span style=\"font-size: medium;\"><b>R- A<\/b><\/span><\/span><\/span><\/p>\n<p><span style=\"color: #c00000;\"><span style=\"font-family: Arial Black,serif;\"><span style=\"font-size: large;\">04- <\/span><\/span><\/span><span style=\"color: #0000cc;\"><span style=\"font-family: Arial,serif;\"><span style=\"font-size: medium;\"><b>Os f\u00edsicos, <\/b><\/span><\/span><\/span><span style=\"color: #c00000;\"><span style=\"font-family: Arial,serif;\"><span style=\"font-size: medium;\"><b>Murray Gell-Mann e George<\/b><\/span><\/span><\/span><span style=\"color: #c00000;\"><span style=\"font-family: Arial,serif;\"><span style=\"font-size: medium;\"><b>\u00a0<\/b><\/span><\/span><\/span><span style=\"color: #c00000;\"><span style=\"font-family: Arial,serif;\"><span style=\"font-size: medium;\"><b>Zweig<\/b><\/span><\/span><\/span><span style=\"color: #c00000;\"><span style=\"font-family: Arial,serif;\"><span style=\"font-size: medium;\"><b>\u00a0<\/b><\/span><\/span><\/span><b> <\/b><span style=\"color: #0000cc;\"><span style=\"font-family: Arial,serif;\"><span style=\"font-size: medium;\"><b>desenvolveram, independentemente, um modelo para classificar as <\/b><\/span><\/span><\/span><span style=\"color: #c00000;\"><span style=\"font-family: Arial,serif;\"><span style=\"font-size: medium;\"><b>Part\u00edculas Elementares<\/b><\/span><\/span><\/span><span style=\"color: #0000cc;\"><span style=\"font-family: Arial,serif;\"><span style=\"font-size: medium;\"><b>.<\/b><\/span><\/span><\/span><span style=\"color: #000000;\"><span style=\"font-family: Arial,serif;\"><span style=\"font-size: medium;\"><b> Segundo esse modelo (<\/b><\/span><\/span><\/span><span style=\"color: #0000cc;\"><span style=\"font-family: Arial,serif;\"><span style=\"font-size: medium;\"><b>hoje conhecido como<\/b><\/span><\/span><\/span><span style=\"color: #0000cc;\"><span style=\"font-family: Arial,serif;\"><span style=\"font-size: medium;\"><b>\u00a0<\/b><\/span><\/span><\/span><span style=\"color: #0000cc;\"><span style=\"font-family: Arial,serif;\"><span style=\"font-size: medium;\"><b>Modelo dos<\/b><\/span><\/span><\/span><b> <\/b><span style=\"color: #c00000;\"><span style=\"font-family: Arial,serif;\"><span style=\"font-size: medium;\"><b>Quarks<\/b><\/span><\/span><\/span><span style=\"color: #000000;\"><span style=\"font-family: Arial,serif;\"><span style=\"font-size: medium;\"><b>), os<\/b><\/span><\/span><\/span><span style=\"color: #000000;\"><span style=\"font-family: Arial,serif;\"><span style=\"font-size: medium;\"><b>\u00a0<\/b><\/span><\/span><\/span><span style=\"color: #0000cc;\"><span style=\"font-family: Arial,serif;\"><span style=\"font-size: medium;\"><b>h\u00e1drons<\/b><\/span><\/span><\/span><span style=\"color: #0000cc;\"><span style=\"font-family: Arial,serif;\"><span style=\"font-size: medium;\"><b>\u00a0<\/b><\/span><\/span><\/span><span style=\"color: #c00000;\"><span style=\"font-family: Arial,serif;\"><span style=\"font-size: medium;\"><b>(<\/b><\/span><\/span><\/span><span style=\"color: #c00000;\"><span style=\"font-family: Arial,serif;\"><span style=\"font-size: medium;\"><b>b\u00e1rions<\/b><\/span><\/span><\/span><span style=\"color: #c00000;\"><span style=\"font-family: Arial,serif;\"><span style=\"font-size: medium;\"><b>,<\/b><\/span><\/span><\/span><span style=\"color: #c00000;\"><span style=\"font-family: Arial,serif;\"><span style=\"font-size: medium;\"><b> m\u00e9sons e outras part\u00edculas subat\u00f4micas) <\/b><\/span><\/span><\/span><span style=\"color: #000000;\"><span style=\"font-family: Arial,serif;\"><span style=\"font-size: medium;\"><b>formavam os <\/b><\/span><\/span><\/span><span style=\"color: #c00000;\"><span style=\"font-family: Arial,serif;\"><span style=\"font-size: medium;\"><b>quarks,<\/b><\/span><\/span><\/span><span style=\"color: #000000;\"><span style=\"font-family: Arial,serif;\"><span style=\"font-size: medium;\"><b> que por sua vez eram componentes dos <\/b><\/span><\/span><\/span><span style=\"color: #c00000;\"><span style=\"font-family: Arial,serif;\"><span style=\"font-size: medium;\"><b>pr\u00f3tons e n\u00eautrons. <\/b><\/span><\/span><\/span><\/p>\n<p><span style=\"color: #ff0000;\"><span style=\"font-family: Arial,serif;\"><span style=\"font-size: medium;\"><b>R- A<\/b><\/span><\/span><\/span><\/p>\n<p><span style=\"color: #c00000;\"><span style=\"font-family: Arial Black,serif;\"><span style=\"font-size: large;\">05- <\/span><\/span><\/span><\/p>\n<p><img loading=\"lazy\" decoding=\"async\" src=\"http:\/\/fisicaevestibular.com.br\/novo\/wp-content\/uploads\/universidades-2015\/uel-2015\/i_fe593b9da6ac690e_html_m5ffe66fc.png\" alt=\"\" width=\"764\" height=\"312\" name=\"Imagem 28\" align=\"BOTTOM\" border=\"0\" \/><\/p>\n<p><span style=\"color: #ff0000;\"><span style=\"font-family: Arial,serif;\"><span style=\"font-size: medium;\"><b>R- E<\/b><\/span><\/span><\/span><\/p>\n<p><span style=\"color: #c00000;\"><span style=\"font-family: Arial Black,serif;\"><span style=\"font-size: large;\">06- <\/span><\/span><\/span><\/p>\n<p><img loading=\"lazy\" decoding=\"async\" src=\"http:\/\/fisicaevestibular.com.br\/novo\/wp-content\/uploads\/universidades-2015\/uel-2015\/i_fe593b9da6ac690e_html_m2a96501a.png\" alt=\"\" width=\"638\" height=\"99\" name=\"Imagem 29\" align=\"BOTTOM\" border=\"0\" \/><\/p>\n<p>&nbsp;<\/p>\n<h3><span style=\"color: #000000;\"><a style=\"color: #000000;\" title=\"Exerc\u00edcios da UEL 2015\" href=\"http:\/\/fisicaevestibular.com.br\/novo\/universidades-2015\/exercicios-da-uel-2015\/\">Voltar para os Exerc\u00edcios<\/a><\/span><\/h3>\n","protected":false},"excerpt":{"rendered":"<p>RESOLU\u00c7\u00d5ES 01- 02- 03- ( ) De acordo com o modelo at\u00f4mico de Rutherford, o \u00e1tomo \u00e9 constitu\u00eddo por duas regi\u00f5es distintas: o n\u00facleo e a eletrosfera. (Verdadeira) &#8212; O modelo at\u00f4mico de Rutherford sugeriu ent\u00e3o, um \u00e1tomo com \u00f3rbitas circulares dos el\u00e9trons em volta do n\u00facleo. Comparou o \u00e1tomo com o Sistema Solar, onde os el\u00e9trons seriam os planetas<\/p>\n","protected":false},"author":1,"featured_media":0,"parent":105,"menu_order":0,"comment_status":"closed","ping_status":"closed","template":"","meta":{"om_disable_all_campaigns":false,"_monsterinsights_skip_tracking":false,"_monsterinsights_sitenote_active":false,"_monsterinsights_sitenote_note":"","_monsterinsights_sitenote_category":0,"footnotes":""},"class_list":["post-107","page","type-page","status-publish","hentry"],"aioseo_notices":[],"_links":{"self":[{"href":"https:\/\/fisicaevestibular.com.br\/novo\/wp-json\/wp\/v2\/pages\/107","targetHints":{"allow":["GET"]}}],"collection":[{"href":"https:\/\/fisicaevestibular.com.br\/novo\/wp-json\/wp\/v2\/pages"}],"about":[{"href":"https:\/\/fisicaevestibular.com.br\/novo\/wp-json\/wp\/v2\/types\/page"}],"author":[{"embeddable":true,"href":"https:\/\/fisicaevestibular.com.br\/novo\/wp-json\/wp\/v2\/users\/1"}],"replies":[{"embeddable":true,"href":"https:\/\/fisicaevestibular.com.br\/novo\/wp-json\/wp\/v2\/comments?post=107"}],"version-history":[{"count":2,"href":"https:\/\/fisicaevestibular.com.br\/novo\/wp-json\/wp\/v2\/pages\/107\/revisions"}],"predecessor-version":[{"id":109,"href":"https:\/\/fisicaevestibular.com.br\/novo\/wp-json\/wp\/v2\/pages\/107\/revisions\/109"}],"up":[{"embeddable":true,"href":"https:\/\/fisicaevestibular.com.br\/novo\/wp-json\/wp\/v2\/pages\/105"}],"wp:attachment":[{"href":"https:\/\/fisicaevestibular.com.br\/novo\/wp-json\/wp\/v2\/media?parent=107"}],"curies":[{"name":"wp","href":"https:\/\/api.w.org\/{rel}","templated":true}]}}