{"id":1037,"date":"2015-07-15T03:37:18","date_gmt":"2015-07-15T03:37:18","guid":{"rendered":"http:\/\/fisicaevestibular.com.br\/novo\/?page_id=1037"},"modified":"2024-09-02T17:39:46","modified_gmt":"2024-09-02T17:39:46","slug":"resolucao-comentada-da-ueg-2015","status":"publish","type":"page","link":"https:\/\/fisicaevestibular.com.br\/novo\/universidades-2015\/exercicios-resolvidos-da-ueg-2015\/resolucao-comentada-da-ueg-2015\/","title":{"rendered":"Resolu\u00e7\u00e3o comentada da UEG 2015"},"content":{"rendered":"<p align=\"CENTER\"><span style=\"color: #c00000;\"><span style=\"font-family: 'Arial Black', serif;\"><span style=\"font-size: large;\">Resolu\u00e7\u00f5es dos exerc\u00edcios do vestibular da UEG-GO-2015<\/span><\/span><\/span><\/p>\n<p><span style=\"color: #c00000;\"><span style=\"font-family: 'Arial Black', serif;\"><span style=\"font-size: large;\"><b>01- <\/b><\/span><\/span><\/span><span style=\"color: #0000cc;\"><span style=\"font-family: Arial, serif;\"><span style=\"font-size: medium;\"><b>Augustin-Jean Fresnel,<\/b><\/span><\/span><\/span><span style=\"font-family: Arial, serif;\"><span style=\"font-size: medium;\"><b> f\u00edsico franc\u00eas, <\/b><\/span><\/span><span style=\"color: #000000;\"><span style=\"font-family: Arial, serif;\"><span style=\"font-size: medium;\"><b>contribuiu significativamente para a <\/b><\/span><\/span><\/span><span style=\"color: #0000cc;\"><span style=\"font-family: Arial, serif;\"><span style=\"font-size: medium;\"><b>teoria<\/b><\/span><\/span><\/span><span style=\"color: #000000;\"><span style=\"font-family: Arial, serif;\"><span style=\"font-size: medium;\"><b> da <\/b><\/span><\/span><\/span><span style=\"color: #0000cc;\"><span style=\"font-family: Arial, serif;\"><span style=\"font-size: medium;\"><b>\u00f3ptica ondulat\u00f3ria.<\/b><\/span><\/span><\/span><\/p>\n<p><span style=\"color: #0000cc;\"><span style=\"font-family: Arial, serif;\"><span style=\"font-size: medium;\"><b>Demonstrou experimentalmente a natureza ondulat\u00f3ria da luz<\/b><\/span><\/span><\/span><span style=\"color: #000000;\"><span style=\"font-family: Arial, serif;\"><span style=\"font-size: medium;\"><b> e explicou os fen\u00f4menos da p<\/b><\/span><\/span><\/span><span style=\"font-family: Arial, serif;\"><span style=\"font-size: medium;\"><b>olariza\u00e7\u00e3o e da dupla refra\u00e7\u00e3o e muitos outros fen\u00f4menos \u00f3pticos.<\/b><\/span><\/span><\/p>\n<p><span style=\"color: #0000cc;\"><span style=\"font-family: Arial, serif;\"><span style=\"font-size: medium;\"><b>Tomas Young<\/b><\/span><\/span><\/span><span style=\"color: #333333;\"><span style=\"font-family: Arial, serif;\"><span style=\"font-size: medium;\"><b>, antes mesmo de Maxwell, <\/b><\/span><\/span><\/span><span style=\"color: #0000cc;\"><span style=\"font-family: Arial, serif;\"><span style=\"font-size: medium;\"><b>conseguiu provar que a luz tinha um car\u00e1ter<\/b><\/span><\/span><\/span><b> <\/b><span style=\"color: #0000cc;\"><span style=\"font-family: Arial, serif;\"><span style=\"font-size: medium;\"><b>ondulat\u00f3rio<\/b><\/span><\/span><\/span><span style=\"color: #333333;\"><span style=\"font-family: Arial, serif;\"><span style=\"font-size: medium;\"><b>, por meio de modo <\/b><\/span><\/span><\/span><span style=\"color: #0000cc;\"><span style=\"font-family: Arial, serif;\"><span style=\"font-size: medium;\"><b>experimental, o da fenda dupla.<\/b><\/span><\/span><\/span><\/p>\n<p align=\"CENTER\"><img fetchpriority=\"high\" decoding=\"async\" src=\"http:\/\/fisicaevestibular.com.br\/novo\/wp-content\/uploads\/universidades-2015\/ueg\/i_15b2a3d3d494ea15_html_b20c7b39.png\" alt=\"\" width=\"704\" height=\"143\" name=\"Imagem 7\" align=\"BOTTOM\" border=\"0\" \/><\/p>\n<p><span style=\"color: #333333;\"><span style=\"font-family: Arial, serif;\"><span style=\"font-size: medium;\"><b>Ele <\/b><\/span><\/span><\/span><span style=\"color: #0000cc;\"><span style=\"font-family: Arial, serif;\"><span style=\"font-size: medium;\"><b>confirmou a veracidade da teoria ondulat\u00f3ria da<\/b><\/span><\/span><\/span><b> <\/b><span style=\"color: #0000cc;\"><span style=\"font-family: Arial, serif;\"><span style=\"font-size: medium;\"><b>luz.<\/b><\/span><\/span><\/span><span style=\"color: #333333;\"><span style=\"font-family: Arial, serif;\"><span style=\"font-size: medium;\"><b> Baseando-se num experimento relativamente simples (dupla fenda), Young apresentou a teoria ondulat\u00f3ria da luz incorporando-lhe um novo conceito fundamental, o chamado,<\/b><\/span><\/span><\/span><span style=\"color: #333333;\"><span style=\"font-family: Arial, serif;\"><span style=\"font-size: medium;\"><b>\u00a0<\/b><\/span><\/span><\/span><span style=\"color: #0000cc;\"><span style=\"font-family: Arial, serif;\"><span style=\"font-size: medium;\"><i><b>Principio de Interfer\u00eancias<\/b><\/i><\/span><\/span><\/span><span style=\"color: #0000cc;\"><span style=\"font-family: Arial, serif;\"><span style=\"font-size: medium;\"><b>:<\/b><\/span><\/span><\/span><span style=\"color: #333333;\"><span style=\"font-family: Arial, serif;\"><span style=\"font-size: medium;\"><b> \u201c<\/b><\/span><\/span><\/span><span style=\"color: #333333;\"><span style=\"font-family: Arial, serif;\"><span style=\"font-size: medium;\"><i><b>Quando duas ondula\u00e7\u00f5es, com origens diferentes, exata ou aproximadamente ao longo da mesma dire\u00e7\u00e3o, o seu efeito conjunto \u00e9 uma combina\u00e7\u00e3o dos movimentos de cada uma\u201d.<\/b><\/i><\/span><\/span><\/span><\/p>\n<p><span style=\"color: #c00000;\"><span style=\"font-family: Arial, serif;\"><span style=\"font-size: medium;\"><b>R- A<\/b><\/span><\/span><\/span><\/p>\n<p><span style=\"color: #c00000;\"><span style=\"font-family: 'Arial Black', serif;\"><span style=\"font-size: large;\"><b>02- <\/b><\/span><\/span><\/span><span style=\"font-family: Arial, serif;\"><span style=\"font-size: medium;\"><b>Trata-se do <\/b><\/span><\/span><span style=\"color: #0000cc;\"><span style=\"font-family: Arial, serif;\"><span style=\"font-size: medium;\"><b>efeito eletromagn\u00e9tico<\/b><\/span><\/span><\/span><span style=\"font-family: Arial, serif;\"><span style=\"font-size: medium;\"><b>. <\/b><\/span><\/span><span style=\"font-family: Arial, serif;\"><span style=\"font-size: medium;\"><b>A figura abaixo mostra o gr\u00e1fico da <\/b><\/span><\/span><span style=\"color: #0000cc;\"><span style=\"font-family: Arial, serif;\"><span style=\"font-size: medium;\"><b>energia cin\u00e9tica<\/b><\/span><\/span><\/span><span style=\"font-family: Arial, serif;\"><span style=\"font-size: medium;\"><b> do el\u00e9tron extra\u00eddo em fun\u00e7\u00e3o da <\/b><\/span><\/span><span style=\"color: #0000cc;\"><span style=\"font-family: Arial, serif;\"><span style=\"font-size: medium;\"><b>frequ\u00eancia<\/b><\/span><\/span><\/span><span style=\"font-family: Arial, serif;\"><span style=\"font-size: medium;\"><b> da <\/b><\/span><\/span><span style=\"color: #0000cc;\"><span style=\"font-family: Arial, serif;\"><span style=\"font-size: medium;\"><b>radia\u00e7\u00e3o incidente<\/b><\/span><\/span><\/span><span style=\"font-family: Arial, serif;\"><span style=\"font-size: medium;\"><b>, para uma mesma placa met\u00e1lica (c\u00e9lula fotoel\u00e9trica).<\/b><\/span><\/span><\/p>\n<p align=\"CENTER\"><img decoding=\"async\" src=\"http:\/\/fisicaevestibular.com.br\/novo\/wp-content\/uploads\/universidades-2015\/ueg\/i_15b2a3d3d494ea15_html_1f4dde89.jpg\" alt=\"\" width=\"336\" height=\"152\" name=\"Imagem 10\" align=\"BOTTOM\" border=\"0\" \/><\/p>\n<p><span style=\"color: #0000cc;\"><span style=\"font-family: Arial, serif;\"><span style=\"font-size: medium;\"><b>f<\/b><\/span><\/span><\/span><span style=\"color: #0000cc;\"><sub><span style=\"font-family: Arial, serif;\"><span style=\"font-size: medium;\"><b>o<\/b><\/span><\/span><\/sub><\/span><span style=\"color: #0000cc;\"><span style=\"font-family: Arial, serif;\"><span style=\"font-size: medium;\"><b> \u00e9 a freq\u00fc\u00eancia m\u00ednima<\/b><\/span><\/span><\/span><span style=\"font-family: Arial, serif;\"><span style=\"font-size: medium;\"><b> (frequ\u00eancia de corte) necess\u00e1ria para produzir o efeito fotoel\u00e9trico. Se f=fo\u00a0o el\u00e9tron \u00e9 liberado, mas sua energia cin\u00e9tica \u00e9 nula. Para freq\u00fc\u00eancias inferiores a f<\/b><\/span><\/span><sub><span style=\"font-family: Arial, serif;\"><span style=\"font-size: medium;\"><b>o<\/b><\/span><\/span><\/sub><span style=\"font-family: Arial, serif;\"><span style=\"font-size: medium;\"><b> fen\u00f4meno n\u00e3o ocorre. Por\u00e9m, para <\/b><\/span><\/span><span style=\"color: #0000cc;\"><span style=\"font-family: Arial, serif;\"><span style=\"font-size: medium;\"><b>valores superiores a fo, o n\u00famero de el\u00e9trons arrancados \u00e9 diretamente proporcional \u00e0 intensidade da radia\u00e7\u00e3o eletromagn\u00e9tica incidente, ou seja, aumentando a intensidade da radia\u00e7\u00e3o (freq\u00fc\u00eancia, cor) incidente no metal, aumenta-se o n\u00edvel energ\u00e9tico dos f\u00f3tons incidentes, aumentando assim o n\u00famero de el\u00e9trons arrancados.<\/b><\/span><\/span><\/span><\/p>\n<p><span style=\"color: #c00000;\"><span style=\"font-family: Arial, serif;\"><span style=\"font-size: medium;\"><b>R- C<\/b><\/span><\/span><\/span><\/p>\n<p><span style=\"color: #c00000;\"><span style=\"font-family: 'Arial Black', serif;\"><span style=\"font-size: large;\"><b>03- <\/b><\/span><\/span><\/span><span style=\"color: #000000;\"><span style=\"font-family: Arial, serif;\"><span style=\"font-size: medium;\"><b>Foi o f\u00edsico holand\u00eas Christiaan Huygens (1629-1695), um dos primeiros sistematizadores da teoria ondulat\u00f3ria da luz, e seu contempor\u00e2neo ingl\u00eas <\/b><\/span><\/span><\/span><span style=\"color: #0000cc;\"><span style=\"font-family: Arial, serif;\"><span style=\"font-size: medium;\"><b>Isaac Newton (1642-1727), a quem atribuem a defesa de uma teoria puramente corpuscular<\/b><\/span><\/span><\/span><span style=\"color: #000000;\"><span style=\"font-family: Arial, serif;\"><span style=\"font-size: medium;\"><b>.<\/b><\/span><\/span><\/span><\/p>\n<p><span style=\"color: #c00000;\"><span style=\"font-family: Arial, serif;\"><span style=\"font-size: medium;\"><b>R- B<\/b><\/span><\/span><\/span><\/p>\n<p><span style=\"color: #c00000;\"><span style=\"font-family: 'Arial Black', serif;\"><span style=\"font-size: large;\"><b>04- <\/b><\/span><\/span><\/span><span style=\"font-family: Arial, serif;\"><span style=\"font-size: medium;\"><b>No <\/b><\/span><\/span><span style=\"color: #0000cc;\"><span style=\"font-family: Arial, serif;\"><span style=\"font-size: medium;\"><b>interior<\/b><\/span><\/span><\/span><span style=\"font-family: Arial, serif;\"><span style=\"font-size: medium;\"><b> da esfera o potencial el\u00e9trico \u00e9 <\/b><\/span><\/span><span style=\"color: #0000cc;\"><span style=\"font-family: Arial, serif;\"><span style=\"font-size: medium;\"><b>constante<\/b><\/span><\/span><\/span><span style=\"font-family: Arial, serif;\"><span style=\"font-size: medium;\"><b> e vale <\/b><\/span><\/span><span style=\"color: #0000cc;\"><span style=\"font-family: Arial, serif;\"><span style=\"font-size: medium;\"><b>V = K<\/b><\/span><\/span><\/span><span style=\"color: #0000cc;\"><sub><span style=\"font-family: Arial, serif;\"><span style=\"font-size: medium;\"><b>o<\/b><\/span><\/span><\/sub><\/span><span style=\"color: #0000cc;\"><span style=\"font-family: Arial, serif;\"><span style=\"font-size: medium;\"><b>Q\/R<\/b><\/span><\/span><\/span><span style=\"font-family: Arial, serif;\"><span style=\"font-size: medium;\"><b>, onde R \u00e9 o raio da esfera valendo <\/b><\/span><\/span><span style=\"color: #0000cc;\"><span style=\"font-family: Arial, serif;\"><span style=\"font-size: medium;\"><b>R = 0,2 m<\/b><\/span><\/span><\/span><span style=\"font-family: Arial, serif;\"><span style=\"font-size: medium;\"><b> e <\/b><\/span><\/span><span style=\"color: #0000cc;\"><span style=\"font-family: Arial, serif;\"><span style=\"font-size: medium;\"><b>V\/K<\/b><\/span><\/span><\/span><span style=\"color: #0000cc;\"><sub><span style=\"font-family: Arial, serif;\"><span style=\"font-size: medium;\"><b>o<\/b><\/span><\/span><\/sub><\/span><span style=\"color: #0000cc;\"><span style=\"font-family: Arial, serif;\"><span style=\"font-size: medium;\"><b> = 1,0.10<\/b><\/span><\/span><\/span><span style=\"color: #0000cc;\"><sup><span style=\"font-family: Arial, serif;\"><span style=\"font-size: medium;\"><b>5<\/b><\/span><\/span><\/sup><\/span><span style=\"color: #0000cc;\"><span style=\"font-family: Arial, serif;\"><span style=\"font-size: medium;\"><b> C\/m.<\/b><\/span><\/span><\/span><\/p>\n<p><span style=\"color: #0000cc;\"><span style=\"font-family: Arial, serif;\"><span style=\"font-size: medium;\"><b>A<\/b><\/span><\/span><\/span><span style=\"font-family: Arial, serif;\"><span style=\"font-size: medium;\"><b> equa\u00e7\u00e3o fica <\/b><\/span><\/span><span style=\"color: #0000cc;\"><span style=\"font-family: Arial, serif;\"><span style=\"font-size: medium;\"><b>V\/K<\/b><\/span><\/span><\/span><span style=\"color: #0000cc;\"><sub><span style=\"font-family: Arial, serif;\"><span style=\"font-size: medium;\"><b>o<\/b><\/span><\/span><\/sub><\/span><span style=\"color: #0000cc;\"><span style=\"font-family: Arial, serif;\"><span style=\"font-size: medium;\"><b> = Q\/R<\/b><\/span><\/span><\/span><span style=\"font-family: Arial, serif;\"><span style=\"font-size: medium;\"><b> <img decoding=\"async\" src=\"http:\/\/fisicaevestibular.com.br\/novo\/wp-content\/uploads\/universidades-2015\/ueg\/i_15b2a3d3d494ea15_html_b320781b.png\" alt=\"\" width=\"14\" height=\"13\" name=\"Imagem 15\" align=\"BOTTOM\" border=\"0\" \/> 10<\/b><\/span><\/span><sup><span style=\"font-family: Arial, serif;\"><span style=\"font-size: medium;\"><b>5<\/b><\/span><\/span><\/sup><span style=\"font-family: Arial, serif;\"><span style=\"font-size: medium;\"><b> = Q\/0,2 <img loading=\"lazy\" decoding=\"async\" src=\"http:\/\/fisicaevestibular.com.br\/novo\/wp-content\/uploads\/universidades-2015\/ueg\/i_15b2a3d3d494ea15_html_b320781b.png\" alt=\"\" width=\"14\" height=\"13\" name=\"graphics1\" align=\"BOTTOM\" border=\"0\" \/> <\/b><\/span><\/span><span style=\"color: #0000cc;\"><span style=\"font-family: Arial, serif;\"><span style=\"font-size: medium;\"><b>Q <\/b><\/span><\/span><\/span><span style=\"font-family: Arial, serif;\"><span style=\"font-size: medium;\"><b>= 0,2.10<\/b><\/span><\/span><sup><span style=\"font-family: Arial, serif;\"><span style=\"font-size: medium;\"><b>5<\/b><\/span><\/span><\/sup><span style=\"font-family: Arial, serif;\"><span style=\"font-size: medium;\"><b> = 2.10<\/b><\/span><\/span><sup><span style=\"font-family: Arial, serif;\"><span style=\"font-size: medium;\"><b>-1<\/b><\/span><\/span><\/sup><span style=\"font-family: Arial, serif;\"><span style=\"font-size: medium;\"><b>.10<\/b><\/span><\/span><sup><span style=\"font-family: Arial, serif;\"><span style=\"font-size: medium;\"><b>5<\/b><\/span><\/span><\/sup><b> <\/b><span style=\"color: #0000cc;\"><span style=\"font-family: Arial, serif;\"><span style=\"font-size: medium;\"><b>= 2.10<\/b><\/span><\/span><\/span><span style=\"color: #0000cc;\"><sup><span style=\"font-family: Arial, serif;\"><span style=\"font-size: medium;\"><b>4<\/b><\/span><\/span><\/sup><\/span><span style=\"color: #0000cc;\"><span style=\"font-family: Arial, serif;\"><span style=\"font-size: medium;\"><b> C<\/b><\/span><\/span><\/span><span style=\"font-family: Arial, serif;\"><span style=\"font-size: medium;\"><b>.<\/b><\/span><\/span><\/p>\n<p><span style=\"color: #c00000;\"><span style=\"font-family: Arial, serif;\"><span style=\"font-size: medium;\"><b>R- A<\/b><\/span><\/span><\/span><\/p>\n<p>&nbsp;<\/p>\n<h3><a title=\"Exerc\u00edcios resolvidos da UEG 2015\" href=\"http:\/\/fisicaevestibular.com.br\/novo\/universidades-2015\/exercicios-resolvidos-da-ueg-2015\/\"><span style=\"color: #000080;\">Voltar para os Exerc\u00edcios<\/span><\/a><\/h3>\n","protected":false},"excerpt":{"rendered":"<p>Resolu\u00e7\u00f5es dos exerc\u00edcios do vestibular da UEG-GO-2015 01- Augustin-Jean Fresnel, f\u00edsico franc\u00eas, contribuiu significativamente para a teoria da \u00f3ptica ondulat\u00f3ria. Demonstrou experimentalmente a natureza ondulat\u00f3ria da luz e explicou os fen\u00f4menos da polariza\u00e7\u00e3o e da dupla refra\u00e7\u00e3o e muitos outros fen\u00f4menos \u00f3pticos. Tomas Young, antes mesmo de Maxwell, conseguiu provar que a luz tinha um car\u00e1ter ondulat\u00f3rio, por meio de<\/p>\n","protected":false},"author":1,"featured_media":0,"parent":1034,"menu_order":0,"comment_status":"closed","ping_status":"closed","template":"","meta":{"om_disable_all_campaigns":false,"_monsterinsights_skip_tracking":false,"_monsterinsights_sitenote_active":false,"_monsterinsights_sitenote_note":"","_monsterinsights_sitenote_category":0,"footnotes":""},"class_list":["post-1037","page","type-page","status-publish","hentry"],"aioseo_notices":[],"_links":{"self":[{"href":"https:\/\/fisicaevestibular.com.br\/novo\/wp-json\/wp\/v2\/pages\/1037","targetHints":{"allow":["GET"]}}],"collection":[{"href":"https:\/\/fisicaevestibular.com.br\/novo\/wp-json\/wp\/v2\/pages"}],"about":[{"href":"https:\/\/fisicaevestibular.com.br\/novo\/wp-json\/wp\/v2\/types\/page"}],"author":[{"embeddable":true,"href":"https:\/\/fisicaevestibular.com.br\/novo\/wp-json\/wp\/v2\/users\/1"}],"replies":[{"embeddable":true,"href":"https:\/\/fisicaevestibular.com.br\/novo\/wp-json\/wp\/v2\/comments?post=1037"}],"version-history":[{"count":2,"href":"https:\/\/fisicaevestibular.com.br\/novo\/wp-json\/wp\/v2\/pages\/1037\/revisions"}],"predecessor-version":[{"id":1040,"href":"https:\/\/fisicaevestibular.com.br\/novo\/wp-json\/wp\/v2\/pages\/1037\/revisions\/1040"}],"up":[{"embeddable":true,"href":"https:\/\/fisicaevestibular.com.br\/novo\/wp-json\/wp\/v2\/pages\/1034"}],"wp:attachment":[{"href":"https:\/\/fisicaevestibular.com.br\/novo\/wp-json\/wp\/v2\/media?parent=1037"}],"curies":[{"name":"wp","href":"https:\/\/api.w.org\/{rel}","templated":true}]}}