{"id":1034,"date":"2015-07-15T03:36:24","date_gmt":"2015-07-15T03:36:24","guid":{"rendered":"http:\/\/fisicaevestibular.com.br\/novo\/?page_id=1034"},"modified":"2024-09-02T17:39:17","modified_gmt":"2024-09-02T17:39:17","slug":"exercicios-resolvidos-da-ueg-2015","status":"publish","type":"page","link":"https:\/\/fisicaevestibular.com.br\/novo\/universidades-2015\/exercicios-resolvidos-da-ueg-2015\/","title":{"rendered":"Exerc\u00edcios resolvidos da UEG 2015"},"content":{"rendered":"<p align=\"CENTER\"><img decoding=\"async\" src=\"http:\/\/fisicaevestibular.com.br\/novo\/wp-content\/uploads\/universidades-2015\/ueg\/i_15b2a3d3d494ea15_html_d137382c.png\" alt=\"\" width=\"185\" height=\"134\" name=\"Imagem 21\" align=\"BOTTOM\" border=\"0\" \/><\/p>\n<p align=\"CENTER\"><span style=\"color: #0000cc;\"><span style=\"font-family: 'Viner Hand ITC', serif;\"><span style=\"font-size: large;\"><b>Universidade Estadual de<\/b><\/span><\/span><\/span><span style=\"color: #0000cc;\"><span style=\"font-family: 'Viner Hand ITC', serif;\"><span style=\"font-size: large;\"><b>\u00a0<\/b><\/span><\/span><\/span><a href=\"https:\/\/pt.wikipedia.org\/wiki\/Goi%C3%A1s\"><span style=\"color: #0000cc;\"><span style=\"font-family: 'Viner Hand ITC', serif;\"><span style=\"font-size: large;\"><b>Goi\u00e1s<\/b><\/span><\/span><\/span><\/a><span style=\"color: #0000cc;\"><span style=\"font-family: 'Viner Hand ITC', serif;\"><span style=\"font-size: large;\"><b>\u00a0<\/b><\/span><\/span><\/span><span style=\"color: #0000cc;\"><span style=\"font-family: 'Viner Hand ITC', serif;\"><span style=\"font-size: large;\"><b>(<\/b><\/span><\/span><\/span><span style=\"color: #0000cc;\"><span style=\"font-family: 'Viner Hand ITC', serif;\"><span style=\"font-size: large;\"><b>UEG<\/b><\/span><\/span><\/span><span style=\"color: #0000cc;\"><span style=\"font-family: 'Viner Hand ITC', serif;\"><span style=\"font-size: large;\"><b>) \u00e9 uma institui\u00e7\u00e3o<\/b><\/span><\/span><\/span><span style=\"color: #0000cc;\"><span style=\"font-family: 'Viner Hand ITC', serif;\"><span style=\"font-size: large;\"><b>\u00a0<\/b><\/span><\/span><\/span><a href=\"https:\/\/pt.wikipedia.org\/wiki\/Brasil\"><span style=\"color: #0000cc;\"><span style=\"font-family: 'Viner Hand ITC', serif;\"><span style=\"font-size: large;\"><b>brasileira<\/b><\/span><\/span><\/span><\/a><span style=\"color: #0000cc;\"><span style=\"font-family: 'Viner Hand ITC', serif;\"><span style=\"font-size: large;\"><b>\u00a0<\/b><\/span><\/span><\/span><span style=\"color: #0000cc;\"><span style=\"font-family: 'Viner Hand ITC', serif;\"><span style=\"font-size: large;\"><b>de ensino e pesquisa mantida pelo governo do estado de<\/b><\/span><\/span><\/span><span style=\"color: #0000cc;\"><span style=\"font-family: 'Viner Hand ITC', serif;\"><span style=\"font-size: large;\"><b>\u00a0<\/b><\/span><\/span><\/span><a href=\"https:\/\/pt.wikipedia.org\/wiki\/Goi%C3%A1s\"><span style=\"color: #0000cc;\"><span style=\"font-family: 'Viner Hand ITC', serif;\"><span style=\"font-size: large;\"><b>Goi\u00e1s<\/b><\/span><\/span><\/span><\/a><span style=\"color: #0000cc;\"><span style=\"font-family: 'Viner Hand ITC', serif;\"><span style=\"font-size: large;\"><b>. A UEG tem sede na cidade de<\/b><\/span><\/span><\/span><span style=\"color: #0000cc;\"><span style=\"font-family: 'Viner Hand ITC', serif;\"><span style=\"font-size: large;\"><b>\u00a0<\/b><\/span><\/span><\/span><a href=\"https:\/\/pt.wikipedia.org\/wiki\/An%C3%A1polis\"><span style=\"color: #0000cc;\"><span style=\"font-family: 'Viner Hand ITC', serif;\"><span style=\"font-size: large;\"><b>An\u00e1polis<\/b><\/span><\/span><\/span><\/a><span style=\"color: #0000cc;\"><span style=\"font-family: 'Viner Hand ITC', serif;\"><span style=\"font-size: large;\"><b>, al\u00e9m de manter edif\u00edcios em v\u00e1rias cidades do estado.<\/b><\/span><\/span><\/span><\/p>\n<p align=\"CENTER\"><span style=\"color: #0000cc;\"><span style=\"font-family: 'Viner Hand ITC', serif;\"><span style=\"font-size: large;\"><b>A UEG oferece 36 cursos em 37 cidades, perfazendo um total de 128 cursos de gradua\u00e7\u00e3o, sendo 19 cursos de tecnologia, 77 cursos de licenciatura e 32 cursos de bacharelado.<\/b><\/span><\/span><\/span><\/p>\n<p><span style=\"font-family: Arial, serif;\"><span style=\"font-size: medium;\"><b>Leia o texto a seguir para responder \u00e0s quest\u00f5es de <\/b><\/span><\/span><span style=\"font-family: Arial, serif;\"><span style=\"font-size: medium;\"><b>01 <\/b><\/span><\/span><span style=\"font-family: Arial, serif;\"><span style=\"font-size: medium;\"><b>a <\/b><\/span><\/span><span style=\"font-family: Arial, serif;\"><span style=\"font-size: medium;\"><b>03<\/b><\/span><\/span><span style=\"font-family: Arial, serif;\"><span style=\"font-size: medium;\"><b>.<\/b><\/span><\/span><\/p>\n<p><span style=\"font-family: Arial, serif;\"><span style=\"font-size: medium;\"><b>A UNESCO declarou que 2015 \u00e9 o Ano Internacional da Luz. Essa data coincide com v\u00e1rios trabalhos e tecnologias associadas \u00e0 luz. Algumas das <\/b><\/span><\/span><span style=\"color: #0000cc;\"><span style=\"font-family: Arial, serif;\"><span style=\"font-size: medium;\"><b>principais descobertas<\/b><\/span><\/span><\/span><span style=\"font-family: Arial, serif;\"><span style=\"font-size: medium;\"><b> s\u00e3o citadas a seguir:<\/b><\/span><\/span><\/p>\n<p><span style=\"color: #0000cc;\"><span style=\"font-family: Arial, serif;\"><span style=\"font-size: medium;\"><b>I. o comportamento ondulat\u00f3rio da Luz, por Augustin Jean Fresnel em 1815;<\/b><\/span><\/span><\/span><\/p>\n<p><span style=\"color: #0000cc;\"><span style=\"font-family: Arial, serif;\"><span style=\"font-size: medium;\"><b>II. a teoria eletromagn\u00e9tica, por James Clerk Maxwell em 1865;<\/b><\/span><\/span><\/span><\/p>\n<p><span style=\"color: #0000cc;\"><span style=\"font-family: Arial, serif;\"><span style=\"font-size: medium;\"><b>III. o efeito fotoel\u00e9trico, por Albert Einstein em 1905.<\/b><\/span><\/span><\/span><\/p>\n<p><span style=\"color: #c00000;\"><span style=\"font-family: 'Arial Black', serif;\"><span style=\"font-size: large;\"><b>01-(UEG-GO-015)<\/b><\/span><\/span><\/span><\/p>\n<p><img fetchpriority=\"high\" decoding=\"async\" src=\"http:\/\/fisicaevestibular.com.br\/novo\/wp-content\/uploads\/universidades-2015\/ueg\/i_15b2a3d3d494ea15_html_c274092e.png\" alt=\"\" width=\"606\" height=\"138\" name=\"Imagem 16\" align=\"BOTTOM\" border=\"0\" \/><\/p>\n<p><span style=\"font-family: Arial, serif;\"><span style=\"font-size: medium;\"><b>Um <\/b><\/span><\/span><span style=\"color: #0000cc;\"><span style=\"font-family: Arial, serif;\"><span style=\"font-size: medium;\"><b>experimento<\/b><\/span><\/span><\/span><span style=\"font-family: Arial, serif;\"><span style=\"font-size: medium;\"><b> que comprova o comportamento da luz <\/b><\/span><\/span><span style=\"color: #0000cc;\"><span style=\"font-family: Arial, serif;\"><span style=\"font-size: medium;\"><b>proposto por Fresnel<\/b><\/span><\/span><\/span><span style=\"font-family: Arial, serif;\"><span style=\"font-size: medium;\"><b> \u00e9 o<\/b><\/span><\/span><\/p>\n<p><span style=\"color: #0000cc;\"><span style=\"font-family: Arial, serif;\"><span style=\"font-size: medium;\"><b>a)<\/b><\/span><\/span><\/span><span style=\"font-family: Arial, serif;\"><span style=\"font-size: medium;\"><b> de Young, o fenda dupla.<\/b><\/span><\/span><\/p>\n<p><span style=\"color: #0000cc;\"><span style=\"font-family: Arial, serif;\"><span style=\"font-size: medium;\"><b>b)<\/b><\/span><\/span><\/span><span style=\"font-family: Arial, serif;\"><span style=\"font-size: medium;\"><b> de Bohr, o \u00e1tomo de Bohr.<\/b><\/span><\/span><\/p>\n<p><span style=\"color: #0000cc;\"><span style=\"font-family: Arial, serif;\"><span style=\"font-size: medium;\"><b>c)<\/b><\/span><\/span><\/span><span style=\"font-family: Arial, serif;\"><span style=\"font-size: medium;\"><b> de Compton, o efeito Compton.<\/b><\/span><\/span><\/p>\n<p><span style=\"color: #0000cc;\"><span style=\"font-family: Arial, serif;\"><span style=\"font-size: medium;\"><b>d)<\/b><\/span><\/span><\/span><span style=\"font-family: Arial, serif;\"><span style=\"font-size: medium;\"><b> de Einstein, no efeito fotoel\u00e9trico.<\/b><\/span><\/span><\/p>\n<p><span style=\"color: #c00000;\"><span style=\"font-family: 'Arial Black', serif;\"><span style=\"font-size: large;\"><b>02-(UEG-GO-015)<\/b><\/span><\/span><\/span><\/p>\n<p><img decoding=\"async\" src=\"http:\/\/fisicaevestibular.com.br\/novo\/wp-content\/uploads\/universidades-2015\/ueg\/i_15b2a3d3d494ea15_html_e6fac3c2.png\" alt=\"\" width=\"656\" height=\"154\" name=\"Imagem 17\" align=\"BOTTOM\" border=\"0\" \/><\/p>\n<p><span style=\"font-family: Arial, serif;\"><span style=\"font-size: medium;\"><b>Em que situa\u00e7\u00e3o os el\u00e9trons s\u00e3o ejetados da superf\u00edcie de um metal?<\/b><\/span><\/span><\/p>\n<p><span style=\"color: #0000cc;\"><span style=\"font-family: Arial, serif;\"><span style=\"font-size: medium;\"><b>a)<\/b><\/span><\/span><\/span><span style=\"font-family: Arial, serif;\"><span style=\"font-size: medium;\"><b> Com o ajuste de uma frequ\u00eancia moderada e alta intensidade da radia\u00e7\u00e3o.<\/b><\/span><\/span><\/p>\n<p><span style=\"color: #0000cc;\"><span style=\"font-family: Arial, serif;\"><span style=\"font-size: medium;\"><b>b)<\/b><\/span><\/span><\/span><span style=\"font-family: Arial, serif;\"><span style=\"font-size: medium;\"><b> Atrav\u00e9s de controle de baixas frequ\u00eancias para altas intensidades de radia\u00e7\u00e3o.<\/b><\/span><\/span><\/p>\n<p><span style=\"color: #0000cc;\"><span style=\"font-family: Arial, serif;\"><span style=\"font-size: medium;\"><b>c)<\/b><\/span><\/span><\/span><span style=\"font-family: Arial, serif;\"><span style=\"font-size: medium;\"><b> A partir de uma frequ\u00eancia m\u00ednima da radia\u00e7\u00e3o eletromagn\u00e9tica incidente.<\/b><\/span><\/span><\/p>\n<p><span style=\"color: #0000cc;\"><span style=\"font-family: Arial, serif;\"><span style=\"font-size: medium;\"><b>d)<\/b><\/span><\/span><\/span><span style=\"font-family: Arial, serif;\"><span style=\"font-size: medium;\"><b> Com o aumento crescente da intensidade da radia\u00e7\u00e3o eletromagn\u00e9tica no metal.<\/b><\/span><\/span><\/p>\n<p><span style=\"color: #c00000;\"><span style=\"font-family: 'Arial Black', serif;\"><span style=\"font-size: large;\"><b>03-(UEG-GO-015)<\/b><\/span><\/span><\/span><\/p>\n<p><img loading=\"lazy\" decoding=\"async\" src=\"http:\/\/fisicaevestibular.com.br\/novo\/wp-content\/uploads\/universidades-2015\/ueg\/i_15b2a3d3d494ea15_html_b57f756f.png\" alt=\"\" width=\"648\" height=\"155\" name=\"Imagem 18\" align=\"BOTTOM\" border=\"0\" \/><\/p>\n<p><span style=\"font-family: Arial, serif;\"><span style=\"font-size: medium;\"><b>Qual dos pensadores a seguir considerava que a luz era constitu\u00edda de corp\u00fasculos?<\/b><\/span><\/span><\/p>\n<p><span style=\"color: #0000cc;\"><span style=\"font-family: Arial, serif;\"><span style=\"font-size: medium;\"><span lang=\"en-US\"><b>a)<\/b><\/span><\/span><\/span><\/span><span style=\"font-family: Arial, serif;\"><span style=\"font-size: medium;\"><span lang=\"en-US\"><b> C\u00e9sar Lattes<\/b><\/span><\/span><\/span><\/p>\n<p><span style=\"color: #0000cc;\"><span style=\"font-family: Arial, serif;\"><span style=\"font-size: medium;\"><span lang=\"en-US\"><b>b)<\/b><\/span><\/span><\/span><\/span><span style=\"font-family: Arial, serif;\"><span style=\"font-size: medium;\"><span lang=\"en-US\"><b> Isaac Newton<\/b><\/span><\/span><\/span><\/p>\n<p><span style=\"color: #0000cc;\"><span style=\"font-family: Arial, serif;\"><span style=\"font-size: medium;\"><span lang=\"en-US\"><b>c)<\/b><\/span><\/span><\/span><\/span><span style=\"font-family: Arial, serif;\"><span style=\"font-size: medium;\"><span lang=\"en-US\"><b> Thomas Young<\/b><\/span><\/span><\/span><\/p>\n<p><span style=\"color: #0000cc;\"><span style=\"font-family: Arial, serif;\"><span style=\"font-size: medium;\"><span lang=\"en-US\"><b>d)<\/b><\/span><\/span><\/span><\/span><span style=\"font-family: Arial, serif;\"><span style=\"font-size: medium;\"><span lang=\"en-US\"><b> Christiaan Huygens<\/b><\/span><\/span><\/span><\/p>\n<p><span style=\"color: #c00000;\"><span style=\"font-family: 'Arial Black', serif;\"><span style=\"font-size: large;\"><b>04-(UEG-GO-015)<\/b><\/span><\/span><\/span><\/p>\n<p><img loading=\"lazy\" decoding=\"async\" src=\"http:\/\/fisicaevestibular.com.br\/novo\/wp-content\/uploads\/universidades-2015\/ueg\/i_15b2a3d3d494ea15_html_64c87ab8.png\" alt=\"\" width=\"736\" height=\"155\" name=\"Imagem 20\" align=\"BOTTOM\" border=\"0\" \/><\/p>\n<p><span style=\"font-family: Arial, serif;\"><span style=\"font-size: medium;\"><b>Considere uma <\/b><\/span><\/span><span style=\"color: #0000cc;\"><span style=\"font-family: Arial, serif;\"><span style=\"font-size: medium;\"><b>esfera condutora<\/b><\/span><\/span><\/span><span style=\"font-family: Arial, serif;\"><span style=\"font-size: medium;\"><b> carregada com <\/b><\/span><\/span><span style=\"color: #0000cc;\"><span style=\"font-family: Arial, serif;\"><span style=\"font-size: medium;\"><b>carga <\/b><\/span><\/span><\/span><span style=\"color: #0000cc;\"><span style=\"font-family: Arial, serif;\"><span style=\"font-size: medium;\"><i><b>Q<\/b><\/i><\/span><\/span><\/span><span style=\"font-family: Arial, serif;\"><span style=\"font-size: medium;\"><b>, que possua um <\/b><\/span><\/span><span style=\"color: #0000cc;\"><span style=\"font-family: Arial, serif;\"><span style=\"font-size: medium;\"><b>raio <\/b><\/span><\/span><\/span><span style=\"color: #0000cc;\"><span style=\"font-family: Arial, serif;\"><span style=\"font-size: medium;\"><i><b>R<\/b><\/i><\/span><\/span><\/span><span style=\"color: #0000cc;\"><span style=\"font-family: Arial, serif;\"><span style=\"font-size: medium;\"><b>.<\/b><\/span><\/span><\/span><span style=\"font-family: Arial, serif;\"><span style=\"font-size: medium;\"><b> O <\/b><\/span><\/span><span style=\"color: #0000cc;\"><span style=\"font-family: Arial, serif;\"><span style=\"font-size: medium;\"><b>potencial<\/b><\/span><\/span><\/span><b> <\/b><span style=\"color: #0000cc;\"><span style=\"font-family: Arial, serif;\"><span style=\"font-size: medium;\"><b>el\u00e9trico<\/b><\/span><\/span><\/span><b> <\/b><span style=\"color: #0000cc;\"><span style=\"font-family: Arial, serif;\"><span style=\"font-size: medium;\"><b>dividido pela constante eletrost\u00e1tica no v\u00e1cuo dessa esfera em fun\u00e7\u00e3o da dist\u00e2ncia <\/b><\/span><\/span><\/span><span style=\"color: #0000cc;\"><span style=\"font-family: Arial, serif;\"><span style=\"font-size: medium;\"><i><b>d<\/b><\/i><\/span><\/span><\/span><span style=\"color: #0000cc;\"><span style=\"font-family: Arial, serif;\"><span style=\"font-size: medium;\"><b>, medida a partir do seu centro<\/b><\/span><\/span><\/span><span style=\"font-family: Arial, serif;\"><span style=\"font-size: medium;\"><b>, est\u00e1 descrito no gr\u00e1fico a seguir.<\/b><\/span><\/span><\/p>\n<p><img loading=\"lazy\" decoding=\"async\" src=\"http:\/\/fisicaevestibular.com.br\/novo\/wp-content\/uploads\/universidades-2015\/ueg\/i_15b2a3d3d494ea15_html_83efdbca.png\" alt=\"\" width=\"328\" height=\"181\" name=\"Imagem 2\" align=\"BOTTOM\" border=\"0\" \/><\/p>\n<p><span style=\"font-family: Arial, serif;\"><span style=\"font-size: medium;\"><b>Qual \u00e9 o <\/b><\/span><\/span><span style=\"color: #0000cc;\"><span style=\"font-family: Arial, serif;\"><span style=\"font-size: medium;\"><b>valor da carga el\u00e9trica Q, em Coulomb?<\/b><\/span><\/span><\/span><b><\/b><\/p>\n<p><span style=\"font-family: Arial, serif;\"><span style=\"font-size: medium;\"><b>a) 2,0 x 10<\/b><\/span><\/span><sup><span style=\"font-family: Arial, serif;\"><span style=\"font-size: medium;\"><b>4<\/b><\/span><\/span><\/sup><span style=\"font-family: Arial, serif;\"><span style=\"font-size: medium;\"><b> b) 4,0 x 10<\/b><\/span><\/span><sup><span style=\"font-family: Arial, serif;\"><span style=\"font-size: medium;\"><b>3<\/b><\/span><\/span><\/sup><span style=\"font-family: Arial, serif;\"><span style=\"font-size: medium;\"><b> c) 0,5 x 10<\/b><\/span><\/span><sup><span style=\"font-family: Arial, serif;\"><span style=\"font-size: medium;\"><b>6<\/b><\/span><\/span><\/sup><span style=\"font-family: Arial, serif;\"><span style=\"font-size: medium;\"><b> d) 2,0 x 10<\/b><\/span><\/span><sup><span style=\"font-family: Arial, serif;\"><span style=\"font-size: medium;\"><b>6<\/b><\/span><\/span><\/sup><\/p>\n<p>&nbsp;<\/p>\n<h3><a title=\"Resolu\u00e7\u00e3o comentada da UEG 2015\" href=\"http:\/\/fisicaevestibular.com.br\/novo\/universidades-2015\/exercicios-resolvidos-da-ueg-2015\/resolucao-comentada-da-ueg-2015\/\"><span style=\"color: #000080;\">Confira a resolu\u00e7\u00e3o comentada<\/span><\/a><\/h3>\n","protected":false},"excerpt":{"rendered":"<p>Universidade Estadual de\u00a0Goi\u00e1s\u00a0(UEG) \u00e9 uma institui\u00e7\u00e3o\u00a0brasileira\u00a0de ensino e pesquisa mantida pelo governo do estado de\u00a0Goi\u00e1s. A UEG tem sede na cidade de\u00a0An\u00e1polis, al\u00e9m de manter edif\u00edcios em v\u00e1rias cidades do estado. A UEG oferece 36 cursos em 37 cidades, perfazendo um total de 128 cursos de gradua\u00e7\u00e3o, sendo 19 cursos de tecnologia, 77 cursos de licenciatura e 32 cursos de<\/p>\n","protected":false},"author":1,"featured_media":0,"parent":5,"menu_order":0,"comment_status":"closed","ping_status":"closed","template":"","meta":{"om_disable_all_campaigns":false,"_monsterinsights_skip_tracking":false,"_monsterinsights_sitenote_active":false,"_monsterinsights_sitenote_note":"","_monsterinsights_sitenote_category":0,"footnotes":""},"class_list":["post-1034","page","type-page","status-publish","hentry"],"aioseo_notices":[],"_links":{"self":[{"href":"https:\/\/fisicaevestibular.com.br\/novo\/wp-json\/wp\/v2\/pages\/1034","targetHints":{"allow":["GET"]}}],"collection":[{"href":"https:\/\/fisicaevestibular.com.br\/novo\/wp-json\/wp\/v2\/pages"}],"about":[{"href":"https:\/\/fisicaevestibular.com.br\/novo\/wp-json\/wp\/v2\/types\/page"}],"author":[{"embeddable":true,"href":"https:\/\/fisicaevestibular.com.br\/novo\/wp-json\/wp\/v2\/users\/1"}],"replies":[{"embeddable":true,"href":"https:\/\/fisicaevestibular.com.br\/novo\/wp-json\/wp\/v2\/comments?post=1034"}],"version-history":[{"count":3,"href":"https:\/\/fisicaevestibular.com.br\/novo\/wp-json\/wp\/v2\/pages\/1034\/revisions"}],"predecessor-version":[{"id":1039,"href":"https:\/\/fisicaevestibular.com.br\/novo\/wp-json\/wp\/v2\/pages\/1034\/revisions\/1039"}],"up":[{"embeddable":true,"href":"https:\/\/fisicaevestibular.com.br\/novo\/wp-json\/wp\/v2\/pages\/5"}],"wp:attachment":[{"href":"https:\/\/fisicaevestibular.com.br\/novo\/wp-json\/wp\/v2\/media?parent=1034"}],"curies":[{"name":"wp","href":"https:\/\/api.w.org\/{rel}","templated":true}]}}